{"id":223653,"date":"2025-12-08T16:51:31","date_gmt":"2025-12-08T15:51:31","guid":{"rendered":"https:\/\/dev.lediamant.ch\/configurateur-alliances\/"},"modified":"2026-02-27T09:07:42","modified_gmt":"2026-02-27T08:07:42","slug":"trauringe-konfigurator","status":"publish","type":"page","link":"https:\/\/dev.lediamant.ch\/de\/configurateur-alliances\/","title":{"rendered":"Trauringe Konfigurator"},"content":{"rendered":"<div class=\"gb-container gb-container-287a8d68 gb-container-default\">\n<div class=\"gb-container gb-container-ace8ffa9 gb-container-inside-default\">\n<div class=\"gb-container gb-container-b32d9b9c\">\n<h1 class=\"gb-headline gb-headline-af163135 gb-headline-text\" id=\"allianzkonfigurator\">Allianz-Konfigurator<\/h1>\n\n<h2 class=\"gb-headline gb-headline-a838459e gb-headline-text\" id=\"gestalten-sie-ihre-trauringe-nach-ihrem-eigenen-bild\">Gestalten Sie Ihre Trauringe nach Ihrem eigenen Bild<\/h2>\n\n\n<p>Mit unserem 3D-Konfigurator bieten wir Ihnen eine einzigartige Erfahrung der Personalisierung, um ma\u00dfgeschneiderte Trauringe zu kreieren, die perfekt zu Ihren Erwartungen passen.<\/p>\n\n\n\n<a class=\"gb-button gb-button-1e435676 gb-button-text gb-button-secondary open-wedding-rings-configurator\" href=\"#\" data-hystmodal=\"#modal-wedding-rings-configurator\">Konfigurieren Sie Ihre Ringe<\/a>\n\n<\/div>\n\n\n<figure class=\"gb-block-image gb-block-image-f84d4165\"><img loading=\"lazy\" decoding=\"async\" width=\"1200\" height=\"883\" class=\"gb-image gb-image-f84d4165\" src=\"https:\/\/dev.lediamant.ch\/wp-content\/uploads\/2025\/12\/configurateur-alliances.jpg\" alt=\"Tablet mit Anzeige der Website zum Verkauf von Ringen und Champagnergl\u00e4sern\" title=\"Trauring-Konfigurator\" srcset=\"https:\/\/dev.lediamant.ch\/wp-content\/uploads\/2025\/12\/configurateur-alliances.jpg 1200w, https:\/\/dev.lediamant.ch\/wp-content\/uploads\/2025\/12\/configurateur-alliances-300x221.jpg 300w, https:\/\/dev.lediamant.ch\/wp-content\/uploads\/2025\/12\/configurateur-alliances-1024x753.jpg 1024w, https:\/\/dev.lediamant.ch\/wp-content\/uploads\/2025\/12\/configurateur-alliances-768x565.jpg 768w, https:\/\/dev.lediamant.ch\/wp-content\/uploads\/2025\/12\/configurateur-alliances-600x442.jpg 600w, https:\/\/dev.lediamant.ch\/wp-content\/uploads\/2025\/12\/configurateur-alliances-400x294.jpg 400w, https:\/\/dev.lediamant.ch\/wp-content\/uploads\/2025\/12\/configurateur-alliances-64x47.jpg 64w\" sizes=\"auto, (max-width: 1200px) 100vw, 1200px\" \/><\/figure>\n\n<\/div>\n<\/div><div class=\"gb-container gb-container-a8807648 gb-container-default\">\n<div class=\"gb-container gb-container-c58acb4c gb-container-inside-default\">\n<div class=\"gb-headline gb-headline-c85af373 gb-headline-text\"><strong>Direkte \u00dcbersicht \u00fcber Ihre Allianzen<\/strong><\/div>\n\n<div class=\"gb-headline gb-headline-765d5848 gb-headline-text\"><strong>+100.000 m\u00f6gliche Kombinationen<\/strong><\/div>\n\n<div class=\"gb-headline gb-headline-61152822 gb-headline-text\"><strong>Wahl des Profils, der Abmessungen, der Diamanten, etc.<\/strong><\/div>\n\n<div class=\"gb-headline gb-headline-15a1fe34 gb-headline-text\"><strong>Anprobe Ihrer Modelle im Gesch\u00e4ft<\/strong><\/div>\n<\/div>\n<\/div><div class=\"gb-container gb-container-3eae64a5 gb-container-default\">\n<div class=\"gb-container gb-container-0bb3de4a gb-container-inside-default\">\n<div class=\"gb-container gb-container-38bc3a8b\">\n\n<figure class=\"gb-block-image gb-block-image-37a9836f\"><img loading=\"lazy\" decoding=\"async\" width=\"1200\" height=\"995\" class=\"gb-image gb-image-37a9836f\" src=\"https:\/\/dev.lediamant.ch\/wp-content\/uploads\/2025\/12\/configurer-vos-alliances.jpg\" alt=\"L\u00e4chelndes Paar, das ein Tablet auf dem Sofa benutzt\" title=\"Ihre Ringe konfigurieren\" srcset=\"https:\/\/dev.lediamant.ch\/wp-content\/uploads\/2025\/12\/configurer-vos-alliances.jpg 1200w, https:\/\/dev.lediamant.ch\/wp-content\/uploads\/2025\/12\/configurer-vos-alliances-300x249.jpg 300w, https:\/\/dev.lediamant.ch\/wp-content\/uploads\/2025\/12\/configurer-vos-alliances-1024x849.jpg 1024w, https:\/\/dev.lediamant.ch\/wp-content\/uploads\/2025\/12\/configurer-vos-alliances-768x637.jpg 768w, https:\/\/dev.lediamant.ch\/wp-content\/uploads\/2025\/12\/configurer-vos-alliances-600x498.jpg 600w, https:\/\/dev.lediamant.ch\/wp-content\/uploads\/2025\/12\/configurer-vos-alliances-400x332.jpg 400w, https:\/\/dev.lediamant.ch\/wp-content\/uploads\/2025\/12\/configurer-vos-alliances-64x53.jpg 64w\" sizes=\"auto, (max-width: 1200px) 100vw, 1200px\" \/><\/figure>\n\n<\/div>\n\n<div class=\"gb-container gb-container-20ac0e64\">\n<h2 class=\"gb-headline gb-headline-21c22a89 gb-headline-text\" id=\"wie-funktioniert-unser-onlinekonfigurator\">Wie funktioniert unser <mark style=\"background-color:rgba(0, 0, 0, 0)\" class=\"has-inline-color has-link-hover-color\">Online-Konfigurator<\/mark>?<\/h2>\n\n<h3 class=\"gb-headline gb-headline-9e1099d4\" id=\"erstellen-sie-ihre-allianzen\"><span class=\"gb-icon\"><svg xmlns=\"http:\/\/www.w3.org\/2000\/svg\" viewbox=\"0 0 32 32\"> <path d=\"M30 16C30 8.26801 23.732 2 16 2C8.26801 2 2 8.26801 2 16C2 23.732 8.26801 30 16 30C23.732 30 30 23.732 30 16ZM32 16C32 24.8366 24.8366 32 16 32C7.16344 32 0 24.8366 0 16C0 7.16344 7.16344 0 16 0C24.8366 0 32 7.16344 32 16Z\"><\/path> <path d=\"M14.5 10.5H17.348V21.044H15.636V12.148H14.5V10.5Z\"><\/path> <\/svg><\/span><span class=\"gb-headline-text\">Erstellen Sie Ihre Allianzen<\/span><\/h3>\n\n\n<p>W\u00e4hlen Sie zun\u00e4chst ein Modell aus der Kategorie &#8222;Design-Ringe&#8220;, das Ihnen gef\u00e4llt, und passen Sie es dann an: Material, Legierung, Gr\u00f6\u00dfe, Farbe, Diamanten, Gravuren - alles kann individuell angepasst werden, um Ihren Bed\u00fcrfnissen zu entsprechen.<\/p>\n\n\n<h3 class=\"gb-headline gb-headline-e84e5b05\" id=\"speichern-sie-ihren-konfigurationscode\"><span class=\"gb-icon\"><svg xmlns=\"http:\/\/www.w3.org\/2000\/svg\" viewbox=\"0 0 32 32\"> <path d=\"M30 16C30 8.26801 23.732 2 16 2C8.26801 2 2 8.26801 2 16C2 23.732 8.26801 30 16 30C23.732 30 30 23.732 30 16ZM32 16C32 24.8366 24.8366 32 16 32C7.16344 32 0 24.8366 0 16C0 7.16344 7.16344 0 16 0C24.8366 0 32 7.16344 32 16Z\"><\/path> <path d=\"M12.24 21.172C12.9013 20.5 13.5413 19.8493 14.16 19.22C14.7787 18.5907 15.3333 17.9773 15.824 17.38C16.3253 16.7827 16.7147 16.2067 16.992 15.652C17.28 15.0973 17.424 14.5587 17.424 14.036C17.424 13.716 17.3707 13.4387 17.264 13.204C17.168 12.9587 17.0293 12.7613 16.848 12.612C16.6667 12.452 16.464 12.3347 16.24 12.26C16.016 12.1747 15.776 12.132 15.52 12.132C15.1893 12.132 14.9067 12.1853 14.672 12.292C14.4373 12.3987 14.2453 12.5373 14.096 12.708C13.9573 12.868 13.8507 13.044 13.776 13.236C13.7013 13.428 13.664 13.62 13.664 13.812C13.664 14.164 13.7173 14.4787 13.824 14.756C13.9413 15.0333 14.096 15.2733 14.288 15.476L13.248 16.436C12.9813 16.276 12.752 16.0467 12.56 15.748C12.3787 15.4387 12.24 15.1133 12.144 14.772C12.048 14.4307 12 14.1267 12 13.86C12 13.2733 12.144 12.7293 12.432 12.228C12.7307 11.716 13.1627 11.3 13.728 10.98C14.304 10.66 14.9973 10.5 15.808 10.5C16.4907 10.5 17.0827 10.6547 17.584 10.964C18.096 11.2733 18.4907 11.6893 18.768 12.212C19.056 12.724 19.2 13.284 19.2 13.892C19.2 14.4147 19.0987 14.9267 18.896 15.428C18.6933 15.9293 18.4213 16.4253 18.08 16.916C17.7493 17.396 17.376 17.876 16.96 18.356C16.5547 18.8253 16.1493 19.3 15.744 19.78L14.976 19.524H19.504V21.172H12.24Z\"><\/path> <\/svg><\/span><span class=\"gb-headline-text\">Speichern Sie Ihren Konfigurationscode<\/span><\/h3>\n\n\n<p>Mit der Funktion &#8222;Drucken&#8220; k\u00f6nnen Sie den Code im PDF-Format herunterladen und speichern, um verschiedene Designs zu vergleichen.<\/p>\n\n\n<h3 class=\"gb-headline gb-headline-615ee78b\" id=\"probieren-sie-die-trauringmodelle-im-geschaeft-aus\"><span class=\"gb-icon\"><svg xmlns=\"http:\/\/www.w3.org\/2000\/svg\" viewbox=\"0 0 32 32\"> <path d=\"M30 16C30 8.26801 23.732 2 16 2C8.26801 2 2 8.26801 2 16C2 23.732 8.26801 30 16 30C23.732 30 30 23.732 30 16ZM32 16C32 24.8366 24.8366 32 16 32C7.16344 32 0 24.8366 0 16C0 7.16344 7.16344 0 16 0C24.8366 0 32 7.16344 32 16Z\"><\/path> <path d=\"M18.756 10.5L16.02 15.044L15.028 14.564C15.1667 14.4893 15.3107 14.436 15.46 14.404C15.62 14.372 15.78 14.356 15.94 14.356C16.3347 14.3453 16.7187 14.3933 17.092 14.5C17.4653 14.596 17.8013 14.772 18.1 15.028C18.3987 15.2733 18.6333 15.5987 18.804 16.004C18.9853 16.4093 19.076 16.9213 19.076 17.54C19.076 18.2867 18.9053 18.932 18.564 19.476C18.2227 20.02 17.7693 20.4413 17.204 20.74C16.6387 21.028 16.0147 21.172 15.332 21.172C14.8307 21.172 14.3133 21.0707 13.78 20.868C13.2573 20.6547 12.8307 20.372 12.5 20.02L13.38 18.612C13.572 18.8467 13.844 19.06 14.196 19.252C14.548 19.4333 14.916 19.524 15.3 19.524C15.6627 19.524 15.9933 19.444 16.292 19.284C16.6013 19.1133 16.8467 18.8733 17.028 18.564C17.22 18.244 17.316 17.8653 17.316 17.428C17.316 16.852 17.1453 16.3987 16.804 16.068C16.4733 15.7267 16.0093 15.556 15.412 15.556C15.1027 15.556 14.8467 15.5773 14.644 15.62C14.4413 15.6627 14.26 15.7107 14.1 15.764L14.036 15.716L16.404 11.924L16.916 12.132H13.172V10.5H18.756Z\"><\/path> <\/svg><\/span><span class=\"gb-headline-text\">Probieren Sie die Trauringmodelle im Gesch\u00e4ft aus<\/span><\/h3>\n\n\n<p>Wenn die Konfiguration abgeschlossen ist, vereinbaren Sie bitte einen Termin in einem Gesch\u00e4ft, damit wir die Gr\u00f6\u00dfen \u00fcberpr\u00fcfen und Sie bei Ihrer Wahl beraten k\u00f6nnen.<\/p>\n\n\n\n<a class=\"gb-button gb-button-b8bae98c gb-button-text gb-button-secondary open-wedding-rings-configurator\" href=\"#\" data-hystmodal=\"#modal-wedding-rings-configurator\">Konfigurieren Sie Ihre Ringe<\/a>\n\n<\/div>\n<\/div>\n<\/div><div class=\"gb-container gb-container-ed1c228b gb-container-inside-default\">\n<h2 class=\"gb-headline gb-headline-9fb735be gb-headline-text\" id=\"ihrer-personalisierung-sind-keine-grenzen-gesetzt\">Ihrer Personalisierung sind <mark style=\"background-color:rgba(0, 0, 0, 0)\" class=\"has-inline-color has-link-hover-color\">keine Grenzen<\/mark> gesetzt.<\/h2>\n\n<p class=\"gb-headline gb-headline-63449fef gb-headline-text\">Der Trauringkonfigurator kann mehr als nur ein paar Anpassungen vornehmen. Ausgehend von einem Modell, das Ihnen gef\u00e4llt, k\u00f6nnen Sie einzigartige Ringe kreieren, die ein Symbol Ihrer Verbindung sind. <\/p>\n\n<div class=\"gb-container gb-container-b889927f gb-container-inside-default home-product-categories\">\n<div class=\"gb-container gb-container-8ddfa8f0 home-product-category-wrapper square-container\">\n\n<figure class=\"gb-block-image gb-block-image-3d042c10\"><a href=\"https:\/\/dev.lediamant.ch\/de\/uhren\/?genre=mann\"><img loading=\"lazy\" decoding=\"async\" width=\"800\" height=\"607\" class=\"gb-image gb-image-3d042c10\" src=\"https:\/\/dev.lediamant.ch\/wp-content\/uploads\/2025\/12\/configurer-alliances-dimensions.jpg\" alt=\"Goldene Trauringe auf hellem Holz\" title=\"Allianzen konfigurieren Abmessungen\" srcset=\"https:\/\/dev.lediamant.ch\/wp-content\/uploads\/2025\/12\/configurer-alliances-dimensions.jpg 800w, https:\/\/dev.lediamant.ch\/wp-content\/uploads\/2025\/12\/configurer-alliances-dimensions-300x228.jpg 300w, https:\/\/dev.lediamant.ch\/wp-content\/uploads\/2025\/12\/configurer-alliances-dimensions-768x583.jpg 768w, https:\/\/dev.lediamant.ch\/wp-content\/uploads\/2025\/12\/configurer-alliances-dimensions-600x455.jpg 600w, https:\/\/dev.lediamant.ch\/wp-content\/uploads\/2025\/12\/configurer-alliances-dimensions-400x304.jpg 400w, https:\/\/dev.lediamant.ch\/wp-content\/uploads\/2025\/12\/configurer-alliances-dimensions-64x49.jpg 64w\" sizes=\"auto, (max-width: 800px) 100vw, 800px\" \/><\/a><\/figure>\n\n<\/div>\n\n<div class=\"gb-container gb-container-359ec482 home-product-category home-product-category-wrapper\">\n<h2 class=\"gb-headline gb-headline-4f41bc32 gb-headline-text\" id=\"die-abmessungen\">Die Abmessungen<\/h2>\n\n<div class=\"gb-headline gb-headline-aa241fd0 gb-headline-text\">W\u00e4hlen Sie die Breite und H\u00f6he des Eherings und die Gr\u00f6\u00dfe des Fingers.<\/div>\n<\/div>\n\n<div class=\"gb-container gb-container-a4177986 square-container home-product-category-wrapper\">\n\n<figure class=\"gb-block-image gb-block-image-7e64a455\"><a href=\"https:\/\/dev.lediamant.ch\/de\/uhren\/?genre=frau\"><img loading=\"lazy\" decoding=\"async\" width=\"800\" height=\"607\" class=\"gb-image gb-image-7e64a455\" src=\"https:\/\/dev.lediamant.ch\/wp-content\/uploads\/2025\/12\/configurer-alliances-matiere.jpg\" alt=\"Sechs ineinander verschlungene Ringe aus Gold und Silber\" title=\"Materialb\u00fcndel konfigurieren\" srcset=\"https:\/\/dev.lediamant.ch\/wp-content\/uploads\/2025\/12\/configurer-alliances-matiere.jpg 800w, https:\/\/dev.lediamant.ch\/wp-content\/uploads\/2025\/12\/configurer-alliances-matiere-300x228.jpg 300w, https:\/\/dev.lediamant.ch\/wp-content\/uploads\/2025\/12\/configurer-alliances-matiere-768x583.jpg 768w, https:\/\/dev.lediamant.ch\/wp-content\/uploads\/2025\/12\/configurer-alliances-matiere-600x455.jpg 600w, https:\/\/dev.lediamant.ch\/wp-content\/uploads\/2025\/12\/configurer-alliances-matiere-400x304.jpg 400w, https:\/\/dev.lediamant.ch\/wp-content\/uploads\/2025\/12\/configurer-alliances-matiere-64x49.jpg 64w\" sizes=\"auto, (max-width: 800px) 100vw, 800px\" \/><\/a><\/figure>\n\n<\/div>\n\n<div class=\"gb-container gb-container-a78f9e80 square-container home-product-category home-product-category-wrapper\">\n<h2 class=\"gb-headline gb-headline-3a4b7da1 gb-headline-text\" id=\"das-thema\">Das Thema<\/h2>\n\n<div class=\"gb-headline gb-headline-19b67dbe gb-headline-text\">W\u00e4hlen Sie den Typ des Traurings: einfarbig, zweifarbig, dreifarbig usw. sowie die Ausf\u00fchrung, die Farbe und den Feingehalt der Legierung. <\/div>\n<\/div>\n\n<div class=\"gb-container gb-container-117e78db square-container home-product-category home-product-category-wrapper\">\n<h2 class=\"gb-headline gb-headline-415112d9 gb-headline-text\" id=\"das-profil\">Das Profil<\/h2>\n\n<div class=\"gb-headline gb-headline-18ce5f48 gb-headline-text\">W\u00e4hlen Sie die Darstellung der Profile im Querschnitt.<\/div>\n<\/div>\n\n<div class=\"gb-container gb-container-62ec9c90 square-container home-product-category-wrapper\">\n\n<figure class=\"gb-block-image gb-block-image-c000abb5\"><a href=\"https:\/\/dev.lediamant.ch\/de\/schmuck\/?genre=frau\"><img loading=\"lazy\" decoding=\"async\" width=\"800\" height=\"607\" class=\"gb-image gb-image-c000abb5\" src=\"https:\/\/dev.lediamant.ch\/wp-content\/uploads\/2025\/12\/configurer-alliances-profil.jpg\" alt=\"Vier gl\u00e4nzende goldene Ringe auf Holz\" title=\"Profilallianzen einrichten\" srcset=\"https:\/\/dev.lediamant.ch\/wp-content\/uploads\/2025\/12\/configurer-alliances-profil.jpg 800w, https:\/\/dev.lediamant.ch\/wp-content\/uploads\/2025\/12\/configurer-alliances-profil-300x228.jpg 300w, https:\/\/dev.lediamant.ch\/wp-content\/uploads\/2025\/12\/configurer-alliances-profil-768x583.jpg 768w, https:\/\/dev.lediamant.ch\/wp-content\/uploads\/2025\/12\/configurer-alliances-profil-600x455.jpg 600w, https:\/\/dev.lediamant.ch\/wp-content\/uploads\/2025\/12\/configurer-alliances-profil-400x304.jpg 400w, https:\/\/dev.lediamant.ch\/wp-content\/uploads\/2025\/12\/configurer-alliances-profil-64x49.jpg 64w\" sizes=\"auto, (max-width: 800px) 100vw, 800px\" \/><\/a><\/figure>\n\n<\/div>\n\n<div class=\"gb-container gb-container-33125ce3 square-container home-product-category home-product-category-wrapper\">\n<h2 class=\"gb-headline gb-headline-7dec8ddf gb-headline-text\" id=\"rillen-und-kanten\">Rillen und Kanten<\/h2>\n\n<div class=\"gb-headline gb-headline-95d8a6be gb-headline-text\">W\u00e4hlen Sie nach Ihrer Inspiration die Rillen f\u00fcr den Mittelteil oder die R\u00e4nder, um die Aufmerksamkeit auf den Rand des Eherings zu lenken.<\/div>\n<\/div>\n\n<div class=\"gb-container gb-container-fe6fb59f square-container home-product-category-wrapper\">\n\n<figure class=\"gb-block-image gb-block-image-7b65f515\"><a href=\"https:\/\/dev.lediamant.ch\/de\/schmuck\/?genre=mann\"><img loading=\"lazy\" decoding=\"async\" width=\"800\" height=\"607\" class=\"gb-image gb-image-7b65f515\" src=\"https:\/\/dev.lediamant.ch\/wp-content\/uploads\/2025\/12\/configurer-alliances-rainure.jpg\" alt=\"F\u00fcnf vergoldete Ringe auf Holz\" title=\"Allianzen konfigurieren\" srcset=\"https:\/\/dev.lediamant.ch\/wp-content\/uploads\/2025\/12\/configurer-alliances-rainure.jpg 800w, https:\/\/dev.lediamant.ch\/wp-content\/uploads\/2025\/12\/configurer-alliances-rainure-300x228.jpg 300w, https:\/\/dev.lediamant.ch\/wp-content\/uploads\/2025\/12\/configurer-alliances-rainure-768x583.jpg 768w, https:\/\/dev.lediamant.ch\/wp-content\/uploads\/2025\/12\/configurer-alliances-rainure-600x455.jpg 600w, https:\/\/dev.lediamant.ch\/wp-content\/uploads\/2025\/12\/configurer-alliances-rainure-400x304.jpg 400w, https:\/\/dev.lediamant.ch\/wp-content\/uploads\/2025\/12\/configurer-alliances-rainure-64x49.jpg 64w\" sizes=\"auto, (max-width: 800px) 100vw, 800px\" \/><\/a><\/figure>\n\n<\/div>\n\n<div class=\"gb-container gb-container-66bb0cea square-container home-product-category-wrapper\">\n\n<figure class=\"gb-block-image gb-block-image-8820ff58\"><a href=\"https:\/\/dev.lediamant.ch\/de\/uhren\/?genre=mann\"><img loading=\"lazy\" decoding=\"async\" width=\"800\" height=\"607\" class=\"gb-image gb-image-8820ff58\" src=\"https:\/\/dev.lediamant.ch\/wp-content\/uploads\/2025\/12\/configurer-alliances-diamants.jpg\" alt=\"Zwei Eheringe aus Gold auf altem Holz\" title=\"Konfigurationen von Diamant-Trauringen\" srcset=\"https:\/\/dev.lediamant.ch\/wp-content\/uploads\/2025\/12\/configurer-alliances-diamants.jpg 800w, https:\/\/dev.lediamant.ch\/wp-content\/uploads\/2025\/12\/configurer-alliances-diamants-300x228.jpg 300w, https:\/\/dev.lediamant.ch\/wp-content\/uploads\/2025\/12\/configurer-alliances-diamants-768x583.jpg 768w, https:\/\/dev.lediamant.ch\/wp-content\/uploads\/2025\/12\/configurer-alliances-diamants-600x455.jpg 600w, https:\/\/dev.lediamant.ch\/wp-content\/uploads\/2025\/12\/configurer-alliances-diamants-400x304.jpg 400w, https:\/\/dev.lediamant.ch\/wp-content\/uploads\/2025\/12\/configurer-alliances-diamants-64x49.jpg 64w\" sizes=\"auto, (max-width: 800px) 100vw, 800px\" \/><\/a><\/figure>\n\n<\/div>\n\n<div class=\"gb-container gb-container-5e2d656c square-container home-product-category home-product-category-wrapper\">\n<h2 class=\"gb-headline gb-headline-109eb45f gb-headline-text\" id=\"die-diamanten\">Die Diamanten<\/h2>\n\n<div class=\"gb-headline gb-headline-25e4415d gb-headline-text\">W\u00e4hlen Sie die Art der Crimpung, die Gr\u00f6\u00dfe des Diamanten, die Menge, die Qualit\u00e4t und die Positionierung.<\/div>\n<\/div>\n\n<div class=\"gb-container gb-container-9ddfa8d7 square-container home-product-category-wrapper\">\n\n<figure class=\"gb-block-image gb-block-image-f633f859\"><a href=\"https:\/\/dev.lediamant.ch\/de\/uhren\/?genre=frau\"><img loading=\"lazy\" decoding=\"async\" width=\"800\" height=\"607\" class=\"gb-image gb-image-f633f859\" src=\"https:\/\/dev.lediamant.ch\/wp-content\/uploads\/2025\/12\/configurer-alliances-gravure.jpg\" alt=\"Zwei Eheringe aus Gold auf Holzschnitt\" title=\"Gravur Allianzen konfigurieren\" srcset=\"https:\/\/dev.lediamant.ch\/wp-content\/uploads\/2025\/12\/configurer-alliances-gravure.jpg 800w, https:\/\/dev.lediamant.ch\/wp-content\/uploads\/2025\/12\/configurer-alliances-gravure-300x228.jpg 300w, https:\/\/dev.lediamant.ch\/wp-content\/uploads\/2025\/12\/configurer-alliances-gravure-768x583.jpg 768w, https:\/\/dev.lediamant.ch\/wp-content\/uploads\/2025\/12\/configurer-alliances-gravure-600x455.jpg 600w, https:\/\/dev.lediamant.ch\/wp-content\/uploads\/2025\/12\/configurer-alliances-gravure-400x304.jpg 400w, https:\/\/dev.lediamant.ch\/wp-content\/uploads\/2025\/12\/configurer-alliances-gravure-64x49.jpg 64w\" sizes=\"auto, (max-width: 800px) 100vw, 800px\" \/><\/a><\/figure>\n\n<\/div>\n\n<div class=\"gb-container gb-container-703d8781 square-container home-product-category home-product-category-wrapper\">\n<h2 class=\"gb-headline gb-headline-7e9d1611 gb-headline-text\" id=\"die-gravuren\">Die Gravuren<\/h2>\n\n<div class=\"gb-headline gb-headline-23b65028 gb-headline-text\">W\u00e4hlen Sie die individuelle Gravur, den Text, das Symbol und die Typografie f\u00fcr jeden Trauring.<\/div>\n<\/div>\n<\/div>\n<\/div><div class=\"gb-container gb-container-4db9c7a4 gb-container-default\">\n<div class=\"gb-container gb-container-9d0d8995 gb-container-inside-default\">\n<div class=\"gb-container gb-container-2cda0bd8\">\n<h2 class=\"gb-headline gb-headline-69276f7f gb-headline-text\" id=\"waehlen-sie-in-unserem-shop\">W\u00e4hlen Sie in <mark style=\"background-color:rgba(0, 0, 0, 0)\" class=\"has-inline-color has-link-hover-color\">unserem Shop<\/mark><\/h2>\n\n\n<p>Lassen Sie sich von unseren Modellen inspirieren oder entwerfen Sie Ihre eigenen Trauringe mit Hilfe unseres 3D-Konfigurators, um Ihren Besuch optimal vorzubereiten.<\/p>\n\n\n\n<p>Sobald Sie die Trauringe Ihrer Tr\u00e4ume zusammengestellt haben, vergessen Sie bitte nicht, das PDF-Format Ihrer Konfiguration mit dem Code zu Ihrem Termin mitzubringen.<\/p>\n\n\n\n<p>Unsere Beraterinnen stehen Ihnen gerne zur Verf\u00fcgung, um Ihre Fragen zu beantworten und Sie bei der Auswahl Ihrer Trauringe zu unterst\u00fctzen.<\/p>\n\n\n\n<a class=\"gb-button gb-button-7012500f gb-button-text gb-button-secondary open-wedding-rings-configurator\" href=\"#\" data-hystmodal=\"#modal-wedding-rings-configurator\">Konfigurieren Sie Ihre Ringe<\/a>\n\n<\/div>\n\n\n<figure class=\"gb-block-image gb-block-image-4a4211d3\"><img loading=\"lazy\" decoding=\"async\" width=\"1280\" height=\"853\" class=\"gb-image gb-image-4a4211d3\" src=\"https:\/\/dev.lediamant.ch\/wp-content\/uploads\/2025\/12\/le-diamant-boutique.jpeg\" alt=\"Elegantes Interieur eines Juweliergesch\u00e4fts mit Hochzeitspostern\" title=\"le diamant boutique\" srcset=\"https:\/\/dev.lediamant.ch\/wp-content\/uploads\/2025\/12\/le-diamant-boutique.jpeg 1280w, https:\/\/dev.lediamant.ch\/wp-content\/uploads\/2025\/12\/le-diamant-boutique-300x200.jpeg 300w, https:\/\/dev.lediamant.ch\/wp-content\/uploads\/2025\/12\/le-diamant-boutique-1024x682.jpeg 1024w, https:\/\/dev.lediamant.ch\/wp-content\/uploads\/2025\/12\/le-diamant-boutique-768x512.jpeg 768w, https:\/\/dev.lediamant.ch\/wp-content\/uploads\/2025\/12\/le-diamant-boutique-600x400.jpeg 600w, https:\/\/dev.lediamant.ch\/wp-content\/uploads\/2025\/12\/le-diamant-boutique-400x267.jpeg 400w, https:\/\/dev.lediamant.ch\/wp-content\/uploads\/2025\/12\/le-diamant-boutique-64x43.jpeg 64w\" sizes=\"auto, (max-width: 1280px) 100vw, 1280px\" \/><\/figure>\n\n<\/div>\n<\/div><div class=\"gb-container gb-container-323492a1\" id=\"wedding-rings-configurator-holder\">\n\n<div id=\"metrix-configurator\" class=\"not-integrated\">\r\n  <div class=\"page-loader\">\r\n    <div class=\"loading-spinner\"><\/div>\r\n  <\/div>\r\n<\/div>\r\n<script type=\"text\/javascript\" src=\"https:\/\/konfigurator.breuning.de\/integration.js?jewelerId=6937de782b374e7d77499b9d\"><\/script>\n\n<\/div>","protected":false},"excerpt":{"rendered":"<p>Allianz-Konfigurator Gestalten Sie Ihre Trauringe nach Ihrem eigenen Bild Mit unserem 3D-Konfigurator bieten wir Ihnen eine einzigartige Erfahrung der Personalisierung, um ma\u00dfgeschneiderte Trauringe zu kreieren, die perfekt zu Ihren Erwartungen passen. Direkte \u00dcbersicht \u00fcber Ihre Allianzen +100.000 m\u00f6gliche Kombinationen Wahl des Profils, der Abmessungen, der Diamanten, etc. Anprobe Ihrer Modelle im Gesch\u00e4ft Wie funktioniert unser &#8230; <a title=\"Trauringe Konfigurator\" class=\"read-more\" href=\"https:\/\/dev.lediamant.ch\/de\/configurateur-alliances\/\" aria-label=\"Mehr Informationen \u00fcber Trauringe Konfigurator\">Weiterlesen &#8230;<\/a><\/p>\n","protected":false},"author":1,"featured_media":0,"parent":0,"menu_order":0,"comment_status":"closed","ping_status":"closed","template":"","meta":{"_acf_changed":false,"_seopress_robots_primary_cat":"","_seopress_titles_title":"","_seopress_titles_desc":"","_seopress_robots_index":"","footnotes":""},"categories":[],"class_list":["post-223653","page","type-page","status-publish"],"acf":[],"_links":{"self":[{"href":"https:\/\/dev.lediamant.ch\/de\/wp-json\/wp\/v2\/pages\/223653","targetHints":{"allow":["GET"]}}],"collection":[{"href":"https:\/\/dev.lediamant.ch\/de\/wp-json\/wp\/v2\/pages"}],"about":[{"href":"https:\/\/dev.lediamant.ch\/de\/wp-json\/wp\/v2\/types\/page"}],"author":[{"embeddable":true,"href":"https:\/\/dev.lediamant.ch\/de\/wp-json\/wp\/v2\/users\/1"}],"replies":[{"embeddable":true,"href":"https:\/\/dev.lediamant.ch\/de\/wp-json\/wp\/v2\/comments?post=223653"}],"version-history":[{"count":7,"href":"https:\/\/dev.lediamant.ch\/de\/wp-json\/wp\/v2\/pages\/223653\/revisions"}],"predecessor-version":[{"id":224407,"href":"https:\/\/dev.lediamant.ch\/de\/wp-json\/wp\/v2\/pages\/223653\/revisions\/224407"}],"wp:attachment":[{"href":"https:\/\/dev.lediamant.ch\/de\/wp-json\/wp\/v2\/media?parent=223653"}],"wp:term":[{"taxonomy":"category","embeddable":true,"href":"https:\/\/dev.lediamant.ch\/de\/wp-json\/wp\/v2\/categories?post=223653"}],"curies":[{"name":"wp","href":"https:\/\/api.w.org\/{rel}","templated":true}]}}