{"id":81592,"date":"2023-03-01T09:58:39","date_gmt":"2023-03-01T08:58:39","guid":{"rendered":"https:\/\/dev.lediamant.ch\/marken\/"},"modified":"2023-05-24T10:47:07","modified_gmt":"2023-05-24T08:47:07","slug":"marken","status":"publish","type":"page","link":"https:\/\/dev.lediamant.ch\/de\/marken\/","title":{"rendered":"Marken"},"content":{"rendered":"<div class=\"gb-container gb-container-43be11fb\" id=\"brand-page\">\n<h1 class=\"gb-headline gb-headline-480217f7 gb-headline-text\" id=\"marken\">Marken<\/h1>\n\n<div class='brands-list'><div class='brand'><a href='https:\/\/dev.lediamant.ch\/de\/brand\/aerowatch-de\/'><img loading=\"lazy\" decoding=\"async\" width=\"600\" height=\"338\" src=\"https:\/\/dev.lediamant.ch\/wp-content\/uploads\/2023\/06\/aerowatch-logo.png\" class=\"attachment-medium_large size-medium_large\" alt=\"Aerowatch\" srcset=\"https:\/\/dev.lediamant.ch\/wp-content\/uploads\/2023\/06\/aerowatch-logo.png 600w, https:\/\/dev.lediamant.ch\/wp-content\/uploads\/2023\/06\/aerowatch-logo-400x225.png 400w, https:\/\/dev.lediamant.ch\/wp-content\/uploads\/2023\/06\/aerowatch-logo-64x36.png 64w, https:\/\/dev.lediamant.ch\/wp-content\/uploads\/2023\/06\/aerowatch-logo-300x169.png 300w\" sizes=\"auto, (max-width: 600px) 100vw, 600px\" \/><\/a><\/div><div class='brand'><a href='https:\/\/dev.lediamant.ch\/de\/brand\/balmain-de\/'><img loading=\"lazy\" decoding=\"async\" width=\"600\" height=\"145\" src=\"https:\/\/dev.lediamant.ch\/wp-content\/uploads\/2023\/06\/balmain-logo.png\" class=\"attachment-medium_large size-medium_large\" alt=\"\" srcset=\"https:\/\/dev.lediamant.ch\/wp-content\/uploads\/2023\/06\/balmain-logo.png 600w, https:\/\/dev.lediamant.ch\/wp-content\/uploads\/2023\/06\/balmain-logo-400x97.png 400w, https:\/\/dev.lediamant.ch\/wp-content\/uploads\/2023\/06\/balmain-logo-64x15.png 64w, https:\/\/dev.lediamant.ch\/wp-content\/uploads\/2023\/06\/balmain-logo-300x73.png 300w\" sizes=\"auto, (max-width: 600px) 100vw, 600px\" \/><\/a><\/div><div class='brand'><a href='https:\/\/dev.lediamant.ch\/de\/brand\/claudemeylan-de\/'><img loading=\"lazy\" decoding=\"async\" width=\"492\" height=\"102\" src=\"https:\/\/dev.lediamant.ch\/wp-content\/uploads\/2023\/06\/claude-meylan.png\" class=\"attachment-medium_large size-medium_large\" alt=\"\" srcset=\"https:\/\/dev.lediamant.ch\/wp-content\/uploads\/2023\/06\/claude-meylan.png 492w, https:\/\/dev.lediamant.ch\/wp-content\/uploads\/2023\/06\/claude-meylan-400x83.png 400w, https:\/\/dev.lediamant.ch\/wp-content\/uploads\/2023\/06\/claude-meylan-64x13.png 64w, https:\/\/dev.lediamant.ch\/wp-content\/uploads\/2023\/06\/claude-meylan-300x62.png 300w\" sizes=\"auto, (max-width: 492px) 100vw, 492px\" \/><\/a><\/div><div class='brand'><a href='https:\/\/dev.lediamant.ch\/de\/brand\/diamonds-jewellery-de\/'><img loading=\"lazy\" decoding=\"async\" width=\"360\" height=\"140\" src=\"https:\/\/dev.lediamant.ch\/wp-content\/uploads\/2026\/03\/3.png\" class=\"attachment-medium_large size-medium_large\" alt=\"collection de bijoux avec diamants en vente \u00e0 la bijouterie Le Diamant et sur lediamant.ch d\u00e9taillant sp\u00e9cialis\u00e9 \u00e0 La Chaux-de-Fonds depuis 1964\" srcset=\"https:\/\/dev.lediamant.ch\/wp-content\/uploads\/2026\/03\/3.png 360w, https:\/\/dev.lediamant.ch\/wp-content\/uploads\/2026\/03\/3-300x117.png 300w, https:\/\/dev.lediamant.ch\/wp-content\/uploads\/2026\/03\/3-64x25.png 64w\" sizes=\"auto, (max-width: 360px) 100vw, 360px\" \/><\/a><\/div><div class='brand'><a href='https:\/\/dev.lediamant.ch\/de\/brand\/gold-jewellery-de\/'><img loading=\"lazy\" decoding=\"async\" width=\"360\" height=\"140\" src=\"https:\/\/dev.lediamant.ch\/wp-content\/uploads\/2025\/05\/gold-jewellery-bijouterie-le-diamant.ch_-2.jpg\" class=\"attachment-medium_large size-medium_large\" alt=\"\" srcset=\"https:\/\/dev.lediamant.ch\/wp-content\/uploads\/2025\/05\/gold-jewellery-bijouterie-le-diamant.ch_-2.jpg 360w, https:\/\/dev.lediamant.ch\/wp-content\/uploads\/2025\/05\/gold-jewellery-bijouterie-le-diamant.ch_-2-300x117.jpg 300w, https:\/\/dev.lediamant.ch\/wp-content\/uploads\/2025\/05\/gold-jewellery-bijouterie-le-diamant.ch_-2-64x25.jpg 64w\" sizes=\"auto, (max-width: 360px) 100vw, 360px\" \/><\/a><\/div><div class='brand'><a href='https:\/\/dev.lediamant.ch\/de\/brand\/h992-de\/'><img loading=\"lazy\" decoding=\"async\" width=\"768\" height=\"366\" src=\"https:\/\/dev.lediamant.ch\/wp-content\/uploads\/2023\/06\/h992-768x366.png\" class=\"attachment-medium_large size-medium_large\" alt=\"\" srcset=\"https:\/\/dev.lediamant.ch\/wp-content\/uploads\/2023\/06\/h992-768x366.png 768w, https:\/\/dev.lediamant.ch\/wp-content\/uploads\/2023\/06\/h992-600x286.png 600w, https:\/\/dev.lediamant.ch\/wp-content\/uploads\/2023\/06\/h992-400x191.png 400w, https:\/\/dev.lediamant.ch\/wp-content\/uploads\/2023\/06\/h992-64x31.png 64w, https:\/\/dev.lediamant.ch\/wp-content\/uploads\/2023\/06\/h992-300x143.png 300w, https:\/\/dev.lediamant.ch\/wp-content\/uploads\/2023\/06\/h992-1024x488.png 1024w, https:\/\/dev.lediamant.ch\/wp-content\/uploads\/2023\/06\/h992-1536x732.png 1536w, https:\/\/dev.lediamant.ch\/wp-content\/uploads\/2023\/06\/h992-2048x977.png 2048w\" sizes=\"auto, (max-width: 768px) 100vw, 768px\" \/><\/a><\/div><div class='brand'><a href='https:\/\/dev.lediamant.ch\/de\/brand\/hamilton-de\/'><img loading=\"lazy\" decoding=\"async\" width=\"768\" height=\"197\" src=\"https:\/\/dev.lediamant.ch\/wp-content\/uploads\/2023\/08\/hamilton-logo.png\" class=\"attachment-medium_large size-medium_large\" alt=\"Hamilton\" \/><\/a><\/div><div class='brand'><a href='https:\/\/dev.lediamant.ch\/de\/brand\/mauricelacroix-de\/'><img loading=\"lazy\" decoding=\"async\" width=\"600\" height=\"250\" src=\"https:\/\/dev.lediamant.ch\/wp-content\/uploads\/2023\/06\/maurice-lacroix.png\" class=\"attachment-medium_large size-medium_large\" alt=\"\" srcset=\"https:\/\/dev.lediamant.ch\/wp-content\/uploads\/2023\/06\/maurice-lacroix.png 600w, https:\/\/dev.lediamant.ch\/wp-content\/uploads\/2023\/06\/maurice-lacroix-400x167.png 400w, https:\/\/dev.lediamant.ch\/wp-content\/uploads\/2023\/06\/maurice-lacroix-64x27.png 64w, https:\/\/dev.lediamant.ch\/wp-content\/uploads\/2023\/06\/maurice-lacroix-300x125.png 300w\" sizes=\"auto, (max-width: 600px) 100vw, 600px\" \/><\/a><\/div><div class='brand'><a href='https:\/\/dev.lediamant.ch\/de\/brand\/silver-jewellery-de\/'><img loading=\"lazy\" decoding=\"async\" width=\"360\" height=\"140\" src=\"https:\/\/dev.lediamant.ch\/wp-content\/uploads\/2026\/03\/2.png\" class=\"attachment-medium_large size-medium_large\" alt=\"Collection de bijoux en argent disponible \u00e0 la bijouterie Le Diamant \u00e0 La Chaux-de-Fonds ainsi que sur lediamant.ch\" srcset=\"https:\/\/dev.lediamant.ch\/wp-content\/uploads\/2026\/03\/2.png 360w, https:\/\/dev.lediamant.ch\/wp-content\/uploads\/2026\/03\/2-300x117.png 300w, https:\/\/dev.lediamant.ch\/wp-content\/uploads\/2026\/03\/2-64x25.png 64w\" sizes=\"auto, (max-width: 360px) 100vw, 360px\" \/><\/a><\/div><div class='brand'><a href='https:\/\/dev.lediamant.ch\/de\/brand\/steel-jewellery-de\/'><img loading=\"lazy\" decoding=\"async\" width=\"360\" height=\"140\" src=\"https:\/\/dev.lediamant.ch\/wp-content\/uploads\/2026\/03\/2-1.png\" class=\"attachment-medium_large size-medium_large\" alt=\"Collection de bijoux en acier disponible \u00e0 la Bijouterie Le Diamant \u00e0 La Chaux-de-Fonds ainsi que sur le site lediamant.ch\" srcset=\"https:\/\/dev.lediamant.ch\/wp-content\/uploads\/2026\/03\/2-1.png 360w, https:\/\/dev.lediamant.ch\/wp-content\/uploads\/2026\/03\/2-1-300x117.png 300w, https:\/\/dev.lediamant.ch\/wp-content\/uploads\/2026\/03\/2-1-64x25.png 64w\" sizes=\"auto, (max-width: 360px) 100vw, 360px\" \/><\/a><\/div><div class='brand'><a href='https:\/\/dev.lediamant.ch\/de\/brand\/tissot-de\/'><img loading=\"lazy\" decoding=\"async\" width=\"768\" height=\"755\" src=\"https:\/\/dev.lediamant.ch\/wp-content\/uploads\/2024\/03\/tissot-le-diamant-la-chaux-de-fonds.jpg\" class=\"attachment-medium_large size-medium_large\" alt=\"Logo Tissot Le Diamant horlogerie suisse depuis 1853\" \/><\/a><\/div><div class='brand'><a href='https:\/\/dev.lediamant.ch\/de\/brand\/watch-kits\/'><img loading=\"lazy\" decoding=\"async\" width=\"360\" height=\"140\" src=\"https:\/\/dev.lediamant.ch\/wp-content\/uploads\/2026\/03\/4-2.png\" class=\"attachment-medium_large size-medium_large\" alt=\"KITS DE MONTRE A MONTER SOIS-MEME POUR ADULTES ET POUR ENFANTS EN VENTE SUR LEDIAMANT.CH\" srcset=\"https:\/\/dev.lediamant.ch\/wp-content\/uploads\/2026\/03\/4-2.png 360w, https:\/\/dev.lediamant.ch\/wp-content\/uploads\/2026\/03\/4-2-300x117.png 300w, https:\/\/dev.lediamant.ch\/wp-content\/uploads\/2026\/03\/4-2-64x25.png 64w\" sizes=\"auto, (max-width: 360px) 100vw, 360px\" \/><\/a><\/div><\/div>\n\n<\/div>","protected":false},"excerpt":{"rendered":"<p>Marken<\/p>\n","protected":false},"author":1,"featured_media":0,"parent":0,"menu_order":0,"comment_status":"closed","ping_status":"closed","template":"","meta":{"_acf_changed":false,"_seopress_robots_primary_cat":"","_seopress_titles_title":"","_seopress_titles_desc":"","_seopress_robots_index":"","footnotes":""},"categories":[],"class_list":["post-81592","page","type-page","status-publish"],"acf":[],"_links":{"self":[{"href":"https:\/\/dev.lediamant.ch\/de\/wp-json\/wp\/v2\/pages\/81592","targetHints":{"allow":["GET"]}}],"collection":[{"href":"https:\/\/dev.lediamant.ch\/de\/wp-json\/wp\/v2\/pages"}],"about":[{"href":"https:\/\/dev.lediamant.ch\/de\/wp-json\/wp\/v2\/types\/page"}],"author":[{"embeddable":true,"href":"https:\/\/dev.lediamant.ch\/de\/wp-json\/wp\/v2\/users\/1"}],"replies":[{"embeddable":true,"href":"https:\/\/dev.lediamant.ch\/de\/wp-json\/wp\/v2\/comments?post=81592"}],"version-history":[{"count":1,"href":"https:\/\/dev.lediamant.ch\/de\/wp-json\/wp\/v2\/pages\/81592\/revisions"}],"predecessor-version":[{"id":81593,"href":"https:\/\/dev.lediamant.ch\/de\/wp-json\/wp\/v2\/pages\/81592\/revisions\/81593"}],"wp:attachment":[{"href":"https:\/\/dev.lediamant.ch\/de\/wp-json\/wp\/v2\/media?parent=81592"}],"wp:term":[{"taxonomy":"category","embeddable":true,"href":"https:\/\/dev.lediamant.ch\/de\/wp-json\/wp\/v2\/categories?post=81592"}],"curies":[{"name":"wp","href":"https:\/\/api.w.org\/{rel}","templated":true}]}}