{"id":119089,"date":"2020-03-16T11:30:20","date_gmt":"2020-03-16T10:30:20","guid":{"rendered":"https:\/\/dev.lediamant.ch\/produit\/schmuck-de\/anhanger-de\/engel-anhaenger-de\/engel-anhanger-750-weissgold-geschliffen\/"},"modified":"2024-03-15T13:09:25","modified_gmt":"2024-03-15T12:09:25","slug":"engel-anhanger-gold-grau-750-sand","status":"publish","type":"product","link":"https:\/\/dev.lediamant.ch\/de\/schmuck\/119089-anhaenger-aus-750-18-ct-weissgold-schutzengel-ame2024\/","title":{"rendered":"Anh\u00e4nger aus 750\/18ct Wei\u00dfgold, Schutzengel"},"content":{"rendered":"<p>Entdecken Sie den g\u00f6ttlichen Schutz mit unserem wundersch\u00f6nen Anh\u00e4nger aus 750\/18ct Wei\u00dfgold. das einen Schutzengel darstellt. Sein satiniertes Finish verleiht diesem au\u00dfergew\u00f6hnlichen St\u00fcck einen subtilen Hauch von Eleganz. Ob als Symbol f\u00fcr pers\u00f6nlichen Trost oder als inspirierendes Geschenk f\u00fcr einen geliebten Menschen, dieser Anh\u00e4nger verk\u00f6rpert zeitlose Sch\u00f6nheit und himmlischen Schutz. Tragen Sie ihn mit Stolz und lassen Sie sich im Alltag von seiner wohlwollenden Aura umh\u00fcllen.<\/p>\n","protected":false},"excerpt":{"rendered":"<p>Entdecken Sie den g\u00f6ttlichen Schutz mit unserem wundersch\u00f6nen Anh\u00e4nger aus 750\/18ct Wei\u00dfgold. das einen Schutzengel darstellt. Sein satiniertes Finish verleiht diesem au\u00dfergew\u00f6hnlichen St\u00fcck einen subtilen Hauch von Eleganz. Ob als Symbol f\u00fcr pers\u00f6nlichen Trost oder als inspirierendes Geschenk f\u00fcr einen geliebten Menschen, dieser Anh\u00e4nger verk\u00f6rpert zeitlose Sch\u00f6nheit und himmlischen Schutz. Tragen Sie ihn mit Stolz &#8230; <a title=\"Anh\u00e4nger aus 750\/18ct Wei\u00dfgold, Schutzengel\" class=\"read-more\" href=\"https:\/\/dev.lediamant.ch\/de\/schmuck\/119089-anhaenger-aus-750-18-ct-weissgold-schutzengel-ame2024\/\" aria-label=\"Mehr Informationen \u00fcber Anh\u00e4nger aus 750\/18ct Wei\u00dfgold, Schutzengel\">Weiterlesen &#8230;<\/a><\/p>\n","protected":false},"featured_media":210689,"template":"","meta":{"_acf_changed":false,"_seopress_robots_primary_cat":"none","_seopress_titles_title":"%%post_title%% %%sep%% %%sitetitle%%.ch","_seopress_titles_desc":"Entdecken Sie our 750\/18ct Wei\u00dfgold Schutzengel Anh\u00e4nger. Ein Symbol von Komfort und himmlischem Schutz mit einem Hauch von Eleganz. Ein inspirierendes Geschenk f\u00fcr Ihre Lieben.","_seopress_robots_index":""},"brand":[27089],"product_brand":[],"product_cat":[27121,27371],"product_tag":[],"class_list":{"0":"post-119089","1":"product","2":"type-product","3":"status-publish","4":"has-post-thumbnail","6":"brand-gold-jewellery-de","7":"product_cat-schmuck","8":"product_cat-engel-anhanger","9":"pa_dimensions-17-mm","10":"pa_garantie-12monate","11":"pa_genre-mann","12":"pa_genre-frau","13":"pa_genre-kind","14":"pa_matiere-75018ktweissgold","15":"pa_motif-engel","16":"sales-flash-overlay","17":"woocommerce-text-align-center","18":"woocommerce-image-align-center","19":"do-quantity-buttons","21":"first","22":"outofstock","23":"taxable","24":"shipping-taxable","25":"purchasable","26":"product-type-simple"},"acf":[],"_links":{"self":[{"href":"https:\/\/dev.lediamant.ch\/de\/wp-json\/wp\/v2\/product\/119089","targetHints":{"allow":["GET"]}}],"collection":[{"href":"https:\/\/dev.lediamant.ch\/de\/wp-json\/wp\/v2\/product"}],"about":[{"href":"https:\/\/dev.lediamant.ch\/de\/wp-json\/wp\/v2\/types\/product"}],"wp:featuredmedia":[{"embeddable":true,"href":"https:\/\/dev.lediamant.ch\/de\/wp-json\/wp\/v2\/media\/210689"}],"wp:attachment":[{"href":"https:\/\/dev.lediamant.ch\/de\/wp-json\/wp\/v2\/media?parent=119089"}],"wp:term":[{"taxonomy":"brand","embeddable":true,"href":"https:\/\/dev.lediamant.ch\/de\/wp-json\/wp\/v2\/brand?post=119089"},{"taxonomy":"product_brand","embeddable":true,"href":"https:\/\/dev.lediamant.ch\/de\/wp-json\/wp\/v2\/product_brand?post=119089"},{"taxonomy":"product_cat","embeddable":true,"href":"https:\/\/dev.lediamant.ch\/de\/wp-json\/wp\/v2\/product_cat?post=119089"},{"taxonomy":"product_tag","embeddable":true,"href":"https:\/\/dev.lediamant.ch\/de\/wp-json\/wp\/v2\/product_tag?post=119089"}],"curies":[{"name":"wp","href":"https:\/\/api.w.org\/{rel}","templated":true}]}}