{"id":119151,"date":"2020-03-16T11:30:29","date_gmt":"2020-03-16T10:30:29","guid":{"rendered":"https:\/\/dev.lediamant.ch\/produit\/schmuck-de\/anhanger-de\/religioese-anhaenger-de\/anhaenger-davidstern-weissgold-75018ct\/"},"modified":"2025-04-30T13:45:00","modified_gmt":"2025-04-30T11:45:00","slug":"anhaenger-avid-stern-weissgold-75018ct","status":"publish","type":"product","link":"https:\/\/dev.lediamant.ch\/de\/schmuck\/119151-anhaenger-davidstern-weissgold-75018ct\/","title":{"rendered":"Anh\u00e4nger Davidstern 750\/18ct Wei\u00dfgold."},"content":{"rendered":"<p>Dieser elegante Davidstern-Anh\u00e4nger ist aus feinstem 750\/18ct Wei\u00dfgold gefertigt und bietet einen au\u00dfergew\u00f6hnlichen Glanz und Haltbarkeit. Das klassische und zeitlose Design des Davidsterns macht diesen Anh\u00e4nger zu einer perfekten Wahl, um Ihren Glauben und Ihr Erbe stilvoll zum Ausdruck zu bringen. Er ist diskret genug, um jeden Tag getragen zu werden, aber markant genug, um aufzufallen. Setzen Sie mit diesem wundersch\u00f6nen Anh\u00e4nger aus Wei\u00dfgold ein Statement von Raffinesse und Eleganz.<\/p>\n","protected":false},"excerpt":{"rendered":"<p>Dieser elegante Davidstern-Anh\u00e4nger ist aus feinstem 750\/18ct Wei\u00dfgold gefertigt und bietet einen au\u00dfergew\u00f6hnlichen Glanz und Haltbarkeit. Das klassische und zeitlose Design des Davidsterns macht diesen Anh\u00e4nger zu einer perfekten Wahl, um Ihren Glauben und Ihr Erbe stilvoll zum Ausdruck zu bringen. Er ist diskret genug, um jeden Tag getragen zu werden, aber markant genug, um &#8230; <a title=\"Anh\u00e4nger Davidstern 750\/18ct Wei\u00dfgold.\" class=\"read-more\" href=\"https:\/\/dev.lediamant.ch\/de\/schmuck\/119151-anhaenger-davidstern-weissgold-75018ct\/\" aria-label=\"Mehr Informationen \u00fcber Anh\u00e4nger Davidstern 750\/18ct Wei\u00dfgold.\">Weiterlesen &#8230;<\/a><\/p>\n","protected":false},"featured_media":217477,"template":"","meta":{"_acf_changed":false,"_seopress_robots_primary_cat":"27373","_seopress_titles_title":"","_seopress_titles_desc":"Entdecken Sie die Eleganz unseres Anh\u00e4ngers Davidstern aus 750\/18ct Wei\u00dfgold, ein Symbol des Glaubens, das mit Stil und Vornehmheit getragen wird.","_seopress_robots_index":""},"brand":[27089],"product_brand":[],"product_cat":[27121,27373],"product_tag":[],"class_list":{"0":"post-119151","1":"product","2":"type-product","3":"status-publish","4":"has-post-thumbnail","6":"brand-gold-jewellery-de","7":"product_cat-schmuck","8":"product_cat-religiose-anhanger","9":"pa_dimensions-14-mm","10":"pa_garantie-12monate","11":"pa_genre-mann","12":"pa_genre-frau","13":"pa_genre-kind","14":"pa_matiere-75018ktweissgold","15":"pa_motif-religion-de","16":"sales-flash-overlay","17":"woocommerce-text-align-center","18":"woocommerce-image-align-center","19":"do-quantity-buttons","21":"first","22":"instock","23":"taxable","24":"shipping-taxable","25":"purchasable","26":"product-type-simple"},"acf":[],"_links":{"self":[{"href":"https:\/\/dev.lediamant.ch\/de\/wp-json\/wp\/v2\/product\/119151","targetHints":{"allow":["GET"]}}],"collection":[{"href":"https:\/\/dev.lediamant.ch\/de\/wp-json\/wp\/v2\/product"}],"about":[{"href":"https:\/\/dev.lediamant.ch\/de\/wp-json\/wp\/v2\/types\/product"}],"wp:featuredmedia":[{"embeddable":true,"href":"https:\/\/dev.lediamant.ch\/de\/wp-json\/wp\/v2\/media\/217477"}],"wp:attachment":[{"href":"https:\/\/dev.lediamant.ch\/de\/wp-json\/wp\/v2\/media?parent=119151"}],"wp:term":[{"taxonomy":"brand","embeddable":true,"href":"https:\/\/dev.lediamant.ch\/de\/wp-json\/wp\/v2\/brand?post=119151"},{"taxonomy":"product_brand","embeddable":true,"href":"https:\/\/dev.lediamant.ch\/de\/wp-json\/wp\/v2\/product_brand?post=119151"},{"taxonomy":"product_cat","embeddable":true,"href":"https:\/\/dev.lediamant.ch\/de\/wp-json\/wp\/v2\/product_cat?post=119151"},{"taxonomy":"product_tag","embeddable":true,"href":"https:\/\/dev.lediamant.ch\/de\/wp-json\/wp\/v2\/product_tag?post=119151"}],"curies":[{"name":"wp","href":"https:\/\/api.w.org\/{rel}","templated":true}]}}