{"id":122953,"date":"2020-03-16T11:43:23","date_gmt":"2020-03-16T10:43:23","guid":{"rendered":"https:\/\/dev.lediamant.ch\/produit\/schmuck-de\/anhanger-de\/engel-anhaenger-de\/engelsanhanger-aus-750-rhodium-gelbgold\/"},"modified":"2025-10-03T08:06:34","modified_gmt":"2025-10-03T06:06:34","slug":"engel-anhaenger-gelbgold-750-rhodie","status":"publish","type":"product","link":"https:\/\/dev.lediamant.ch\/de\/schmuck\/122953-anhaenger-bicolor-gold-750-18-kt-rhodiniert-schutzengel-ame1009\/","title":{"rendered":"Anh\u00e4nger aus zweifarbigem Gold 750\/18 ct. rhodi\u00e9, Schutzengel"},"content":{"rendered":"<p>Tauchen Sie mit unserem Anh\u00e4nger aus 750\/18ct Bicolor-Gold, der teilweise rhodiniert ist und einen himmlischen Schutzengel in den Mittelpunkt stellt, in die moderne Eleganz ein. Mit einem Durchmesser von ca. 10 mm vereint dieses zarte Schmuckst\u00fcck den warmen Reichtum des Gelbgoldes mit der silbernen Raffinesse des Rhodiums, wodurch ein starker Kontrast entsteht. Sein poliertes Finish sorgt f\u00fcr einen strahlenden Glanz, w\u00e4hrend sein raffiniertes Design alle Blicke auf sich zieht. Ob als t\u00e4gliche Erinnerung an Schutz und Glauben oder als bedeutungsvolles Geschenk f\u00fcr einen geliebten Menschen, dieser Anh\u00e4nger verk\u00f6rpert zeitlose Sch\u00f6nheit und Spiritualit\u00e4t. Tragen Sie ihn mit Selbstvertrauen und lassen Sie sich von der beruhigenden Pr\u00e4senz des Schutzengels in jedem Moment Ihres Lebens begleiten.<\/p>\n","protected":false},"excerpt":{"rendered":"<p>Tauchen Sie mit unserem Anh\u00e4nger aus 750\/18ct Bicolor-Gold, der teilweise rhodiniert ist und einen himmlischen Schutzengel in den Mittelpunkt stellt, in die moderne Eleganz ein. Mit einem Durchmesser von ca. 10 mm vereint dieses zarte Schmuckst\u00fcck den warmen Reichtum des Gelbgoldes mit der silbernen Raffinesse des Rhodiums, wodurch ein starker Kontrast entsteht. Sein poliertes Finish &#8230; <a title=\"Anh\u00e4nger aus zweifarbigem Gold 750\/18 ct. rhodi\u00e9, Schutzengel\" class=\"read-more\" href=\"https:\/\/dev.lediamant.ch\/de\/schmuck\/122953-anhaenger-bicolor-gold-750-18-kt-rhodiniert-schutzengel-ame1009\/\" aria-label=\"Mehr Informationen \u00fcber Anh\u00e4nger aus zweifarbigem Gold 750\/18 ct. rhodi\u00e9, Schutzengel\">Weiterlesen &#8230;<\/a><\/p>\n","protected":false},"featured_media":210752,"template":"","meta":{"_acf_changed":false,"_seopress_robots_primary_cat":"27370","_seopress_titles_title":"%%post_title%%","_seopress_titles_desc":"Entdecken Sie unseren Schutzengelanh\u00e4nger aus zweifarbigem 750\/18ct Gold und Rhodium. Ein kostbares Schmuckst\u00fcck, das Raffinesse und Spiritualit\u00e4t vereint.","_seopress_robots_index":""},"brand":[27089],"product_brand":[],"product_cat":[27121,27371,27135,27145],"product_tag":[],"class_list":{"0":"post-122953","1":"product","2":"type-product","3":"status-publish","4":"has-post-thumbnail","6":"brand-gold-jewellery-de","7":"product_cat-schmuck","8":"product_cat-engel-anhanger","9":"product_cat-zum-gravieren","10":"product_cat-text-hinten","11":"pa_garantie-12monate","12":"pa_genre-mann","13":"pa_genre-frau","14":"pa_genre-kind","15":"pa_matiere-75018ktgelbgold","16":"pa_motif-engel","17":"sales-flash-overlay","18":"woocommerce-text-align-center","19":"woocommerce-image-align-center","20":"do-quantity-buttons","22":"first","23":"instock","24":"taxable","25":"shipping-taxable","26":"purchasable","27":"product-type-simple"},"acf":[],"_links":{"self":[{"href":"https:\/\/dev.lediamant.ch\/de\/wp-json\/wp\/v2\/product\/122953","targetHints":{"allow":["GET"]}}],"collection":[{"href":"https:\/\/dev.lediamant.ch\/de\/wp-json\/wp\/v2\/product"}],"about":[{"href":"https:\/\/dev.lediamant.ch\/de\/wp-json\/wp\/v2\/types\/product"}],"wp:featuredmedia":[{"embeddable":true,"href":"https:\/\/dev.lediamant.ch\/de\/wp-json\/wp\/v2\/media\/210752"}],"wp:attachment":[{"href":"https:\/\/dev.lediamant.ch\/de\/wp-json\/wp\/v2\/media?parent=122953"}],"wp:term":[{"taxonomy":"brand","embeddable":true,"href":"https:\/\/dev.lediamant.ch\/de\/wp-json\/wp\/v2\/brand?post=122953"},{"taxonomy":"product_brand","embeddable":true,"href":"https:\/\/dev.lediamant.ch\/de\/wp-json\/wp\/v2\/product_brand?post=122953"},{"taxonomy":"product_cat","embeddable":true,"href":"https:\/\/dev.lediamant.ch\/de\/wp-json\/wp\/v2\/product_cat?post=122953"},{"taxonomy":"product_tag","embeddable":true,"href":"https:\/\/dev.lediamant.ch\/de\/wp-json\/wp\/v2\/product_tag?post=122953"}],"curies":[{"name":"wp","href":"https:\/\/api.w.org\/{rel}","templated":true}]}}