{"id":123091,"date":"2020-03-16T11:43:43","date_gmt":"2020-03-16T10:43:43","guid":{"rendered":"https:\/\/dev.lediamant.ch\/produit\/schmuck-de\/anhanger-de\/engel-anhaenger-de\/engelsanhanger-gelbgold-750-12\/"},"modified":"2026-02-18T09:49:19","modified_gmt":"2026-02-18T08:49:19","slug":"ange-pendentif-or-jaune-750-12","status":"publish","type":"product","link":"https:\/\/dev.lediamant.ch\/de\/schmuck\/123091-anhaenger-gelbgold-750-18-kt-mit-diamant-schutzengel-ame1033\/","title":{"rendered":"Anh\u00e4nger aus Gelbgold 750\/18 ct. mit Diamant, Schutzengel"},"content":{"rendered":"<p>Tauchen Sie ein in das funkelnde Licht des himmlischen Schutzes mit unserem Anh\u00e4nger aus 750\/18ct Gelbgold, der mit einem Diamanten von bemerkenswerter Qualit\u00e4t (0,0075 ct) verziert ist und einen Schutzengel darstellt. Mit einer Gr\u00f6\u00dfe von 12 mm verk\u00f6rpert dieses zarte Schmuckst\u00fcck die perfekte Verbindung zwischen zeitloser Eleganz und der tiefen Symbolik des g\u00f6ttlichen Wohlwollens. Sein poliertes Finish verleiht ihm einen strahlenden Glanz und f\u00e4ngt die Blicke mit unbestreitbarer Anmut ein. Ob als pers\u00f6nlicher Talisman oder als bedeutungsvolles Geschenk f\u00fcr einen geliebten Menschen, dieser Anh\u00e4nger bietet eine wertvolle Verbindung mit dem g\u00f6ttlichen Schutz. Lassen Sie die helle Pr\u00e4senz des Schutzengels jeden Schritt Ihrer Reise erleuchten.<\/p>\n","protected":false},"excerpt":{"rendered":"<p>Tauchen Sie ein in das funkelnde Licht des himmlischen Schutzes mit unserem Anh\u00e4nger aus 750\/18ct Gelbgold, der mit einem Diamanten von bemerkenswerter Qualit\u00e4t (0,0075 ct) verziert ist und einen Schutzengel darstellt. Mit einer Gr\u00f6\u00dfe von 12 mm verk\u00f6rpert dieses zarte Schmuckst\u00fcck die perfekte Verbindung zwischen zeitloser Eleganz und der tiefen Symbolik des g\u00f6ttlichen Wohlwollens. Sein &#8230; <a title=\"Anh\u00e4nger aus Gelbgold 750\/18 ct. mit Diamant, Schutzengel\" class=\"read-more\" href=\"https:\/\/dev.lediamant.ch\/de\/schmuck\/123091-anhaenger-gelbgold-750-18-kt-mit-diamant-schutzengel-ame1033\/\" aria-label=\"Mehr Informationen \u00fcber Anh\u00e4nger aus Gelbgold 750\/18 ct. mit Diamant, Schutzengel\">Weiterlesen &#8230;<\/a><\/p>\n","protected":false},"featured_media":210743,"template":"","meta":{"_acf_changed":false,"_seopress_robots_primary_cat":"27370","_seopress_titles_title":"%%post_title%% %%sep%% %%sitetitle%%","_seopress_titles_desc":"Entdecken Sie unseren Anh\u00e4nger aus 750\/18ct Gelbgold, ein Symbol f\u00fcr g\u00f6ttlichen Schutz. Als Verk\u00f6rperung von Eleganz und Wohlwollen ist dieses funkelnde Schmuckst\u00fcck ideal.","_seopress_robots_index":""},"brand":[27089],"product_brand":[],"product_cat":[27121,27371],"product_tag":[],"class_list":{"0":"post-123091","1":"product","2":"type-product","3":"status-publish","4":"has-post-thumbnail","6":"brand-gold-jewellery-de","7":"product_cat-schmuck","8":"product_cat-engel-anhanger","9":"pa_detail-de-s-pierres-s-1-diamant-0-0075-ct-h-si-de","10":"pa_dimensions-12-mm","11":"pa_garantie-12monate","12":"pa_genre-mann","13":"pa_genre-frau","14":"pa_genre-kind","15":"pa_matiere-75018ktgelbgold","16":"pa_motif-engel","17":"sales-flash-overlay","18":"woocommerce-text-align-center","19":"woocommerce-image-align-center","20":"do-quantity-buttons","22":"first","23":"instock","24":"taxable","25":"shipping-taxable","26":"purchasable","27":"product-type-simple"},"acf":[],"_links":{"self":[{"href":"https:\/\/dev.lediamant.ch\/de\/wp-json\/wp\/v2\/product\/123091","targetHints":{"allow":["GET"]}}],"collection":[{"href":"https:\/\/dev.lediamant.ch\/de\/wp-json\/wp\/v2\/product"}],"about":[{"href":"https:\/\/dev.lediamant.ch\/de\/wp-json\/wp\/v2\/types\/product"}],"wp:featuredmedia":[{"embeddable":true,"href":"https:\/\/dev.lediamant.ch\/de\/wp-json\/wp\/v2\/media\/210743"}],"wp:attachment":[{"href":"https:\/\/dev.lediamant.ch\/de\/wp-json\/wp\/v2\/media?parent=123091"}],"wp:term":[{"taxonomy":"brand","embeddable":true,"href":"https:\/\/dev.lediamant.ch\/de\/wp-json\/wp\/v2\/brand?post=123091"},{"taxonomy":"product_brand","embeddable":true,"href":"https:\/\/dev.lediamant.ch\/de\/wp-json\/wp\/v2\/product_brand?post=123091"},{"taxonomy":"product_cat","embeddable":true,"href":"https:\/\/dev.lediamant.ch\/de\/wp-json\/wp\/v2\/product_cat?post=123091"},{"taxonomy":"product_tag","embeddable":true,"href":"https:\/\/dev.lediamant.ch\/de\/wp-json\/wp\/v2\/product_tag?post=123091"}],"curies":[{"name":"wp","href":"https:\/\/api.w.org\/{rel}","templated":true}]}}