{"id":126741,"date":"2020-03-16T12:59:25","date_gmt":"2020-03-16T11:59:25","guid":{"rendered":"https:\/\/dev.lediamant.ch\/produit\/uhren-de\/aerowatch-de\/intuition-de\/aerowatch-intuition-classic-petite-seconde-leder-weiss\/"},"modified":"2020-03-16T12:59:25","modified_gmt":"2020-03-16T11:59:25","slug":"aerowatch-intuition-classic-petite-seconde-leder-weiss","status":"publish","type":"product","link":"https:\/\/dev.lediamant.ch\/de\/uhren\/126741-aerowatch-intuition-classic-petite-seconde-leder-weiss\/","title":{"rendered":"Aerowatch Intuition Classic Petite Seconde Leder weiss"},"content":{"rendered":"<p class=\"h5 text-uppercase\">Geh\u00e4use<\/p>\n<p>Edelstahlgeh\u00e4use, gew\u00f6lbtes Saphirglas<\/p>\n<p class=\"h5 text-uppercase\">Zifferblatt<\/p>\n<p>Wei\u00dfes Perlmutt mit arabischen Ziffern<\/p>\n<p class=\"h5 text-uppercase\">Uhrwerk<\/p>\n<p>Swiss Quarz, Stunden, Minuten und kleine Sekunde bei 6 Uhr<\/p>\n<p class=\"h5 text-uppercase\">Armband<\/p>\n<p>Wei\u00dfes Leder, 20.00 mm, Dornschlie\u00dfe<\/p>\n","protected":false},"excerpt":{"rendered":"<p>Geh\u00e4use Edelstahlgeh\u00e4use, gew\u00f6lbtes Saphirglas Zifferblatt Wei\u00dfes Perlmutt mit arabischen Ziffern Uhrwerk Swiss Quarz, Stunden, Minuten und kleine Sekunde bei 6 Uhr Armband Wei\u00dfes Leder, 20.00 mm, Dornschlie\u00dfe<\/p>\n","protected":false},"featured_media":126736,"template":"","meta":{"_acf_changed":false,"_seopress_robots_primary_cat":"","_seopress_titles_title":"","_seopress_titles_desc":"","_seopress_robots_index":""},"brand":[27081],"product_brand":[],"product_cat":[27125,27153,27251,27123,27167,27267],"product_tag":[],"class_list":{"0":"post-126741","1":"product","2":"type-product","3":"status-publish","4":"has-post-thumbnail","6":"brand-aerowatch-de","7":"product_cat-geschenkideen","8":"product_cat-valentinstag-de","9":"product_cat-auswahl-fuer-sie-de","10":"product_cat-uhren","11":"product_cat-aerowatch-de","12":"product_cat-intuition-de","13":"pa_couleurduboitier-grau-de","14":"pa_couleurdubracelet-weiss-de","15":"pa_couleurducadran-weiss","16":"pa_etancheite-50m-de","17":"pa_forme-rechteckig-de","18":"pa_garantie-24monate","19":"pa_genre-frau","20":"pa_matiere-stahl","21":"pa_matierebraceletmontre-leder","22":"pa_mouvement-quarzbatterie-de","23":"pa_swissmade-ja-de","24":"sales-flash-overlay","25":"woocommerce-text-align-center","26":"woocommerce-image-align-center","27":"do-quantity-buttons","29":"first","30":"instock","31":"taxable","32":"shipping-taxable","33":"purchasable","34":"product-type-simple"},"acf":[],"_links":{"self":[{"href":"https:\/\/dev.lediamant.ch\/de\/wp-json\/wp\/v2\/product\/126741","targetHints":{"allow":["GET"]}}],"collection":[{"href":"https:\/\/dev.lediamant.ch\/de\/wp-json\/wp\/v2\/product"}],"about":[{"href":"https:\/\/dev.lediamant.ch\/de\/wp-json\/wp\/v2\/types\/product"}],"wp:featuredmedia":[{"embeddable":true,"href":"https:\/\/dev.lediamant.ch\/de\/wp-json\/wp\/v2\/media\/126736"}],"wp:attachment":[{"href":"https:\/\/dev.lediamant.ch\/de\/wp-json\/wp\/v2\/media?parent=126741"}],"wp:term":[{"taxonomy":"brand","embeddable":true,"href":"https:\/\/dev.lediamant.ch\/de\/wp-json\/wp\/v2\/brand?post=126741"},{"taxonomy":"product_brand","embeddable":true,"href":"https:\/\/dev.lediamant.ch\/de\/wp-json\/wp\/v2\/product_brand?post=126741"},{"taxonomy":"product_cat","embeddable":true,"href":"https:\/\/dev.lediamant.ch\/de\/wp-json\/wp\/v2\/product_cat?post=126741"},{"taxonomy":"product_tag","embeddable":true,"href":"https:\/\/dev.lediamant.ch\/de\/wp-json\/wp\/v2\/product_tag?post=126741"}],"curies":[{"name":"wp","href":"https:\/\/api.w.org\/{rel}","templated":true}]}}