{"id":126859,"date":"2020-03-16T13:00:18","date_gmt":"2020-03-16T12:00:18","guid":{"rendered":"https:\/\/dev.lediamant.ch\/produit\/uhren-de\/aerowatch-de\/anhaenger-uhren-de\/aerowatch-anhaengeruhr-quarz-vergoldet\/"},"modified":"2020-03-16T13:00:18","modified_gmt":"2020-03-16T12:00:18","slug":"aerowatch-anhaengeruhr-quarz-vergoldet","status":"publish","type":"product","link":"https:\/\/dev.lediamant.ch\/de\/uhren\/126859-aerowatch-anhaengeruhr-quarz-vergoldet\/","title":{"rendered":"Aerowatch, Anh\u00e4ngeruhr, Quarz, vergoldet"},"content":{"rendered":"<p class=\"h5 text-uppercase\">Geh\u00e4use<\/p>\n<p>L\u00e9pine-Anh\u00e4nger, gelbvergoldet mit Muster, gew\u00f6lbtes Hesalitglas<\/p>\n<p class=\"h5 text-uppercase\">Zifferblatt<\/p>\n<p>Wei\u00df emailliert, 12 r\u00f6mische gemalte Ziffern<\/p>\n<p class=\"h5 text-uppercase\">Uhrwerk<\/p>\n<p>Swiss Quarz, Stunden, Minuten und Sekunden<\/p>\n","protected":false},"excerpt":{"rendered":"<p>Geh\u00e4use L\u00e9pine-Anh\u00e4nger, gelbvergoldet mit Muster, gew\u00f6lbtes Hesalitglas Zifferblatt Wei\u00df emailliert, 12 r\u00f6mische gemalte Ziffern Uhrwerk Swiss Quarz, Stunden, Minuten und Sekunden<\/p>\n","protected":false},"featured_media":126856,"template":"","meta":{"_acf_changed":false,"_seopress_robots_primary_cat":"","_seopress_titles_title":"","_seopress_titles_desc":"","_seopress_robots_index":""},"brand":[27081],"product_brand":[],"product_cat":[27123,27167,27347],"product_tag":[],"class_list":{"0":"post-126859","1":"product","2":"type-product","3":"status-publish","4":"has-post-thumbnail","6":"brand-aerowatch-de","7":"product_cat-uhren","8":"product_cat-aerowatch-de","9":"product_cat-anhaenger-uhren","10":"pa_couleurduboitier-gelb-de","11":"pa_couleurducadran-weiss","12":"pa_forme-runden","13":"pa_garantie-24monate","14":"pa_genre-frau","15":"pa_matiere-gelbgoldpvd","16":"pa_mouvement-quarzbatterie-de","17":"pa_swissmade-ja-de","18":"pa_verre-hesalitglas-de","19":"sales-flash-overlay","20":"woocommerce-text-align-center","21":"woocommerce-image-align-center","22":"do-quantity-buttons","24":"first","25":"instock","26":"taxable","27":"shipping-taxable","28":"purchasable","29":"product-type-simple"},"acf":[],"_links":{"self":[{"href":"https:\/\/dev.lediamant.ch\/de\/wp-json\/wp\/v2\/product\/126859","targetHints":{"allow":["GET"]}}],"collection":[{"href":"https:\/\/dev.lediamant.ch\/de\/wp-json\/wp\/v2\/product"}],"about":[{"href":"https:\/\/dev.lediamant.ch\/de\/wp-json\/wp\/v2\/types\/product"}],"wp:featuredmedia":[{"embeddable":true,"href":"https:\/\/dev.lediamant.ch\/de\/wp-json\/wp\/v2\/media\/126856"}],"wp:attachment":[{"href":"https:\/\/dev.lediamant.ch\/de\/wp-json\/wp\/v2\/media?parent=126859"}],"wp:term":[{"taxonomy":"brand","embeddable":true,"href":"https:\/\/dev.lediamant.ch\/de\/wp-json\/wp\/v2\/brand?post=126859"},{"taxonomy":"product_brand","embeddable":true,"href":"https:\/\/dev.lediamant.ch\/de\/wp-json\/wp\/v2\/product_brand?post=126859"},{"taxonomy":"product_cat","embeddable":true,"href":"https:\/\/dev.lediamant.ch\/de\/wp-json\/wp\/v2\/product_cat?post=126859"},{"taxonomy":"product_tag","embeddable":true,"href":"https:\/\/dev.lediamant.ch\/de\/wp-json\/wp\/v2\/product_tag?post=126859"}],"curies":[{"name":"wp","href":"https:\/\/api.w.org\/{rel}","templated":true}]}}