{"id":127047,"date":"2020-03-16T13:01:53","date_gmt":"2020-03-16T12:01:53","guid":{"rendered":"https:\/\/dev.lediamant.ch\/produit\/uhren-de\/aerowatch-de\/streamline-de\/aerowatch-streamline-quarz-stahl-leder-schwarz\/"},"modified":"2020-03-16T13:01:53","modified_gmt":"2020-03-16T12:01:53","slug":"aerowatch-streamline-quarz-stahl-leder-schwarz","status":"publish","type":"product","link":"https:\/\/dev.lediamant.ch\/de\/uhren\/127047-aerowatch-streamline-quarz-stahl-leder-schwarz\/","title":{"rendered":"Aerowatch Streamline, Quarz, Stahl, Leder schwarz"},"content":{"rendered":"<p>Stahlgeh\u00e4use, gew\u00f6lbtes Saphirglas. Silberfarbenes, guillochiertes Zifferblatt mit schwarzen r\u00f6mischen Ziffern. Schweizer Quarzwerk. Stunden, Minuten, Sekunden und Datum bei 6 Uhr. Braunes Lederarmband 20.00 mm, Dornschlie\u00dfe.\u00a0A 42958 AA05.<\/p>\n","protected":false},"excerpt":{"rendered":"<p>Stahlgeh\u00e4use, gew\u00f6lbtes Saphirglas. Silberfarbenes, guillochiertes Zifferblatt mit schwarzen r\u00f6mischen Ziffern. Schweizer Quarzwerk. Stunden, Minuten, Sekunden und Datum bei 6 Uhr. Braunes Lederarmband 20.00 mm, Dornschlie\u00dfe.\u00a0A 42958 AA05.<\/p>\n","protected":false},"featured_media":127042,"template":"","meta":{"_acf_changed":false,"_seopress_robots_primary_cat":"","_seopress_titles_title":"","_seopress_titles_desc":"","_seopress_robots_index":""},"brand":[27081],"product_brand":[],"product_cat":[27123,27167,27303],"product_tag":[],"class_list":{"0":"post-127047","1":"product","2":"type-product","3":"status-publish","4":"has-post-thumbnail","6":"brand-aerowatch-de","7":"product_cat-uhren","8":"product_cat-aerowatch-de","9":"product_cat-streamline-de","10":"pa_couleurduboitier-grau-de","11":"pa_couleurdubracelet-schwarz-de","12":"pa_couleurducadran-silber","13":"pa_etancheite-50m-de","14":"pa_forme-fass-de","15":"pa_garantie-24monate","16":"pa_genre-frau","17":"pa_matiere-stahl","18":"pa_matierebraceletmontre-leder","19":"pa_mouvement-quarzbatterie-de","20":"pa_swissmade-ja-de","21":"pa_verre-saphir-de","22":"sales-flash-overlay","23":"woocommerce-text-align-center","24":"woocommerce-image-align-center","25":"do-quantity-buttons","27":"first","28":"instock","29":"taxable","30":"shipping-taxable","31":"purchasable","32":"product-type-simple"},"acf":[],"_links":{"self":[{"href":"https:\/\/dev.lediamant.ch\/de\/wp-json\/wp\/v2\/product\/127047","targetHints":{"allow":["GET"]}}],"collection":[{"href":"https:\/\/dev.lediamant.ch\/de\/wp-json\/wp\/v2\/product"}],"about":[{"href":"https:\/\/dev.lediamant.ch\/de\/wp-json\/wp\/v2\/types\/product"}],"wp:featuredmedia":[{"embeddable":true,"href":"https:\/\/dev.lediamant.ch\/de\/wp-json\/wp\/v2\/media\/127042"}],"wp:attachment":[{"href":"https:\/\/dev.lediamant.ch\/de\/wp-json\/wp\/v2\/media?parent=127047"}],"wp:term":[{"taxonomy":"brand","embeddable":true,"href":"https:\/\/dev.lediamant.ch\/de\/wp-json\/wp\/v2\/brand?post=127047"},{"taxonomy":"product_brand","embeddable":true,"href":"https:\/\/dev.lediamant.ch\/de\/wp-json\/wp\/v2\/product_brand?post=127047"},{"taxonomy":"product_cat","embeddable":true,"href":"https:\/\/dev.lediamant.ch\/de\/wp-json\/wp\/v2\/product_cat?post=127047"},{"taxonomy":"product_tag","embeddable":true,"href":"https:\/\/dev.lediamant.ch\/de\/wp-json\/wp\/v2\/product_tag?post=127047"}],"curies":[{"name":"wp","href":"https:\/\/api.w.org\/{rel}","templated":true}]}}