{"id":127077,"date":"2020-03-16T13:02:04","date_gmt":"2020-03-16T12:02:04","guid":{"rendered":"https:\/\/dev.lediamant.ch\/produit\/uhren-de\/aerowatch-de\/les-grandes-classiques-de\/aerowatch-les-grandes-classiques-lady-quartz-leder-blau\/"},"modified":"2020-03-16T13:02:04","modified_gmt":"2020-03-16T12:02:04","slug":"aerowatch-les-grandes-classiques-lady-quartz-leder-blau","status":"publish","type":"product","link":"https:\/\/dev.lediamant.ch\/de\/uhren\/127077-aerowatch-les-grandes-classiques-lady-quartz-leder-blau\/","title":{"rendered":"Aerowatch Les Grandes Classiques Lady Quartz Leder blau"},"content":{"rendered":"<p class=\"h5 text-uppercase\">Geh\u00e4use<\/p>\n<p>Edelstahlgeh\u00e4use, gew\u00f6lbtes Saphirglas<\/p>\n<p class=\"h5 text-uppercase\">Zifferblatt<\/p>\n<p>Wei\u00dfes Perlmutt, Index<\/p>\n<p class=\"h5 text-uppercase\">Uhrwerk<\/p>\n<p>Swiss Quarz, Stunden, Minuten, Sekunden und Datum bei 6 Uhr<\/p>\n<p class=\"h5 text-uppercase\">Armband<\/p>\n<p>Blaues Leder, 17,00 mm, Dornschlie\u00dfe<\/p>\n","protected":false},"excerpt":{"rendered":"<p>Geh\u00e4use Edelstahlgeh\u00e4use, gew\u00f6lbtes Saphirglas Zifferblatt Wei\u00dfes Perlmutt, Index Uhrwerk Swiss Quarz, Stunden, Minuten, Sekunden und Datum bei 6 Uhr Armband Blaues Leder, 17,00 mm, Dornschlie\u00dfe<\/p>\n","protected":false},"featured_media":127072,"template":"","meta":{"_acf_changed":false,"_seopress_robots_primary_cat":"","_seopress_titles_title":"","_seopress_titles_desc":"","_seopress_robots_index":""},"brand":[27081],"product_brand":[],"product_cat":[27123,27167,27289],"product_tag":[],"class_list":{"0":"post-127077","1":"product","2":"type-product","3":"status-publish","4":"has-post-thumbnail","6":"brand-aerowatch-de","7":"product_cat-uhren","8":"product_cat-aerowatch-de","9":"product_cat-les-grandes-classiques-de","10":"pa_couleurduboitier-grau-de","11":"pa_couleurdubracelet-blau-de","12":"pa_couleurducadran-weiss","13":"pa_etancheite-50m-de","14":"pa_forme-runden","15":"pa_garantie-24monate","16":"pa_genre-frau","17":"pa_matiere-stahl","18":"pa_matierebraceletmontre-leder","19":"pa_mouvement-quarzbatterie-de","20":"pa_swissmade-ja-de","21":"sales-flash-overlay","22":"woocommerce-text-align-center","23":"woocommerce-image-align-center","24":"do-quantity-buttons","26":"first","27":"instock","28":"taxable","29":"shipping-taxable","30":"purchasable","31":"product-type-simple"},"acf":[],"_links":{"self":[{"href":"https:\/\/dev.lediamant.ch\/de\/wp-json\/wp\/v2\/product\/127077","targetHints":{"allow":["GET"]}}],"collection":[{"href":"https:\/\/dev.lediamant.ch\/de\/wp-json\/wp\/v2\/product"}],"about":[{"href":"https:\/\/dev.lediamant.ch\/de\/wp-json\/wp\/v2\/types\/product"}],"wp:featuredmedia":[{"embeddable":true,"href":"https:\/\/dev.lediamant.ch\/de\/wp-json\/wp\/v2\/media\/127072"}],"wp:attachment":[{"href":"https:\/\/dev.lediamant.ch\/de\/wp-json\/wp\/v2\/media?parent=127077"}],"wp:term":[{"taxonomy":"brand","embeddable":true,"href":"https:\/\/dev.lediamant.ch\/de\/wp-json\/wp\/v2\/brand?post=127077"},{"taxonomy":"product_brand","embeddable":true,"href":"https:\/\/dev.lediamant.ch\/de\/wp-json\/wp\/v2\/product_brand?post=127077"},{"taxonomy":"product_cat","embeddable":true,"href":"https:\/\/dev.lediamant.ch\/de\/wp-json\/wp\/v2\/product_cat?post=127077"},{"taxonomy":"product_tag","embeddable":true,"href":"https:\/\/dev.lediamant.ch\/de\/wp-json\/wp\/v2\/product_tag?post=127077"}],"curies":[{"name":"wp","href":"https:\/\/api.w.org\/{rel}","templated":true}]}}