{"id":127341,"date":"2020-03-16T13:04:31","date_gmt":"2020-03-16T12:04:31","guid":{"rendered":"https:\/\/dev.lediamant.ch\/produit\/uhren-de\/aerowatch-de\/streamline-de\/aerowatch-streamline-automatik-schwarzes-lederarmband\/"},"modified":"2020-03-16T13:04:31","modified_gmt":"2020-03-16T12:04:31","slug":"aerowatch-streamline-automatik-schwarzes-lederarmband","status":"publish","type":"product","link":"https:\/\/dev.lediamant.ch\/de\/uhren\/127341-aerowatch-streamline-automatik-schwarzes-lederarmband\/","title":{"rendered":"Aerowatch Streamline, Automatik, schwarzes Lederarmband"},"content":{"rendered":"<p class=\"h5 text-uppercase\">Geh\u00e4use<\/p>\n<p>Edelstahlgeh\u00e4use, gew\u00f6lbtes Saphirglas<\/p>\n<p class=\"h5 text-uppercase\">Zifferblatt<\/p>\n<p>Versilbert und guillochiert, Schwarze r\u00f6mische Ziffern<\/p>\n<p class=\"h5 text-uppercase\">Uhrwerk<\/p>\n<p>Automatik, 11\u00bd&#8220;&#8220; ETA 2824, 25 Rubine. Stunden, Minuten, Sekunde, Datum bei 6 Uhr<\/p>\n<p class=\"h5 text-uppercase\">Armband<\/p>\n<p>Schwarzes Leder, 22,00 mm, Dornschlie\u00dfe<\/p>\n","protected":false},"excerpt":{"rendered":"<p>Geh\u00e4use Edelstahlgeh\u00e4use, gew\u00f6lbtes Saphirglas Zifferblatt Versilbert und guillochiert, Schwarze r\u00f6mische Ziffern Uhrwerk Automatik, 11\u00bd&#8220;&#8220; ETA 2824, 25 Rubine. Stunden, Minuten, Sekunde, Datum bei 6 Uhr Armband Schwarzes Leder, 22,00 mm, Dornschlie\u00dfe<\/p>\n","protected":false},"featured_media":127336,"template":"","meta":{"_acf_changed":false,"_seopress_robots_primary_cat":"","_seopress_titles_title":"","_seopress_titles_desc":"","_seopress_robots_index":""},"brand":[27081],"product_brand":[],"product_cat":[27123,27167,27303],"product_tag":[],"class_list":{"0":"post-127341","1":"product","2":"type-product","3":"status-publish","4":"has-post-thumbnail","6":"brand-aerowatch-de","7":"product_cat-uhren","8":"product_cat-aerowatch-de","9":"product_cat-streamline-de","10":"pa_couleurduboitier-grau-de","11":"pa_couleurdubracelet-schwarz-de","12":"pa_couleurducadran-silber","13":"pa_etancheite-50m-de","14":"pa_forme-fass-de","15":"pa_garantie-24monate","16":"pa_genre-mann","17":"pa_matiere-stahl","18":"pa_matierebraceletmontre-leder","19":"pa_mouvement-automatik-de","20":"pa_swissmade-ja-de","21":"sales-flash-overlay","22":"woocommerce-text-align-center","23":"woocommerce-image-align-center","24":"do-quantity-buttons","26":"first","27":"instock","28":"taxable","29":"shipping-taxable","30":"purchasable","31":"product-type-simple"},"acf":[],"_links":{"self":[{"href":"https:\/\/dev.lediamant.ch\/de\/wp-json\/wp\/v2\/product\/127341","targetHints":{"allow":["GET"]}}],"collection":[{"href":"https:\/\/dev.lediamant.ch\/de\/wp-json\/wp\/v2\/product"}],"about":[{"href":"https:\/\/dev.lediamant.ch\/de\/wp-json\/wp\/v2\/types\/product"}],"wp:featuredmedia":[{"embeddable":true,"href":"https:\/\/dev.lediamant.ch\/de\/wp-json\/wp\/v2\/media\/127336"}],"wp:attachment":[{"href":"https:\/\/dev.lediamant.ch\/de\/wp-json\/wp\/v2\/media?parent=127341"}],"wp:term":[{"taxonomy":"brand","embeddable":true,"href":"https:\/\/dev.lediamant.ch\/de\/wp-json\/wp\/v2\/brand?post=127341"},{"taxonomy":"product_brand","embeddable":true,"href":"https:\/\/dev.lediamant.ch\/de\/wp-json\/wp\/v2\/product_brand?post=127341"},{"taxonomy":"product_cat","embeddable":true,"href":"https:\/\/dev.lediamant.ch\/de\/wp-json\/wp\/v2\/product_cat?post=127341"},{"taxonomy":"product_tag","embeddable":true,"href":"https:\/\/dev.lediamant.ch\/de\/wp-json\/wp\/v2\/product_tag?post=127341"}],"curies":[{"name":"wp","href":"https:\/\/api.w.org\/{rel}","templated":true}]}}