{"id":127353,"date":"2020-03-16T13:04:38","date_gmt":"2020-03-16T12:04:38","guid":{"rendered":"https:\/\/dev.lediamant.ch\/produit\/uhren-de\/aerowatch-de\/a1942-de\/aerowatch-1942-automatic-chrono-42mm-stahlband\/"},"modified":"2020-03-16T13:04:38","modified_gmt":"2020-03-16T12:04:38","slug":"aerowatch-1942-automatic-chrono-42mm-stahlband","status":"publish","type":"product","link":"https:\/\/dev.lediamant.ch\/de\/uhren\/127353-aerowatch-1942-automatic-chrono-42mm-stahlband\/","title":{"rendered":"Aerowatch 1942 Automatic Chrono 42mm Stahlband"},"content":{"rendered":"<p class=\"h5 text-uppercase\">Geh\u00e4use<\/p>\n<p>Edelstahlgeh\u00e4use, gew\u00f6lbtes Saphirglas, Sichtboden<\/p>\n<p class=\"h5 text-uppercase\">Zifferblatt<\/p>\n<p>Versilbert und guillochiert, 3 Z\u00e4hler, bemalte r\u00f6mische Ziffern<\/p>\n<p class=\"h5 text-uppercase\">Uhrwerk<\/p>\n<p>Automatik-Chronograph, 13 1\/4 Valjoux 7750. Rhodiniert und kreisf\u00f6rmig gek\u00f6rnt mit Dekor &#8222;C\u00f4tes de Gen\u00e8ve&#8220; mit gebl\u00e4uten Stahlschrauben, 25 Rubine Stunden, minuten, Sekunden und Datum bei 3 Uhr.<\/p>\n<p class=\"h5 text-uppercase\">Armband<\/p>\n<p>Edelstahlband mit Faltschlie\u00dfe<\/p>\n","protected":false},"excerpt":{"rendered":"<p>Geh\u00e4use Edelstahlgeh\u00e4use, gew\u00f6lbtes Saphirglas, Sichtboden Zifferblatt Versilbert und guillochiert, 3 Z\u00e4hler, bemalte r\u00f6mische Ziffern Uhrwerk Automatik-Chronograph, 13 1\/4 Valjoux 7750. Rhodiniert und kreisf\u00f6rmig gek\u00f6rnt mit Dekor &#8222;C\u00f4tes de Gen\u00e8ve&#8220; mit gebl\u00e4uten Stahlschrauben, 25 Rubine Stunden, minuten, Sekunden und Datum bei 3 Uhr. Armband Edelstahlband mit Faltschlie\u00dfe<\/p>\n","protected":false},"featured_media":127348,"template":"","meta":{"_acf_changed":false,"_seopress_robots_primary_cat":"","_seopress_titles_title":"","_seopress_titles_desc":"","_seopress_robots_index":""},"brand":[27081],"product_brand":[],"product_cat":[27123,27167,27241,27137],"product_tag":[],"class_list":{"0":"post-127353","1":"product","2":"type-product","3":"status-publish","4":"has-post-thumbnail","6":"brand-aerowatch-de","7":"product_cat-uhren","8":"product_cat-aerowatch-de","9":"product_cat-1942-de","10":"product_cat-bracelet-ajustable-de","11":"pa_couleurduboitier-grau-de","12":"pa_couleurducadran-silber","13":"pa_etancheite-50m-de","14":"pa_forme-runden","15":"pa_garantie-24monate","16":"pa_genre-mann","17":"pa_matiere-stahl","18":"pa_matierebraceletmontre-edelstahl","19":"pa_mouvement-automatik-de","20":"pa_swissmade-ja-de","21":"pa_typedemontre-chronograph-de","22":"pa_verre-saphir-de","23":"sales-flash-overlay","24":"woocommerce-text-align-center","25":"woocommerce-image-align-center","26":"do-quantity-buttons","28":"first","29":"instock","30":"taxable","31":"shipping-taxable","32":"purchasable","33":"product-type-simple"},"acf":[],"_links":{"self":[{"href":"https:\/\/dev.lediamant.ch\/de\/wp-json\/wp\/v2\/product\/127353","targetHints":{"allow":["GET"]}}],"collection":[{"href":"https:\/\/dev.lediamant.ch\/de\/wp-json\/wp\/v2\/product"}],"about":[{"href":"https:\/\/dev.lediamant.ch\/de\/wp-json\/wp\/v2\/types\/product"}],"wp:featuredmedia":[{"embeddable":true,"href":"https:\/\/dev.lediamant.ch\/de\/wp-json\/wp\/v2\/media\/127348"}],"wp:attachment":[{"href":"https:\/\/dev.lediamant.ch\/de\/wp-json\/wp\/v2\/media?parent=127353"}],"wp:term":[{"taxonomy":"brand","embeddable":true,"href":"https:\/\/dev.lediamant.ch\/de\/wp-json\/wp\/v2\/brand?post=127353"},{"taxonomy":"product_brand","embeddable":true,"href":"https:\/\/dev.lediamant.ch\/de\/wp-json\/wp\/v2\/product_brand?post=127353"},{"taxonomy":"product_cat","embeddable":true,"href":"https:\/\/dev.lediamant.ch\/de\/wp-json\/wp\/v2\/product_cat?post=127353"},{"taxonomy":"product_tag","embeddable":true,"href":"https:\/\/dev.lediamant.ch\/de\/wp-json\/wp\/v2\/product_tag?post=127353"}],"curies":[{"name":"wp","href":"https:\/\/api.w.org\/{rel}","templated":true}]}}