{"id":127423,"date":"2020-03-16T13:05:30","date_gmt":"2020-03-16T12:05:30","guid":{"rendered":"https:\/\/dev.lediamant.ch\/produit\/uhren-de\/aerowatch-de\/a1942-de\/luftuhr-chrono-quarz\/"},"modified":"2025-01-31T16:26:44","modified_gmt":"2025-01-31T15:26:44","slug":"chrono-quartz","status":"publish","type":"product","link":"https:\/\/dev.lediamant.ch\/de\/uhren\/127423-aerowatch-1942-chrono-quartz-42mm-a-83926-aa04-m\/","title":{"rendered":"Aerowatch 1942 Chrono Quartz 42mm"},"content":{"rendered":"<p>Entdecken Sie unseren Chrono Quarz, eine elegante und raffinierte Uhr, die durch ihr zeitloses Design und ihre \u00fcberlegene Funktionalit\u00e4t besticht. Das wei\u00dfe Zifferblatt wird durch arabische Ziffern erg\u00e4nzt und bietet eine optimale Ablesbarkeit. Das Geh\u00e4use und das Armband aus Stahl verleihen der Uhr einen Hauch von Robustheit und Langlebigkeit. Ausgestattet mit einem Pr\u00e4zisionsquarzwerk garantiert diese Uhr eine un\u00fcbertroffene Genauigkeit. Der eingebaute Chronograph bietet eine zus\u00e4tzliche Funktion, mit der Sie die Zeit genau messen k\u00f6nnen. Dies ist die ideale Wahl f\u00fcr den modernen Mann, der Stil und Funktionalit\u00e4t sch\u00e4tzt.<\/p>\n","protected":false},"excerpt":{"rendered":"<p>Entdecken Sie unseren Chrono Quarz, eine elegante und raffinierte Uhr, die durch ihr zeitloses Design und ihre \u00fcberlegene Funktionalit\u00e4t besticht. Das wei\u00dfe Zifferblatt wird durch arabische Ziffern erg\u00e4nzt und bietet eine optimale Ablesbarkeit. Das Geh\u00e4use und das Armband aus Stahl verleihen der Uhr einen Hauch von Robustheit und Langlebigkeit. Ausgestattet mit einem Pr\u00e4zisionsquarzwerk garantiert diese &#8230; <a title=\"Aerowatch 1942 Chrono Quartz 42mm\" class=\"read-more\" href=\"https:\/\/dev.lediamant.ch\/de\/uhren\/127423-aerowatch-1942-chrono-quartz-42mm-a-83926-aa04-m\/\" aria-label=\"Mehr Informationen \u00fcber Aerowatch 1942 Chrono Quartz 42mm\">Weiterlesen &#8230;<\/a><\/p>\n","protected":false},"featured_media":216006,"template":"","meta":{"_acf_changed":false,"_seopress_robots_primary_cat":"27167","_seopress_titles_title":"","_seopress_titles_desc":"Entdecken Sie den Chrono Quarz mit zeitlosem Design, herausragender Funktionalit\u00e4t und Chronograph f\u00fcr pr\u00e4zise Zeitmessung.","_seopress_robots_index":""},"brand":[27081],"product_brand":[],"product_cat":[27123,27167,27241,27137],"product_tag":[],"class_list":{"0":"post-127423","1":"product","2":"type-product","3":"status-publish","4":"has-post-thumbnail","6":"brand-aerowatch-de","7":"product_cat-uhren","8":"product_cat-aerowatch-de","9":"product_cat-1942-de","10":"product_cat-bracelet-ajustable-de","11":"pa_couleurduboitier-grau-de","12":"pa_couleurdubracelet-grau-de","13":"pa_couleurducadran-weiss","14":"pa_etancheite-50m-de","15":"pa_forme-runden","16":"pa_garantie-24monate","17":"pa_genre-mann","18":"pa_matiere-stahl","19":"pa_matierebraceletmontre-edelstahl","20":"pa_mouvement-quarzbatterie-de","21":"pa_swissmade-ja-de","22":"pa_typedemontre-chronograph-de","23":"pa_verre-saphir-de","24":"sales-flash-overlay","25":"woocommerce-text-align-center","26":"woocommerce-image-align-center","27":"do-quantity-buttons","29":"first","30":"outofstock","31":"taxable","32":"shipping-taxable","33":"purchasable","34":"product-type-simple"},"acf":[],"_links":{"self":[{"href":"https:\/\/dev.lediamant.ch\/de\/wp-json\/wp\/v2\/product\/127423","targetHints":{"allow":["GET"]}}],"collection":[{"href":"https:\/\/dev.lediamant.ch\/de\/wp-json\/wp\/v2\/product"}],"about":[{"href":"https:\/\/dev.lediamant.ch\/de\/wp-json\/wp\/v2\/types\/product"}],"wp:featuredmedia":[{"embeddable":true,"href":"https:\/\/dev.lediamant.ch\/de\/wp-json\/wp\/v2\/media\/216006"}],"wp:attachment":[{"href":"https:\/\/dev.lediamant.ch\/de\/wp-json\/wp\/v2\/media?parent=127423"}],"wp:term":[{"taxonomy":"brand","embeddable":true,"href":"https:\/\/dev.lediamant.ch\/de\/wp-json\/wp\/v2\/brand?post=127423"},{"taxonomy":"product_brand","embeddable":true,"href":"https:\/\/dev.lediamant.ch\/de\/wp-json\/wp\/v2\/product_brand?post=127423"},{"taxonomy":"product_cat","embeddable":true,"href":"https:\/\/dev.lediamant.ch\/de\/wp-json\/wp\/v2\/product_cat?post=127423"},{"taxonomy":"product_tag","embeddable":true,"href":"https:\/\/dev.lediamant.ch\/de\/wp-json\/wp\/v2\/product_tag?post=127423"}],"curies":[{"name":"wp","href":"https:\/\/api.w.org\/{rel}","templated":true}]}}