{"id":128201,"date":"2020-03-16T15:20:20","date_gmt":"2020-03-16T14:20:20","guid":{"rendered":"https:\/\/dev.lediamant.ch\/produit\/uhren-de\/hamilton-de\/american-classic-de\/hamilton-american-classic-boulton-mechanical-handaufzug-345mm-x-38mm-2\/"},"modified":"2020-03-16T15:20:20","modified_gmt":"2020-03-16T14:20:20","slug":"hamilton-american-classic-boulton-mechanical-handaufzug-345mm-x-38mm-2","status":"publish","type":"product","link":"https:\/\/dev.lediamant.ch\/de\/uhren\/128201-hamilton-american-classic-boulton-mechanical-handaufzug-345mm-x-38mm-2\/","title":{"rendered":"Hamilton American Classic Boulton Mechanical Handaufzug | 34,5mm x 38mm"},"content":{"rendered":"<p><span style=\"color:#1c1c1c;font-family:Montserrat, sans-serif;font-size:14px;background-color:#ffffff;\">Bei der neuen Hamilton Boulton Mechanical trifft Art d\u00e9co auf American Classic. Mit ihrer charakteristischen Geh\u00e4useform ist die Boulton seit ihrem erstmaligen Erscheinen im Jahr 1940 ein Meilenstein der Hamilton Kollektion. Das f\u00fcr das 21. Jahrhundert \u00fcberarbeitete Modell wird von dem bemerkenswerten Kaliber mit Handaufzug H-50 angetrieben und beweist, dass der Stil der Hamilton American Classic nie aus der Mode ger\u00e4t.<\/span><\/p>\n","protected":false},"excerpt":{"rendered":"<p>Bei der neuen Hamilton Boulton Mechanical trifft Art d\u00e9co auf American Classic. Mit ihrer charakteristischen Geh\u00e4useform ist die Boulton seit ihrem erstmaligen Erscheinen im Jahr 1940 ein Meilenstein der Hamilton Kollektion. Das f\u00fcr das 21. Jahrhundert \u00fcberarbeitete Modell wird von dem bemerkenswerten Kaliber mit Handaufzug H-50 angetrieben und beweist, dass der Stil der Hamilton American &#8230; <a title=\"Hamilton American Classic Boulton Mechanical Handaufzug | 34,5mm x 38mm\" class=\"read-more\" href=\"https:\/\/dev.lediamant.ch\/de\/uhren\/128201-hamilton-american-classic-boulton-mechanical-handaufzug-345mm-x-38mm-2\/\" aria-label=\"Mehr Informationen \u00fcber Hamilton American Classic Boulton Mechanical Handaufzug | 34,5mm x 38mm\">Weiterlesen &#8230;<\/a><\/p>\n","protected":false},"featured_media":128190,"template":"","meta":{"_acf_changed":false,"_seopress_robots_primary_cat":"","_seopress_titles_title":"","_seopress_titles_desc":"","_seopress_robots_index":""},"brand":[27085],"product_brand":[],"product_cat":[27123,27181,27201],"product_tag":[],"class_list":{"0":"post-128201","1":"product","2":"type-product","3":"status-publish","4":"has-post-thumbnail","6":"brand-hamilton-de","7":"product_cat-uhren","8":"product_cat-hamilton-de","9":"product_cat-american-classic","10":"pa_couleurduboitier-grau-de","11":"pa_couleurdubracelet-schwarz-de","12":"pa_couleurducadran-weiss","13":"pa_etancheite-50m-de","14":"pa_forme-rechteckig-de","15":"pa_garantie-24monate","16":"pa_genre-mann","17":"pa_matiere-stahl","18":"pa_matierebraceletmontre-leder","19":"pa_swissmade-ja-de","20":"pa_typedemontre-uhrenmithandaufzug","21":"sales-flash-overlay","22":"woocommerce-text-align-center","23":"woocommerce-image-align-center","24":"do-quantity-buttons","26":"first","27":"instock","28":"taxable","29":"shipping-taxable","30":"purchasable","31":"product-type-simple"},"acf":[],"_links":{"self":[{"href":"https:\/\/dev.lediamant.ch\/de\/wp-json\/wp\/v2\/product\/128201","targetHints":{"allow":["GET"]}}],"collection":[{"href":"https:\/\/dev.lediamant.ch\/de\/wp-json\/wp\/v2\/product"}],"about":[{"href":"https:\/\/dev.lediamant.ch\/de\/wp-json\/wp\/v2\/types\/product"}],"wp:featuredmedia":[{"embeddable":true,"href":"https:\/\/dev.lediamant.ch\/de\/wp-json\/wp\/v2\/media\/128190"}],"wp:attachment":[{"href":"https:\/\/dev.lediamant.ch\/de\/wp-json\/wp\/v2\/media?parent=128201"}],"wp:term":[{"taxonomy":"brand","embeddable":true,"href":"https:\/\/dev.lediamant.ch\/de\/wp-json\/wp\/v2\/brand?post=128201"},{"taxonomy":"product_brand","embeddable":true,"href":"https:\/\/dev.lediamant.ch\/de\/wp-json\/wp\/v2\/product_brand?post=128201"},{"taxonomy":"product_cat","embeddable":true,"href":"https:\/\/dev.lediamant.ch\/de\/wp-json\/wp\/v2\/product_cat?post=128201"},{"taxonomy":"product_tag","embeddable":true,"href":"https:\/\/dev.lediamant.ch\/de\/wp-json\/wp\/v2\/product_tag?post=128201"}],"curies":[{"name":"wp","href":"https:\/\/api.w.org\/{rel}","templated":true}]}}