{"id":128913,"date":"2020-03-16T15:23:22","date_gmt":"2020-03-16T14:23:22","guid":{"rendered":"https:\/\/dev.lediamant.ch\/produit\/uhren-de\/hamilton-de\/jazzmaster-de\/hamilton-jazzmaster-seaview-chrono-quarz-44mm\/"},"modified":"2020-03-16T15:23:22","modified_gmt":"2020-03-16T14:23:22","slug":"hamilton-jazzmaster-seaview-chrono-quarz-44mm","status":"publish","type":"product","link":"https:\/\/dev.lediamant.ch\/de\/uhren\/128913-hamilton-jazzmaster-seaview-chrono-quarz-44mm\/","title":{"rendered":"Hamilton Jazzmaster Seaview Chrono Quarz | 44mm"},"content":{"rendered":"<p style=\"margin-top:0px;margin-bottom:1rem;color:#1c1c1c;font-family:Montserrat, sans-serif;font-size:14px;background-color:#ffffff;\">Die Zeiten und Gezeiten warten auf niemanden. Mit der Jazzmaster Seaview Kollektion, ihrem sportlichen Geh\u00e4use und der drehbaren L\u00fcnette ist das auch nicht n\u00f6tig. Im Herzen dieser zuverl\u00e4ssigen Modelle arbeiten hochwertige und pr\u00e4zise Quarzwerke, die ein Gleichgewicht zwischen Seefahrtsstil und traditioneller Zeitmessung bilden.<\/p>\n<p style=\"margin-top:0px;margin-bottom:1rem;color:#1c1c1c;font-family:Montserrat, sans-serif;font-size:14px;background-color:#ffffff;\"><span style=\"color:#ee744d;\"><span style=\"font-weight:bolder;\">*Zu sehen im Film Tenet (2020). Getragen vom Protagonisten, gespielt von John David Washington.<\/span>\u00a0<\/span><\/p>\n","protected":false},"excerpt":{"rendered":"<p>Die Zeiten und Gezeiten warten auf niemanden. Mit der Jazzmaster Seaview Kollektion, ihrem sportlichen Geh\u00e4use und der drehbaren L\u00fcnette ist das auch nicht n\u00f6tig. Im Herzen dieser zuverl\u00e4ssigen Modelle arbeiten hochwertige und pr\u00e4zise Quarzwerke, die ein Gleichgewicht zwischen Seefahrtsstil und traditioneller Zeitmessung bilden. *Zu sehen im Film Tenet (2020). Getragen vom Protagonisten, gespielt von John &#8230; <a title=\"Hamilton Jazzmaster Seaview Chrono Quarz | 44mm\" class=\"read-more\" href=\"https:\/\/dev.lediamant.ch\/de\/uhren\/128913-hamilton-jazzmaster-seaview-chrono-quarz-44mm\/\" aria-label=\"Mehr Informationen \u00fcber Hamilton Jazzmaster Seaview Chrono Quarz | 44mm\">Weiterlesen &#8230;<\/a><\/p>\n","protected":false},"featured_media":128902,"template":"","meta":{"_acf_changed":false,"_seopress_robots_primary_cat":"","_seopress_titles_title":"","_seopress_titles_desc":"","_seopress_robots_index":""},"brand":[27085],"product_brand":[],"product_cat":[27123,27181,27243,27137],"product_tag":[],"class_list":{"0":"post-128913","1":"product","2":"type-product","3":"status-publish","4":"has-post-thumbnail","6":"brand-hamilton-de","7":"product_cat-uhren","8":"product_cat-hamilton-de","9":"product_cat-jazzmaster-de","10":"product_cat-bracelet-ajustable-de","11":"pa_couleurduboitier-grau-de","12":"pa_couleurducadran-schwarz","13":"pa_etancheite-100m-de","14":"pa_forme-runden","15":"pa_garantie-24monate","16":"pa_genre-mann","17":"pa_matiere-stahl","18":"pa_matierebraceletmontre-edelstahl","19":"pa_mouvement-quarzbatterie-de","20":"pa_swissmade-ja-de","21":"pa_typedemontre-chronograph-de","22":"sales-flash-overlay","23":"woocommerce-text-align-center","24":"woocommerce-image-align-center","25":"do-quantity-buttons","27":"first","28":"instock","29":"taxable","30":"shipping-taxable","31":"purchasable","32":"product-type-simple"},"acf":[],"_links":{"self":[{"href":"https:\/\/dev.lediamant.ch\/de\/wp-json\/wp\/v2\/product\/128913","targetHints":{"allow":["GET"]}}],"collection":[{"href":"https:\/\/dev.lediamant.ch\/de\/wp-json\/wp\/v2\/product"}],"about":[{"href":"https:\/\/dev.lediamant.ch\/de\/wp-json\/wp\/v2\/types\/product"}],"wp:featuredmedia":[{"embeddable":true,"href":"https:\/\/dev.lediamant.ch\/de\/wp-json\/wp\/v2\/media\/128902"}],"wp:attachment":[{"href":"https:\/\/dev.lediamant.ch\/de\/wp-json\/wp\/v2\/media?parent=128913"}],"wp:term":[{"taxonomy":"brand","embeddable":true,"href":"https:\/\/dev.lediamant.ch\/de\/wp-json\/wp\/v2\/brand?post=128913"},{"taxonomy":"product_brand","embeddable":true,"href":"https:\/\/dev.lediamant.ch\/de\/wp-json\/wp\/v2\/product_brand?post=128913"},{"taxonomy":"product_cat","embeddable":true,"href":"https:\/\/dev.lediamant.ch\/de\/wp-json\/wp\/v2\/product_cat?post=128913"},{"taxonomy":"product_tag","embeddable":true,"href":"https:\/\/dev.lediamant.ch\/de\/wp-json\/wp\/v2\/product_tag?post=128913"}],"curies":[{"name":"wp","href":"https:\/\/api.w.org\/{rel}","templated":true}]}}