{"id":130189,"date":"2020-03-16T15:45:29","date_gmt":"2020-03-16T14:45:29","guid":{"rendered":"https:\/\/dev.lediamant.ch\/produit\/uhren-de\/tissot-de\/tissot-t-classic-de\/tissot-le-locle-automatik-de\/tissot-le-locle-powermatic-80-4\/"},"modified":"2025-10-03T08:19:37","modified_gmt":"2025-10-03T06:19:37","slug":"tissot-le-locle-powermatic-80-4","status":"publish","type":"product","link":"https:\/\/dev.lediamant.ch\/de\/uhren\/130189-tissot-le-locle-powermatic-80-t0064071605300\/","title":{"rendered":"Tissot Le Locle Powermatic 80"},"content":{"rendered":"<p>Die blo\u00dfe Erw\u00e4hnung des Namens Le Locle scheint allein schon eine Erfolgszutat zu sein. Die r\u00f6mischen Ziffern und die traditionelle Le Locle-Signatur vervollst\u00e4ndigen dieses Bild klassischer Eleganz, das sich sowohl tags\u00fcber als auch abends hervorragend tragen l\u00e4sst.<\/p>\n","protected":false},"excerpt":{"rendered":"<p>Die blo\u00dfe Erw\u00e4hnung des Namens Le Locle scheint allein schon eine Erfolgszutat zu sein. Die r\u00f6mischen Ziffern und die traditionelle Le Locle-Signatur vervollst\u00e4ndigen dieses Bild klassischer Eleganz, das sich sowohl tags\u00fcber als auch abends hervorragend tragen l\u00e4sst.<\/p>\n","protected":false},"featured_media":130177,"template":"","meta":{"_acf_changed":false,"_seopress_robots_primary_cat":"27472","_seopress_titles_title":"","_seopress_titles_desc":"","_seopress_robots_index":""},"brand":[27087],"product_brand":[],"product_cat":[27123,27159,27245,27473],"product_tag":[],"class_list":{"0":"post-130189","1":"product","2":"type-product","3":"status-publish","4":"has-post-thumbnail","6":"brand-tissot-de","7":"product_cat-uhren","8":"product_cat-tissot-de","9":"product_cat-tissot-classic","10":"product_cat-tissot-le-locle","11":"pa_couleurduboitier-grau-de","12":"pa_couleurdubracelet-schwarz-de","13":"pa_couleurducadran-schwarz","14":"pa_dimensions-o-39-3-mm","15":"pa_etancheite-30m-de","16":"pa_forme-runden","17":"pa_garantie-24monate","18":"pa_genre-mann","19":"pa_matiere-stahl","20":"pa_matierebraceletmontre-leder","21":"pa_mouvement-automatik-de","22":"pa_swissmade-ja-de","23":"sales-flash-overlay","24":"woocommerce-text-align-center","25":"woocommerce-image-align-center","26":"do-quantity-buttons","28":"first","29":"instock","30":"taxable","31":"shipping-taxable","32":"purchasable","33":"product-type-simple"},"acf":[],"_links":{"self":[{"href":"https:\/\/dev.lediamant.ch\/de\/wp-json\/wp\/v2\/product\/130189","targetHints":{"allow":["GET"]}}],"collection":[{"href":"https:\/\/dev.lediamant.ch\/de\/wp-json\/wp\/v2\/product"}],"about":[{"href":"https:\/\/dev.lediamant.ch\/de\/wp-json\/wp\/v2\/types\/product"}],"wp:featuredmedia":[{"embeddable":true,"href":"https:\/\/dev.lediamant.ch\/de\/wp-json\/wp\/v2\/media\/130177"}],"wp:attachment":[{"href":"https:\/\/dev.lediamant.ch\/de\/wp-json\/wp\/v2\/media?parent=130189"}],"wp:term":[{"taxonomy":"brand","embeddable":true,"href":"https:\/\/dev.lediamant.ch\/de\/wp-json\/wp\/v2\/brand?post=130189"},{"taxonomy":"product_brand","embeddable":true,"href":"https:\/\/dev.lediamant.ch\/de\/wp-json\/wp\/v2\/product_brand?post=130189"},{"taxonomy":"product_cat","embeddable":true,"href":"https:\/\/dev.lediamant.ch\/de\/wp-json\/wp\/v2\/product_cat?post=130189"},{"taxonomy":"product_tag","embeddable":true,"href":"https:\/\/dev.lediamant.ch\/de\/wp-json\/wp\/v2\/product_tag?post=130189"}],"curies":[{"name":"wp","href":"https:\/\/api.w.org\/{rel}","templated":true}]}}