{"id":130475,"date":"2020-03-16T16:36:58","date_gmt":"2020-03-16T15:36:58","guid":{"rendered":"https:\/\/dev.lediamant.ch\/produit\/uhren-de\/tissot-de\/tissot-t-lady-de\/tissot-lovely-de\/tissot-schoner-platz\/"},"modified":"2020-03-16T16:36:58","modified_gmt":"2020-03-16T15:36:58","slug":"tissot-schoner-platz","status":"publish","type":"product","link":"https:\/\/dev.lediamant.ch\/de\/uhren\/130475-tissot-schoner-platz\/","title":{"rendered":"Tissot Lovely Square"},"content":{"rendered":"<p>Die Tissot Lovely kleidet raffinierte Eleganz in zeitloses Design. Diese Ausf\u00fchrung der Tissot Lovely Kollektion hat ein viereckiges Geh\u00e4use mit eingefasstem Saphirglas. Wird die Uhr locker am Handgelenk getragen, wirkt sie wie ein atemberaubendes Schmuckst\u00fcck. Dieses Modell aus der Tissot Lovely Kollektion hat ein 316L - Edelstahlgeh\u00e4use und ein makelloses, schlichtes Zifferblatt in silber mit Indizes und Diamanten. Das schmale 316L - Edelstahlarmband hat eine Schmuckschlie\u00dfe. Alle Tissot Lovely Uhren verf\u00fcgen \u00fcber ein kratzfestes Saphirglas und werden von einem pr\u00e4zisen Swiss Made Quartzwerk angetrieben, damit Sie Tag und Nacht mit der Zeit Schritt halten k\u00f6nnen.<\/p>\n","protected":false},"excerpt":{"rendered":"<p>Die Tissot Lovely kleidet raffinierte Eleganz in zeitloses Design. Diese Ausf\u00fchrung der Tissot Lovely Kollektion hat ein viereckiges Geh\u00e4use mit eingefasstem Saphirglas. Wird die Uhr locker am Handgelenk getragen, wirkt sie wie ein atemberaubendes Schmuckst\u00fcck. Dieses Modell aus der Tissot Lovely Kollektion hat ein 316L - Edelstahlgeh\u00e4use und ein makelloses, schlichtes Zifferblatt in silber mit &#8230; <a title=\"Tissot Lovely Square\" class=\"read-more\" href=\"https:\/\/dev.lediamant.ch\/de\/uhren\/130475-tissot-schoner-platz\/\" aria-label=\"Mehr Informationen \u00fcber Tissot Lovely Square\">Weiterlesen &#8230;<\/a><\/p>\n","protected":false},"featured_media":130468,"template":"","meta":{"_acf_changed":false,"_seopress_robots_primary_cat":"","_seopress_titles_title":"","_seopress_titles_desc":"","_seopress_robots_index":""},"brand":[27087],"product_brand":[],"product_cat":[27123,27159,27297,27423,27137],"product_tag":[],"class_list":{"0":"post-130475","1":"product","2":"type-product","3":"status-publish","4":"has-post-thumbnail","6":"brand-tissot-de","7":"product_cat-uhren","8":"product_cat-tissot-de","9":"product_cat-exklusiv-fur-damen","10":"product_cat-tissot-lovely","11":"product_cat-bracelet-ajustable-de","12":"pa_couleurduboitier-grau-de","13":"pa_couleurducadran-silber","14":"pa_dimensions-o-20-mm","15":"pa_etancheite-30m-de","16":"pa_forme-quadrat-de","17":"pa_garantie-24monate","18":"pa_genre-frau","19":"pa_matiere-stahl","20":"pa_matierebraceletmontre-edelstahl","21":"pa_mouvement-quarzbatterie-de","22":"pa_swissmade-ja-de","23":"sales-flash-overlay","24":"woocommerce-text-align-center","25":"woocommerce-image-align-center","26":"do-quantity-buttons","28":"first","29":"instock","30":"taxable","31":"shipping-taxable","32":"purchasable","33":"product-type-simple"},"acf":[],"_links":{"self":[{"href":"https:\/\/dev.lediamant.ch\/de\/wp-json\/wp\/v2\/product\/130475","targetHints":{"allow":["GET"]}}],"collection":[{"href":"https:\/\/dev.lediamant.ch\/de\/wp-json\/wp\/v2\/product"}],"about":[{"href":"https:\/\/dev.lediamant.ch\/de\/wp-json\/wp\/v2\/types\/product"}],"wp:featuredmedia":[{"embeddable":true,"href":"https:\/\/dev.lediamant.ch\/de\/wp-json\/wp\/v2\/media\/130468"}],"wp:attachment":[{"href":"https:\/\/dev.lediamant.ch\/de\/wp-json\/wp\/v2\/media?parent=130475"}],"wp:term":[{"taxonomy":"brand","embeddable":true,"href":"https:\/\/dev.lediamant.ch\/de\/wp-json\/wp\/v2\/brand?post=130475"},{"taxonomy":"product_brand","embeddable":true,"href":"https:\/\/dev.lediamant.ch\/de\/wp-json\/wp\/v2\/product_brand?post=130475"},{"taxonomy":"product_cat","embeddable":true,"href":"https:\/\/dev.lediamant.ch\/de\/wp-json\/wp\/v2\/product_cat?post=130475"},{"taxonomy":"product_tag","embeddable":true,"href":"https:\/\/dev.lediamant.ch\/de\/wp-json\/wp\/v2\/product_tag?post=130475"}],"curies":[{"name":"wp","href":"https:\/\/api.w.org\/{rel}","templated":true}]}}