{"id":130745,"date":"2020-03-16T16:45:39","date_gmt":"2020-03-16T15:45:39","guid":{"rendered":"https:\/\/dev.lediamant.ch\/produit\/uhren-de\/tissot-de\/tissot-t-classic-de\/tissot-tradition-de\/tissot-tradition-5\/"},"modified":"2020-03-16T16:45:39","modified_gmt":"2020-03-16T15:45:39","slug":"tissot-tradition-5","status":"publish","type":"product","link":"https:\/\/dev.lediamant.ch\/de\/uhren\/130745-tissot-tradition-5\/","title":{"rendered":"Tissot Tradition"},"content":{"rendered":"<p>Die Tissot Tradition bleibt mit ihrem klassischen Vintage-Look ihrem Erbe treu und ist deshalb ein wahres Muss f\u00fcr Uhrenliebhaber. Ihr unwiderstehlicher und zeitloser Vintage-Stil mit dem Guilloche-Dekor und dem geschwungenen 316L - Edelstahlgeh\u00e4use im Stil der 1950er Jahre betonen ihre Attraktivit\u00e4t. Das Swiss Made Quartzwerk mit Batterie-Endanzeige dieses klassischen Modells der Tissot Tradition wird von einem gew\u00f6lbten, kratzfesten Saphirglas gesch\u00fctzt und verf\u00fcgt \u00fcber eine Datumsanzeige, welche der Uhr zus\u00e4tzlichen Reiz verleiht. Diese Uhr aus der Tissot Tradition Serie hat ein 316L - Edelstahlarmband mit Butterfly-Faltschlie\u00dfe mit Dr\u00fcckern sowie ein anthrazitfarbenes Zifferblatt mit arabischen Ziffern und Indizes.<\/p>\n","protected":false},"excerpt":{"rendered":"<p>Die Tissot Tradition bleibt mit ihrem klassischen Vintage-Look ihrem Erbe treu und ist deshalb ein wahres Muss f\u00fcr Uhrenliebhaber. Ihr unwiderstehlicher und zeitloser Vintage-Stil mit dem Guilloche-Dekor und dem geschwungenen 316L - Edelstahlgeh\u00e4use im Stil der 1950er Jahre betonen ihre Attraktivit\u00e4t. Das Swiss Made Quartzwerk mit Batterie-Endanzeige dieses klassischen Modells der Tissot Tradition wird von &#8230; <a title=\"Tissot Tradition\" class=\"read-more\" href=\"https:\/\/dev.lediamant.ch\/de\/uhren\/130745-tissot-tradition-5\/\" aria-label=\"Mehr Informationen \u00fcber Tissot Tradition\">Weiterlesen &#8230;<\/a><\/p>\n","protected":false},"featured_media":130738,"template":"","meta":{"_acf_changed":false,"_seopress_robots_primary_cat":"","_seopress_titles_title":"","_seopress_titles_desc":"","_seopress_robots_index":""},"brand":[27087],"product_brand":[],"product_cat":[27123,27159,27245,27497,27137],"product_tag":[],"class_list":{"0":"post-130745","1":"product","2":"type-product","3":"status-publish","4":"has-post-thumbnail","6":"brand-tissot-de","7":"product_cat-uhren","8":"product_cat-tissot-de","9":"product_cat-tissot-classic","10":"product_cat-tissot-tradition","11":"product_cat-bracelet-ajustable-de","12":"pa_couleurduboitier-grau-de","13":"pa_couleurducadran-anthrazit","14":"pa_dimensions-o-42-mm","15":"pa_etancheite-30m-de","16":"pa_forme-runden","17":"pa_garantie-24monate","18":"pa_genre-mann","19":"pa_matiere-stahl","20":"pa_matierebraceletmontre-edelstahl","21":"pa_mouvement-quarzbatterie-de","22":"pa_swissmade-ja-de","23":"sales-flash-overlay","24":"woocommerce-text-align-center","25":"woocommerce-image-align-center","26":"do-quantity-buttons","28":"first","29":"instock","30":"taxable","31":"shipping-taxable","32":"purchasable","33":"product-type-simple"},"acf":[],"_links":{"self":[{"href":"https:\/\/dev.lediamant.ch\/de\/wp-json\/wp\/v2\/product\/130745","targetHints":{"allow":["GET"]}}],"collection":[{"href":"https:\/\/dev.lediamant.ch\/de\/wp-json\/wp\/v2\/product"}],"about":[{"href":"https:\/\/dev.lediamant.ch\/de\/wp-json\/wp\/v2\/types\/product"}],"wp:featuredmedia":[{"embeddable":true,"href":"https:\/\/dev.lediamant.ch\/de\/wp-json\/wp\/v2\/media\/130738"}],"wp:attachment":[{"href":"https:\/\/dev.lediamant.ch\/de\/wp-json\/wp\/v2\/media?parent=130745"}],"wp:term":[{"taxonomy":"brand","embeddable":true,"href":"https:\/\/dev.lediamant.ch\/de\/wp-json\/wp\/v2\/brand?post=130745"},{"taxonomy":"product_brand","embeddable":true,"href":"https:\/\/dev.lediamant.ch\/de\/wp-json\/wp\/v2\/product_brand?post=130745"},{"taxonomy":"product_cat","embeddable":true,"href":"https:\/\/dev.lediamant.ch\/de\/wp-json\/wp\/v2\/product_cat?post=130745"},{"taxonomy":"product_tag","embeddable":true,"href":"https:\/\/dev.lediamant.ch\/de\/wp-json\/wp\/v2\/product_tag?post=130745"}],"curies":[{"name":"wp","href":"https:\/\/api.w.org\/{rel}","templated":true}]}}