{"id":130787,"date":"2020-03-16T16:46:07","date_gmt":"2020-03-16T15:46:07","guid":{"rendered":"https:\/\/dev.lediamant.ch\/produit\/uhren-de\/tissot-de\/tissot-t-classic-de\/tissot-tradition-de\/tissot-tradition-10\/"},"modified":"2020-03-16T16:46:07","modified_gmt":"2020-03-16T15:46:07","slug":"tissot-tradition-10","status":"publish","type":"product","link":"https:\/\/dev.lediamant.ch\/de\/uhren\/130787-tissot-tradition-10\/","title":{"rendered":"Tissot Tradition"},"content":{"rendered":"<p>Die Tissot Tradition bleibt mit ihrem klassischen Vintage-Look ihrem Erbe treu und ist deshalb ein wahres Muss f\u00fcr Uhrenliebhaber. Ihr unwiderstehlicher und zeitloser Vintage-Stil mit dem Guilloche-Dekor und dem geschwungenen 316L - Edelstahlgeh\u00e4use in Bicolor-Optik mit gelbgoldfarbener PVD-Beschichtung im Stil der 1950er Jahre betonen ihre Attraktivit\u00e4t. Das Swiss Made Quartzwerk mit Batterie-Endanzeige dieses klassischen Modells der Tissot Tradition wird von einem gew\u00f6lbten, kratzfesten Saphirglas gesch\u00fctzt und verf\u00fcgt \u00fcber eine Datumsanzeige, welche der Uhr zus\u00e4tzlichen Reiz verleiht. Diese Uhr aus der Tissot Tradition Serie hat ein massives Bicolor 316L-Edelstahlarmband mit gelbgoldfarbener PVD-Beschichtung und mit Butterfly-Faltschlie\u00dfe mit Dr\u00fcckern. Das silberfarbene Zifferblatt mit arabischen Ziffern und Indizes rundet die klassische Optik ab.<\/p>\n","protected":false},"excerpt":{"rendered":"<p>Die Tissot Tradition bleibt mit ihrem klassischen Vintage-Look ihrem Erbe treu und ist deshalb ein wahres Muss f\u00fcr Uhrenliebhaber. Ihr unwiderstehlicher und zeitloser Vintage-Stil mit dem Guilloche-Dekor und dem geschwungenen 316L - Edelstahlgeh\u00e4use in Bicolor-Optik mit gelbgoldfarbener PVD-Beschichtung im Stil der 1950er Jahre betonen ihre Attraktivit\u00e4t. Das Swiss Made Quartzwerk mit Batterie-Endanzeige dieses klassischen Modells &#8230; <a title=\"Tissot Tradition\" class=\"read-more\" href=\"https:\/\/dev.lediamant.ch\/de\/uhren\/130787-tissot-tradition-10\/\" aria-label=\"Mehr Informationen \u00fcber Tissot Tradition\">Weiterlesen &#8230;<\/a><\/p>\n","protected":false},"featured_media":130780,"template":"","meta":{"_acf_changed":false,"_seopress_robots_primary_cat":"","_seopress_titles_title":"","_seopress_titles_desc":"","_seopress_robots_index":""},"brand":[27087],"product_brand":[],"product_cat":[27123,27159,27245,27497,27137],"product_tag":[],"class_list":{"0":"post-130787","1":"product","2":"type-product","3":"status-publish","4":"has-post-thumbnail","6":"brand-tissot-de","7":"product_cat-uhren","8":"product_cat-tissot-de","9":"product_cat-tissot-classic","10":"product_cat-tissot-tradition","11":"product_cat-bracelet-ajustable-de","12":"pa_couleurduboitier-zweifarbig-de","13":"pa_couleurducadran-silber","14":"pa_etancheite-30m-de","15":"pa_forme-runden","16":"pa_garantie-24monate","17":"pa_genre-mann","18":"pa_matiere-zweifarbigstahlgelbgoldpvd","19":"pa_matierebraceletmontre-edelstahl","20":"pa_mouvement-quarzbatterie-de","21":"pa_swissmade-ja-de","22":"sales-flash-overlay","23":"woocommerce-text-align-center","24":"woocommerce-image-align-center","25":"do-quantity-buttons","27":"first","28":"instock","29":"taxable","30":"shipping-taxable","31":"purchasable","32":"product-type-simple"},"acf":[],"_links":{"self":[{"href":"https:\/\/dev.lediamant.ch\/de\/wp-json\/wp\/v2\/product\/130787","targetHints":{"allow":["GET"]}}],"collection":[{"href":"https:\/\/dev.lediamant.ch\/de\/wp-json\/wp\/v2\/product"}],"about":[{"href":"https:\/\/dev.lediamant.ch\/de\/wp-json\/wp\/v2\/types\/product"}],"wp:featuredmedia":[{"embeddable":true,"href":"https:\/\/dev.lediamant.ch\/de\/wp-json\/wp\/v2\/media\/130780"}],"wp:attachment":[{"href":"https:\/\/dev.lediamant.ch\/de\/wp-json\/wp\/v2\/media?parent=130787"}],"wp:term":[{"taxonomy":"brand","embeddable":true,"href":"https:\/\/dev.lediamant.ch\/de\/wp-json\/wp\/v2\/brand?post=130787"},{"taxonomy":"product_brand","embeddable":true,"href":"https:\/\/dev.lediamant.ch\/de\/wp-json\/wp\/v2\/product_brand?post=130787"},{"taxonomy":"product_cat","embeddable":true,"href":"https:\/\/dev.lediamant.ch\/de\/wp-json\/wp\/v2\/product_cat?post=130787"},{"taxonomy":"product_tag","embeddable":true,"href":"https:\/\/dev.lediamant.ch\/de\/wp-json\/wp\/v2\/product_tag?post=130787"}],"curies":[{"name":"wp","href":"https:\/\/api.w.org\/{rel}","templated":true}]}}