{"id":131177,"date":"2020-03-16T17:46:14","date_gmt":"2020-03-16T16:46:14","guid":{"rendered":"https:\/\/dev.lediamant.ch\/produit\/uhren-de\/tissot-de\/tissot-t-classic-de\/tissot-bridgeport-de\/tissot-bridgeport-3\/"},"modified":"2020-03-16T17:46:14","modified_gmt":"2020-03-16T16:46:14","slug":"tissot-bridgeport-3","status":"publish","type":"product","link":"https:\/\/dev.lediamant.ch\/de\/uhren\/131177-tissot-bridgeport-3\/","title":{"rendered":"Tissot Bridgeport"},"content":{"rendered":"<p>Bei der Tissot Bridgeport Kollektion trifft edles Design auf traditionelle Uhrmacherkunst. Dieses klassische Herrenmodell ist mit einem Swiss Made Quartzwerk mit End-of-Life Anzeige ausger\u00fcstet. Das kratzfeste Saphirglas sch\u00fctzt das silberfarbene Zifferblatt mit Indizes und r\u00f6mischen Ziffern sowie einer Datumsanzeige. Das 316L - Edelstahlgeh\u00e4use ist bei dieser Uhr mit einem schwarzen Lederarmband mit Butterfly-Faltschlie\u00dfe und Dr\u00fcckern kombiniert.<\/p>\n","protected":false},"excerpt":{"rendered":"<p>Bei der Tissot Bridgeport Kollektion trifft edles Design auf traditionelle Uhrmacherkunst. Dieses klassische Herrenmodell ist mit einem Swiss Made Quartzwerk mit End-of-Life Anzeige ausger\u00fcstet. Das kratzfeste Saphirglas sch\u00fctzt das silberfarbene Zifferblatt mit Indizes und r\u00f6mischen Ziffern sowie einer Datumsanzeige. Das 316L - Edelstahlgeh\u00e4use ist bei dieser Uhr mit einem schwarzen Lederarmband mit Butterfly-Faltschlie\u00dfe und Dr\u00fcckern &#8230; <a title=\"Tissot Bridgeport\" class=\"read-more\" href=\"https:\/\/dev.lediamant.ch\/de\/uhren\/131177-tissot-bridgeport-3\/\" aria-label=\"Mehr Informationen \u00fcber Tissot Bridgeport\">Weiterlesen &#8230;<\/a><\/p>\n","protected":false},"featured_media":131170,"template":"","meta":{"_acf_changed":false,"_seopress_robots_primary_cat":"","_seopress_titles_title":"","_seopress_titles_desc":"","_seopress_robots_index":""},"brand":[27087],"product_brand":[],"product_cat":[27123,27159,27245],"product_tag":[],"class_list":{"0":"post-131177","1":"product","2":"type-product","3":"status-publish","4":"has-post-thumbnail","6":"brand-tissot-de","7":"product_cat-uhren","8":"product_cat-tissot-de","9":"product_cat-tissot-classic","10":"pa_couleurduboitier-grau-de","11":"pa_couleurdubracelet-braun-de","12":"pa_couleurducadran-silber","13":"pa_dimensions-o-40-mm","14":"pa_etancheite-50m-de","15":"pa_forme-runden","16":"pa_garantie-24monate","17":"pa_genre-mann","18":"pa_matiere-stahl","19":"pa_matierebraceletmontre-leder","20":"pa_mouvement-quarzbatterie-de","21":"pa_swissmade-ja-de","22":"sales-flash-overlay","23":"woocommerce-text-align-center","24":"woocommerce-image-align-center","25":"do-quantity-buttons","27":"first","28":"instock","29":"taxable","30":"shipping-taxable","31":"purchasable","32":"product-type-simple"},"acf":[],"_links":{"self":[{"href":"https:\/\/dev.lediamant.ch\/de\/wp-json\/wp\/v2\/product\/131177","targetHints":{"allow":["GET"]}}],"collection":[{"href":"https:\/\/dev.lediamant.ch\/de\/wp-json\/wp\/v2\/product"}],"about":[{"href":"https:\/\/dev.lediamant.ch\/de\/wp-json\/wp\/v2\/types\/product"}],"wp:featuredmedia":[{"embeddable":true,"href":"https:\/\/dev.lediamant.ch\/de\/wp-json\/wp\/v2\/media\/131170"}],"wp:attachment":[{"href":"https:\/\/dev.lediamant.ch\/de\/wp-json\/wp\/v2\/media?parent=131177"}],"wp:term":[{"taxonomy":"brand","embeddable":true,"href":"https:\/\/dev.lediamant.ch\/de\/wp-json\/wp\/v2\/brand?post=131177"},{"taxonomy":"product_brand","embeddable":true,"href":"https:\/\/dev.lediamant.ch\/de\/wp-json\/wp\/v2\/product_brand?post=131177"},{"taxonomy":"product_cat","embeddable":true,"href":"https:\/\/dev.lediamant.ch\/de\/wp-json\/wp\/v2\/product_cat?post=131177"},{"taxonomy":"product_tag","embeddable":true,"href":"https:\/\/dev.lediamant.ch\/de\/wp-json\/wp\/v2\/product_tag?post=131177"}],"curies":[{"name":"wp","href":"https:\/\/api.w.org\/{rel}","templated":true}]}}