{"id":131263,"date":"2020-03-16T17:50:56","date_gmt":"2020-03-16T16:50:56","guid":{"rendered":"https:\/\/dev.lediamant.ch\/produit\/uhren-de\/tissot-de\/tissot-t-classic-de\/tissot-chemin-des-tourelles-de\/tissot-chemin-des-tourelles-powermatic-80-2\/"},"modified":"2020-03-16T17:50:56","modified_gmt":"2020-03-16T16:50:56","slug":"tissot-chemin-des-tourelles-powermatic-80-2","status":"publish","type":"product","link":"https:\/\/dev.lediamant.ch\/de\/uhren\/131263-tissot-chemin-des-tourelles-powermatic-80-2\/","title":{"rendered":"Tissot Chemin Des Tourelles Powermatic 80"},"content":{"rendered":"<p>Die Tissot Chemin des Tourelles ist eine ganz besondere Uhr, in der ein wichtiger Teil der Tissot-Geschichte verborgen ist. Sie hat ihren Namen von der Stra\u00dfe im Schweizer Ort Le Locle, in der 1907 die Tissot-Manufaktur errichtet wurde und wo das Unternehmen auch heute noch zu finden ist. Die Uhr ehrt die reiche, langj\u00e4hrige Erfahrung des Unternehmens durch ein zeitgem\u00e4\u00dfes Design mit elegantem Geh\u00e4use. Die Tissot Chemin des Tourelles pr\u00e4sentiert sich in einer Vielzahl verschiedener Versionen, doch alle Modelle legen gro\u00dfen Wert auf Details und bieten genug, um jeden gl\u00fccklich zu machen. Diese Dreizeigeruhr besitzt ein silberfarbenes Zifferblatt mit Sonnenschliff unter den arabischen Ziffern und eine Datumsanzeige. Das 316L-Edelstahlgeh\u00e4use mit Sichtboden hat ein gew\u00f6lbtes, kratzfestes Saphirglas mit Entspiegelungsbeschichtung, welches das Swiss-Made Powermatic 80 Werk sch\u00fctzt. Das 316L Edelstahlarmband hat eine Butterfly-Faltschlie\u00dfe mit Dr\u00fcckern.<\/p>\n","protected":false},"excerpt":{"rendered":"<p><\/p>\n","protected":false},"featured_media":131254,"template":"","meta":{"_acf_changed":false,"_seopress_robots_primary_cat":"","_seopress_titles_title":"","_seopress_titles_desc":"","_seopress_robots_index":""},"brand":[27087],"product_brand":[],"product_cat":[27123,27159,27245,27489,27137],"product_tag":[],"class_list":{"0":"post-131263","1":"product","2":"type-product","3":"status-publish","4":"has-post-thumbnail","6":"brand-tissot-de","7":"product_cat-uhren","8":"product_cat-tissot-de","9":"product_cat-tissot-classic","10":"product_cat-tissot-chemin-des-tourelles","11":"product_cat-bracelet-ajustable-de","12":"pa_couleurduboitier-grau-de","13":"pa_couleurducadran-silber","14":"pa_dimensions-o-42-mm","15":"pa_etancheite-50m-de","16":"pa_forme-runden","17":"pa_garantie-24monate","18":"pa_genre-mann","19":"pa_matiere-stahl","20":"pa_matierebraceletmontre-edelstahl","21":"pa_mouvement-automatik-de","22":"pa_swissmade-ja-de","23":"sales-flash-overlay","24":"woocommerce-text-align-center","25":"woocommerce-image-align-center","26":"do-quantity-buttons","28":"first","29":"instock","30":"taxable","31":"shipping-taxable","32":"purchasable","33":"product-type-simple"},"acf":[],"_links":{"self":[{"href":"https:\/\/dev.lediamant.ch\/de\/wp-json\/wp\/v2\/product\/131263","targetHints":{"allow":["GET"]}}],"collection":[{"href":"https:\/\/dev.lediamant.ch\/de\/wp-json\/wp\/v2\/product"}],"about":[{"href":"https:\/\/dev.lediamant.ch\/de\/wp-json\/wp\/v2\/types\/product"}],"wp:featuredmedia":[{"embeddable":true,"href":"https:\/\/dev.lediamant.ch\/de\/wp-json\/wp\/v2\/media\/131254"}],"wp:attachment":[{"href":"https:\/\/dev.lediamant.ch\/de\/wp-json\/wp\/v2\/media?parent=131263"}],"wp:term":[{"taxonomy":"brand","embeddable":true,"href":"https:\/\/dev.lediamant.ch\/de\/wp-json\/wp\/v2\/brand?post=131263"},{"taxonomy":"product_brand","embeddable":true,"href":"https:\/\/dev.lediamant.ch\/de\/wp-json\/wp\/v2\/product_brand?post=131263"},{"taxonomy":"product_cat","embeddable":true,"href":"https:\/\/dev.lediamant.ch\/de\/wp-json\/wp\/v2\/product_cat?post=131263"},{"taxonomy":"product_tag","embeddable":true,"href":"https:\/\/dev.lediamant.ch\/de\/wp-json\/wp\/v2\/product_tag?post=131263"}],"curies":[{"name":"wp","href":"https:\/\/api.w.org\/{rel}","templated":true}]}}