{"id":132229,"date":"2020-03-16T18:39:20","date_gmt":"2020-03-16T17:39:20","guid":{"rendered":"https:\/\/dev.lediamant.ch\/produit\/uhren-de\/tissot-de\/tissot-t-sport-de\/tissot-chrono-xl-de\/tissot-chrono-xl-classic-2\/"},"modified":"2020-03-16T18:39:20","modified_gmt":"2020-03-16T17:39:20","slug":"tissot-chrono-xl-classic-2","status":"publish","type":"product","link":"https:\/\/dev.lediamant.ch\/de\/uhren\/132229-tissot-chrono-xl-classic-2\/","title":{"rendered":"Tissot Chrono Xl Classic"},"content":{"rendered":"<p>Der Tissot Chrono XL ist eine neue Produktline innerhalb der Tissot Sport Kollektion. Der Chronograph mit Swiss-Made Quartzwerk besitzt ein 316-Edelstahl Geh\u00e4use. Das kratzfeste Saphirglas sch\u00fctzt das blaue Zifferblatt mit Indizes und arabischen Ziffern, welche eine Superluminova Beschichtung besitzen. Das massive 316L-Edelstahlarmband besitzt eine Faltschlie\u00dfe mit Dr\u00fcckern. Der Geh\u00e4use-Durchmesser von 45 mm unterstreicht das sportliche Aussehen der Tissot Chrono XL.<\/p>\n","protected":false},"excerpt":{"rendered":"<p>Der Tissot Chrono XL ist eine neue Produktline innerhalb der Tissot Sport Kollektion. Der Chronograph mit Swiss-Made Quartzwerk besitzt ein 316-Edelstahl Geh\u00e4use. Das kratzfeste Saphirglas sch\u00fctzt das blaue Zifferblatt mit Indizes und arabischen Ziffern, welche eine Superluminova Beschichtung besitzen. Das massive 316L-Edelstahlarmband besitzt eine Faltschlie\u00dfe mit Dr\u00fcckern. Der Geh\u00e4use-Durchmesser von 45 mm unterstreicht das sportliche &#8230; <a title=\"Tissot Chrono Xl Classic\" class=\"read-more\" href=\"https:\/\/dev.lediamant.ch\/de\/uhren\/132229-tissot-chrono-xl-classic-2\/\" aria-label=\"Mehr Informationen \u00fcber Tissot Chrono Xl Classic\">Weiterlesen &#8230;<\/a><\/p>\n","protected":false},"featured_media":132220,"template":"","meta":{"_acf_changed":false,"_seopress_robots_primary_cat":"","_seopress_titles_title":"","_seopress_titles_desc":"","_seopress_robots_index":""},"brand":[27087],"product_brand":[],"product_cat":[27123,27159,27203,27493,27137],"product_tag":[],"class_list":{"0":"post-132229","1":"product","2":"type-product","3":"status-publish","4":"has-post-thumbnail","6":"brand-tissot-de","7":"product_cat-uhren","8":"product_cat-tissot-de","9":"product_cat-tissot-sport","10":"product_cat-tissot-xl","11":"product_cat-bracelet-ajustable-de","12":"pa_couleurduboitier-grau-de","13":"pa_couleurducadran-blau","14":"pa_dimensions-o-45-mm","15":"pa_etancheite-100m-de","16":"pa_forme-runden","17":"pa_garantie-24monate","18":"pa_genre-mann","19":"pa_matiere-stahl","20":"pa_matierebraceletmontre-edelstahl","21":"pa_mouvement-quarzbatterie-de","22":"pa_swissmade-ja-de","23":"pa_typedemontre-chronograph-de","24":"sales-flash-overlay","25":"woocommerce-text-align-center","26":"woocommerce-image-align-center","27":"do-quantity-buttons","29":"first","30":"instock","31":"taxable","32":"shipping-taxable","33":"purchasable","34":"product-type-simple"},"acf":[],"_links":{"self":[{"href":"https:\/\/dev.lediamant.ch\/de\/wp-json\/wp\/v2\/product\/132229","targetHints":{"allow":["GET"]}}],"collection":[{"href":"https:\/\/dev.lediamant.ch\/de\/wp-json\/wp\/v2\/product"}],"about":[{"href":"https:\/\/dev.lediamant.ch\/de\/wp-json\/wp\/v2\/types\/product"}],"wp:featuredmedia":[{"embeddable":true,"href":"https:\/\/dev.lediamant.ch\/de\/wp-json\/wp\/v2\/media\/132220"}],"wp:attachment":[{"href":"https:\/\/dev.lediamant.ch\/de\/wp-json\/wp\/v2\/media?parent=132229"}],"wp:term":[{"taxonomy":"brand","embeddable":true,"href":"https:\/\/dev.lediamant.ch\/de\/wp-json\/wp\/v2\/brand?post=132229"},{"taxonomy":"product_brand","embeddable":true,"href":"https:\/\/dev.lediamant.ch\/de\/wp-json\/wp\/v2\/product_brand?post=132229"},{"taxonomy":"product_cat","embeddable":true,"href":"https:\/\/dev.lediamant.ch\/de\/wp-json\/wp\/v2\/product_cat?post=132229"},{"taxonomy":"product_tag","embeddable":true,"href":"https:\/\/dev.lediamant.ch\/de\/wp-json\/wp\/v2\/product_tag?post=132229"}],"curies":[{"name":"wp","href":"https:\/\/api.w.org\/{rel}","templated":true}]}}