{"id":132543,"date":"2020-03-16T18:48:00","date_gmt":"2020-03-16T17:48:00","guid":{"rendered":"https:\/\/dev.lediamant.ch\/produit\/uhren-de\/tissot-de\/tissot-t-sport-de\/tissot-seastar-1000-quartz-de\/tissot-seastar-1000-chronograph-2\/"},"modified":"2020-03-16T18:48:00","modified_gmt":"2020-03-16T17:48:00","slug":"tissot-seastar-1000-chronograph-2","status":"publish","type":"product","link":"https:\/\/dev.lediamant.ch\/de\/uhren\/132543-tissot-seastar-1000-chronograph-2\/","title":{"rendered":"Tissot Seastar 1000 Chronograph"},"content":{"rendered":"<p>Der Tissot Seastar 1000 Quartz Chronograph ist die perfekte Wahl f\u00fcr Taucher. Sie beeindruckt durch ihre Hochleistungsf\u00e4higkeit bis zu einem Druck von 30 bar (300 m \/ 1000 ft), verschraubter Krone und Dr\u00fcckern sowie verschraubtem Geh\u00e4useboden, lumineszierenden Zeigern und Indizes sowie der einseitig drehbaren schwarzen Aluminium-Taucherl\u00fcnette. Bei aller markanten Optik kommt die Funktionalit\u00e4t nicht zu kurz: 45,5 Millimeter Durchmesser und gro\u00dfz\u00fcgig eingesetzte SuperLuminova Leuchtmasse sorgen f\u00fcr beste Ablesbarkeit. Das Edelstahlgeh\u00e4use mit verschraubtem Geh\u00e4useboden, verschraubter Krone und verschraubten Dr\u00fcckern gew\u00e4hrt in Kombination mit dem kratzfesten, entspiegelten Saphirglas zuverl\u00e4ssige Robustheit bis zu einem Druck von 30 bar (300 m \/ 1000 ft). Weitere tauchspezifische Elemente sind die linksdrehende Aluminiuml\u00fcnette sowie die Taucherverl\u00e4ngerung am Edelstahlarmband mit Sicherheitsfaltschlie\u00dfe. Mit dieser Uhr k\u00f6nnen Sie sich mutig in d<\/p>\n","protected":false},"excerpt":{"rendered":"<p>Der Tissot Seastar 1000 Quartz Chronograph ist die perfekte Wahl f\u00fcr Taucher. Sie beeindruckt durch ihre Hochleistungsf\u00e4higkeit bis zu einem Druck von 30 bar (300 m \/ 1000 ft), verschraubter Krone und Dr\u00fcckern sowie verschraubtem Geh\u00e4useboden, lumineszierenden Zeigern und Indizes sowie der einseitig drehbaren schwarzen Aluminium-Taucherl\u00fcnette. Bei aller markanten Optik kommt die Funktionalit\u00e4t nicht zu &#8230; <a title=\"Tissot Seastar 1000 Chronograph\" class=\"read-more\" href=\"https:\/\/dev.lediamant.ch\/de\/uhren\/132543-tissot-seastar-1000-chronograph-2\/\" aria-label=\"Mehr Informationen \u00fcber Tissot Seastar 1000 Chronograph\">Weiterlesen &#8230;<\/a><\/p>\n","protected":false},"featured_media":132534,"template":"","meta":{"_acf_changed":false,"_seopress_robots_primary_cat":"","_seopress_titles_title":"","_seopress_titles_desc":"","_seopress_robots_index":""},"brand":[27087],"product_brand":[],"product_cat":[27123,27159,27203,27441,27137],"product_tag":[],"class_list":{"0":"post-132543","1":"product","2":"type-product","3":"status-publish","4":"has-post-thumbnail","6":"brand-tissot-de","7":"product_cat-uhren","8":"product_cat-tissot-de","9":"product_cat-tissot-sport","10":"product_cat-tissot-seastar","11":"product_cat-bracelet-ajustable-de","12":"pa_couleurduboitier-grau-de","13":"pa_couleurducadran-schwarz","14":"pa_dimensions-o-45-5-mm","15":"pa_etancheite-300m-de","16":"pa_forme-runden","17":"pa_garantie-24monate","18":"pa_genre-mann","19":"pa_matiere-stahl","20":"pa_matierebraceletmontre-edelstahl","21":"pa_mouvement-quarzbatterie-de","22":"pa_swissmade-ja-de","23":"pa_typedemontre-chronograph-de","24":"sales-flash-overlay","25":"woocommerce-text-align-center","26":"woocommerce-image-align-center","27":"do-quantity-buttons","29":"first","30":"instock","31":"taxable","32":"shipping-taxable","33":"purchasable","34":"product-type-simple"},"acf":[],"_links":{"self":[{"href":"https:\/\/dev.lediamant.ch\/de\/wp-json\/wp\/v2\/product\/132543","targetHints":{"allow":["GET"]}}],"collection":[{"href":"https:\/\/dev.lediamant.ch\/de\/wp-json\/wp\/v2\/product"}],"about":[{"href":"https:\/\/dev.lediamant.ch\/de\/wp-json\/wp\/v2\/types\/product"}],"wp:featuredmedia":[{"embeddable":true,"href":"https:\/\/dev.lediamant.ch\/de\/wp-json\/wp\/v2\/media\/132534"}],"wp:attachment":[{"href":"https:\/\/dev.lediamant.ch\/de\/wp-json\/wp\/v2\/media?parent=132543"}],"wp:term":[{"taxonomy":"brand","embeddable":true,"href":"https:\/\/dev.lediamant.ch\/de\/wp-json\/wp\/v2\/brand?post=132543"},{"taxonomy":"product_brand","embeddable":true,"href":"https:\/\/dev.lediamant.ch\/de\/wp-json\/wp\/v2\/product_brand?post=132543"},{"taxonomy":"product_cat","embeddable":true,"href":"https:\/\/dev.lediamant.ch\/de\/wp-json\/wp\/v2\/product_cat?post=132543"},{"taxonomy":"product_tag","embeddable":true,"href":"https:\/\/dev.lediamant.ch\/de\/wp-json\/wp\/v2\/product_tag?post=132543"}],"curies":[{"name":"wp","href":"https:\/\/api.w.org\/{rel}","templated":true}]}}