{"id":132827,"date":"2020-03-16T18:51:31","date_gmt":"2020-03-16T17:51:31","guid":{"rendered":"https:\/\/dev.lediamant.ch\/produit\/uhren-de\/tissot-de\/tissot-t-classic-de\/tissot-carson-de\/tissot-carson-premium-4\/"},"modified":"2020-03-16T18:51:31","modified_gmt":"2020-03-16T17:51:31","slug":"tissot-carson-premium-4","status":"publish","type":"product","link":"https:\/\/dev.lediamant.ch\/de\/uhren\/132827-tissot-carson-premium-4\/","title":{"rendered":"Tissot Carson Premium"},"content":{"rendered":"<p>Durch ihr puristisches Design, ihre Stilsicherheit und die schmeichelhaften Veredelungen wird die Tissot Carson Premium -Kollektion immer perfekt sein. Als \u201eInnovator by Tradition\u201c f\u00fcgt Tissot dem die Anerkennung und Kraft seines Namens hinzu, der international f\u00fcr die Qualit\u00e4t seiner Swiss Made Produkte ger\u00fchmt wird. Die Tissot Carson Gent pr\u00e4sentiert sich in unterschiedlichen Ausf\u00fchrungen mit Leder- oder 316L - Edelstahlarmband sowie mit PVD-Beschichtungen oder ganz klassisch in Edelstahl. Die Anwendung der PVD-Beschichtungstechnik bietet alle Vorteile von goldfarbenen Farbvarianten \u2013 seine Best\u00e4ndigkeit, seine W\u00e4rme, seinen edlen Glanz \u2013, ohne dass dies den Preis beeinflusst. Diese Uhr mit einem ausgewogenen Durchmesser von 40 mm ist mit einem Swiss Made Quartzuhrwerk ausger\u00fcstet. Diese Ausf\u00fchrung hat ein 316L-Edelstahlgeh\u00e4use und ein kratzfestes Saphirglas sowie ein blaueses Zifferblatt mit Datumsanzeige und r\u00f6mischen Ziffern. Das blaue Led<\/p>\n","protected":false},"excerpt":{"rendered":"<p>Durch ihr puristisches Design, ihre Stilsicherheit und die schmeichelhaften Veredelungen wird die Tissot Carson Premium -Kollektion immer perfekt sein. Als \u201eInnovator by Tradition\u201c f\u00fcgt Tissot dem die Anerkennung und Kraft seines Namens hinzu, der international f\u00fcr die Qualit\u00e4t seiner Swiss Made Produkte ger\u00fchmt wird. Die Tissot Carson Gent pr\u00e4sentiert sich in unterschiedlichen Ausf\u00fchrungen mit Leder- &#8230; <a title=\"Tissot Carson Premium\" class=\"read-more\" href=\"https:\/\/dev.lediamant.ch\/de\/uhren\/132827-tissot-carson-premium-4\/\" aria-label=\"Mehr Informationen \u00fcber Tissot Carson Premium\">Weiterlesen &#8230;<\/a><\/p>\n","protected":false},"featured_media":132820,"template":"","meta":{"_acf_changed":false,"_seopress_robots_primary_cat":"","_seopress_titles_title":"","_seopress_titles_desc":"","_seopress_robots_index":""},"brand":[27087],"product_brand":[],"product_cat":[27123,27159,27245,27501],"product_tag":[],"class_list":{"0":"post-132827","1":"product","2":"type-product","3":"status-publish","4":"has-post-thumbnail","6":"brand-tissot-de","7":"product_cat-uhren","8":"product_cat-tissot-de","9":"product_cat-tissot-classic","10":"product_cat-tissot-carson","11":"pa_couleurduboitier-grau-de","12":"pa_couleurdubracelet-blau-de","13":"pa_couleurducadran-blau","14":"pa_dimensions-o-40-mm","15":"pa_etancheite-50m-de","16":"pa_forme-runden","17":"pa_garantie-24monate","18":"pa_genre-mann","19":"pa_matiere-stahl","20":"pa_matierebraceletmontre-leder","21":"pa_mouvement-quarzbatterie-de","22":"pa_swissmade-ja-de","23":"sales-flash-overlay","24":"woocommerce-text-align-center","25":"woocommerce-image-align-center","26":"do-quantity-buttons","28":"first","29":"instock","30":"taxable","31":"shipping-taxable","32":"purchasable","33":"product-type-simple"},"acf":[],"_links":{"self":[{"href":"https:\/\/dev.lediamant.ch\/de\/wp-json\/wp\/v2\/product\/132827","targetHints":{"allow":["GET"]}}],"collection":[{"href":"https:\/\/dev.lediamant.ch\/de\/wp-json\/wp\/v2\/product"}],"about":[{"href":"https:\/\/dev.lediamant.ch\/de\/wp-json\/wp\/v2\/types\/product"}],"wp:featuredmedia":[{"embeddable":true,"href":"https:\/\/dev.lediamant.ch\/de\/wp-json\/wp\/v2\/media\/132820"}],"wp:attachment":[{"href":"https:\/\/dev.lediamant.ch\/de\/wp-json\/wp\/v2\/media?parent=132827"}],"wp:term":[{"taxonomy":"brand","embeddable":true,"href":"https:\/\/dev.lediamant.ch\/de\/wp-json\/wp\/v2\/brand?post=132827"},{"taxonomy":"product_brand","embeddable":true,"href":"https:\/\/dev.lediamant.ch\/de\/wp-json\/wp\/v2\/product_brand?post=132827"},{"taxonomy":"product_cat","embeddable":true,"href":"https:\/\/dev.lediamant.ch\/de\/wp-json\/wp\/v2\/product_cat?post=132827"},{"taxonomy":"product_tag","embeddable":true,"href":"https:\/\/dev.lediamant.ch\/de\/wp-json\/wp\/v2\/product_tag?post=132827"}],"curies":[{"name":"wp","href":"https:\/\/api.w.org\/{rel}","templated":true}]}}