{"id":134765,"date":"2020-03-17T07:44:11","date_gmt":"2020-03-17T06:44:11","guid":{"rendered":"https:\/\/dev.lediamant.ch\/produit\/schmuck-de\/anhanger-de\/anhaenger-buchstabe-de\/anhaenger-buchstabe-f-75018-kt-gelbgold\/"},"modified":"2025-10-03T08:19:14","modified_gmt":"2025-10-03T06:19:14","slug":"pendentif-lettre-f-or-jaune-75018-ct","status":"publish","type":"product","link":"https:\/\/dev.lediamant.ch\/de\/schmuck\/134765-anhaenger-buchstabe-f-75018-kt-gelbgold\/","title":{"rendered":"Anh\u00e4nger Buchstabe F Gelbgold 750\/18 kt."},"content":{"rendered":"<p>Entdecken Sie unseren eleganten Anh\u00e4nger in Form des Buchstabens &#8222;F&#8220;, der sorgf\u00e4ltig aus 750\/18 ct Gelbgold gefertigt wurde. Dieses feine und raffinierte Schmuckst\u00fcck ist das perfekte Geschenk f\u00fcr einen besonderen Anlass oder um Ihre Zuneigung auszudr\u00fccken. Durch sein einfaches, aber raffiniertes Design passt er perfekt zu jedem Outfit und verleiht ihm einen Hauch von Charme und Pers\u00f6nlichkeit. Dieser Anh\u00e4nger &#8222;F&#8220; aus Gelbgold ist mehr als nur ein Schmuckst\u00fcck, er ist ein stilvolles Statement.   <\/p>\n","protected":false},"excerpt":{"rendered":"<p>Entdecken Sie unseren eleganten Anh\u00e4nger in Form des Buchstabens &#8222;F&#8220;, der sorgf\u00e4ltig aus 750\/18 ct Gelbgold gefertigt wurde. Dieses feine und raffinierte Schmuckst\u00fcck ist das perfekte Geschenk f\u00fcr einen besonderen Anlass oder um Ihre Zuneigung auszudr\u00fccken. Durch sein einfaches, aber raffiniertes Design passt er perfekt zu jedem Outfit und verleiht ihm einen Hauch von Charme &#8230; <a title=\"Anh\u00e4nger Buchstabe F Gelbgold 750\/18 kt.\" class=\"read-more\" href=\"https:\/\/dev.lediamant.ch\/de\/schmuck\/134765-anhaenger-buchstabe-f-75018-kt-gelbgold\/\" aria-label=\"Mehr Informationen \u00fcber Anh\u00e4nger Buchstabe F Gelbgold 750\/18 kt.\">Weiterlesen &#8230;<\/a><\/p>\n","protected":false},"featured_media":134763,"template":"","meta":{"_acf_changed":false,"_seopress_robots_primary_cat":"27342","_seopress_titles_title":"","_seopress_titles_desc":"Machen Sie ein einzigartiges Geschenk mit unserem Anh\u00e4nger 'F' aus 18 Karat Gelbgold, der perfekt zu jedem besonderen Anlass passt. Eleganter und raffinierter Stil. ","_seopress_robots_index":""},"brand":[27089],"product_brand":[],"product_cat":[27121,27155,27343],"product_tag":[],"class_list":{"0":"post-134765","1":"product","2":"type-product","3":"status-publish","4":"has-post-thumbnail","6":"brand-gold-jewellery-de","7":"product_cat-schmuck","8":"product_cat-anhanger","9":"product_cat-buchstaben-anhanger","10":"pa_dimensions-11-x-13-mm","11":"pa_garantie-12monate","12":"pa_genre-mann","13":"pa_genre-frau","14":"pa_genre-kind","15":"pa_matiere-75018ktgelbgold","16":"pa_motif-buchstaben","17":"sales-flash-overlay","18":"woocommerce-text-align-center","19":"woocommerce-image-align-center","20":"do-quantity-buttons","22":"first","23":"instock","24":"taxable","25":"shipping-taxable","26":"purchasable","27":"product-type-simple"},"acf":[],"_links":{"self":[{"href":"https:\/\/dev.lediamant.ch\/de\/wp-json\/wp\/v2\/product\/134765","targetHints":{"allow":["GET"]}}],"collection":[{"href":"https:\/\/dev.lediamant.ch\/de\/wp-json\/wp\/v2\/product"}],"about":[{"href":"https:\/\/dev.lediamant.ch\/de\/wp-json\/wp\/v2\/types\/product"}],"wp:featuredmedia":[{"embeddable":true,"href":"https:\/\/dev.lediamant.ch\/de\/wp-json\/wp\/v2\/media\/134763"}],"wp:attachment":[{"href":"https:\/\/dev.lediamant.ch\/de\/wp-json\/wp\/v2\/media?parent=134765"}],"wp:term":[{"taxonomy":"brand","embeddable":true,"href":"https:\/\/dev.lediamant.ch\/de\/wp-json\/wp\/v2\/brand?post=134765"},{"taxonomy":"product_brand","embeddable":true,"href":"https:\/\/dev.lediamant.ch\/de\/wp-json\/wp\/v2\/product_brand?post=134765"},{"taxonomy":"product_cat","embeddable":true,"href":"https:\/\/dev.lediamant.ch\/de\/wp-json\/wp\/v2\/product_cat?post=134765"},{"taxonomy":"product_tag","embeddable":true,"href":"https:\/\/dev.lediamant.ch\/de\/wp-json\/wp\/v2\/product_tag?post=134765"}],"curies":[{"name":"wp","href":"https:\/\/api.w.org\/{rel}","templated":true}]}}