{"id":134777,"date":"2020-03-17T07:44:21","date_gmt":"2020-03-17T06:44:21","guid":{"rendered":"https:\/\/dev.lediamant.ch\/produit\/schmuck-de\/anhanger-de\/anhaenger-buchstabe-de\/anhaenger-buchstabe-i-gelbgold-75018-ct\/"},"modified":"2025-05-21T15:04:44","modified_gmt":"2025-05-21T13:04:44","slug":"anhaenger-buchstabe-i-gelbgold-750-18-kt-2","status":"publish","type":"product","link":"https:\/\/dev.lediamant.ch\/de\/schmuck\/134777-anhaenger-buchstabe-i-gelbgold-750-18-kt-2115605157\/0092\/","title":{"rendered":"Anh\u00e4nger Buchstabe i Gelbgold 750\/18 kt."},"content":{"rendered":"<p>Entdecken Sie unseren Anh\u00e4nger Buchstabe i, der sorgf\u00e4ltig aus 750\/18 kt Gelbgold gefertigt wurde. Dieses zarte Schmuckst\u00fcck mit seinem satten Goldglanz ist eine elegante und pers\u00f6nliche Art, Ihre Individualit\u00e4t zum Ausdruck zu bringen. Ob Sie Ihre Initiale oder die eines geliebten Menschen darstellen m\u00f6chten, dieser Anh\u00e4nger ist die perfekte Wahl. Durch seine dezente Gr\u00f6\u00dfe und sein schlichtes Design ist er ideal f\u00fcr den t\u00e4glichen Gebrauch geeignet und verleiht jedem Outfit einen Hauch von Raffinesse.<\/p>\n","protected":false},"excerpt":{"rendered":"<p>Entdecken Sie unseren Anh\u00e4nger Buchstabe i, der sorgf\u00e4ltig aus 750\/18 kt Gelbgold gefertigt wurde. Dieses zarte Schmuckst\u00fcck mit seinem satten Goldglanz ist eine elegante und pers\u00f6nliche Art, Ihre Individualit\u00e4t zum Ausdruck zu bringen. Ob Sie Ihre Initiale oder die eines geliebten Menschen darstellen m\u00f6chten, dieser Anh\u00e4nger ist die perfekte Wahl. Durch seine dezente Gr\u00f6\u00dfe und &#8230; <a title=\"Anh\u00e4nger Buchstabe i Gelbgold 750\/18 kt.\" class=\"read-more\" href=\"https:\/\/dev.lediamant.ch\/de\/schmuck\/134777-anhaenger-buchstabe-i-gelbgold-750-18-kt-2115605157\/0092\/\" aria-label=\"Mehr Informationen \u00fcber Anh\u00e4nger Buchstabe i Gelbgold 750\/18 kt.\">Weiterlesen &#8230;<\/a><\/p>\n","protected":false},"featured_media":134775,"template":"","meta":{"_acf_changed":false,"_seopress_robots_primary_cat":"27343","_seopress_titles_title":"","_seopress_titles_desc":"Enth\u00fcllen Sie Ihren Stil mit unserem Anh\u00e4nger Buchstabe i aus 18 Kt Gold. Ein Symbol der t\u00e4glichen Eleganz f\u00fcr Sie oder einen geliebten Menschen.","_seopress_robots_index":""},"brand":[27089],"product_brand":[],"product_cat":[27121,27343],"product_tag":[],"class_list":{"0":"post-134777","1":"product","2":"type-product","3":"status-publish","4":"has-post-thumbnail","6":"brand-gold-jewellery-de","7":"product_cat-schmuck","8":"product_cat-buchstaben-anhanger","9":"pa_dimensions-7-x-9-mm","10":"pa_garantie-12monate","11":"pa_genre-mann","12":"pa_genre-frau","13":"pa_genre-kind","14":"pa_matiere-75018ktgelbgold","15":"pa_motif-buchstaben","16":"sales-flash-overlay","17":"woocommerce-text-align-center","18":"woocommerce-image-align-center","19":"do-quantity-buttons","21":"first","22":"instock","23":"taxable","24":"shipping-taxable","25":"purchasable","26":"product-type-simple"},"acf":[],"_links":{"self":[{"href":"https:\/\/dev.lediamant.ch\/de\/wp-json\/wp\/v2\/product\/134777","targetHints":{"allow":["GET"]}}],"collection":[{"href":"https:\/\/dev.lediamant.ch\/de\/wp-json\/wp\/v2\/product"}],"about":[{"href":"https:\/\/dev.lediamant.ch\/de\/wp-json\/wp\/v2\/types\/product"}],"wp:featuredmedia":[{"embeddable":true,"href":"https:\/\/dev.lediamant.ch\/de\/wp-json\/wp\/v2\/media\/134775"}],"wp:attachment":[{"href":"https:\/\/dev.lediamant.ch\/de\/wp-json\/wp\/v2\/media?parent=134777"}],"wp:term":[{"taxonomy":"brand","embeddable":true,"href":"https:\/\/dev.lediamant.ch\/de\/wp-json\/wp\/v2\/brand?post=134777"},{"taxonomy":"product_brand","embeddable":true,"href":"https:\/\/dev.lediamant.ch\/de\/wp-json\/wp\/v2\/product_brand?post=134777"},{"taxonomy":"product_cat","embeddable":true,"href":"https:\/\/dev.lediamant.ch\/de\/wp-json\/wp\/v2\/product_cat?post=134777"},{"taxonomy":"product_tag","embeddable":true,"href":"https:\/\/dev.lediamant.ch\/de\/wp-json\/wp\/v2\/product_tag?post=134777"}],"curies":[{"name":"wp","href":"https:\/\/api.w.org\/{rel}","templated":true}]}}