{"id":134797,"date":"2020-03-17T07:44:30","date_gmt":"2020-03-17T06:44:30","guid":{"rendered":"https:\/\/dev.lediamant.ch\/produit\/schmuck-de\/anhanger-de\/anhaenger-buchstabe-de\/anhaenger-buchstabe-n-gelbgold-75018-kt\/"},"modified":"2025-06-06T15:46:13","modified_gmt":"2025-06-06T13:46:13","slug":"anhaenger-buchstabe-n-gelbgold-750-18-kt-2","status":"publish","type":"product","link":"https:\/\/dev.lediamant.ch\/de\/schmuck\/134797-anhaenger-buchstabe-n-gelbgold-750-18-kt-115605157\/0142\/","title":{"rendered":"Anh\u00e4nger Buchstabe N Gelbgold 750\/18 kt."},"content":{"rendered":"<p>Entdecken Sie unseren Anh\u00e4nger Buchstabe N, ein zartes St\u00fcck aus 750\/18 kt Gelbgold. Dieses minimalistische und elegante Schmuckst\u00fcck ist perfekt, um Ihrem t\u00e4glichen Stil eine pers\u00f6nliche Note zu verleihen oder um einem geliebten Menschen ein bedeutungsvolles Geschenk zu machen. Der Buchstabe N ist mit klaren Linien fein geformt und verleiht Ihrem Outfit eine diskrete Raffinesse. Tragen Sie ihn allein oder kombinieren Sie ihn mit anderen Anh\u00e4ngern f\u00fcr einen gewagteren Look. Dies ist mehr als nur ein Schmuckst\u00fcck, es ist ein Stil-Statement.<\/p>\n","protected":false},"excerpt":{"rendered":"<p>Entdecken Sie unseren Anh\u00e4nger Buchstabe N, ein zartes St\u00fcck aus 750\/18 kt Gelbgold. Dieses minimalistische und elegante Schmuckst\u00fcck ist perfekt, um Ihrem t\u00e4glichen Stil eine pers\u00f6nliche Note zu verleihen oder um einem geliebten Menschen ein bedeutungsvolles Geschenk zu machen. Der Buchstabe N ist mit klaren Linien fein geformt und verleiht Ihrem Outfit eine diskrete Raffinesse. &#8230; <a title=\"Anh\u00e4nger Buchstabe N Gelbgold 750\/18 kt.\" class=\"read-more\" href=\"https:\/\/dev.lediamant.ch\/de\/schmuck\/134797-anhaenger-buchstabe-n-gelbgold-750-18-kt-115605157\/0142\/\" aria-label=\"Mehr Informationen \u00fcber Anh\u00e4nger Buchstabe N Gelbgold 750\/18 kt.\">Weiterlesen &#8230;<\/a><\/p>\n","protected":false},"featured_media":134795,"template":"","meta":{"_acf_changed":false,"_seopress_robots_primary_cat":"27343","_seopress_titles_title":"","_seopress_titles_desc":"Eleganter Anh\u00e4nger Buchstabe N aus 750\/18 kt Gelbgold. Perfekt, um Stil und Pers\u00f6nlichkeit zu jedem Outfit hinzuzuf\u00fcgen.","_seopress_robots_index":""},"brand":[27089],"product_brand":[],"product_cat":[27121,27343],"product_tag":[],"class_list":{"0":"post-134797","1":"product","2":"type-product","3":"status-publish","4":"has-post-thumbnail","6":"brand-gold-jewellery-de","7":"product_cat-schmuck","8":"product_cat-buchstaben-anhanger","9":"pa_dimensions-ca-9-x-9-mm","10":"pa_garantie-12monate","11":"pa_genre-mann","12":"pa_genre-frau","13":"pa_genre-kind","14":"pa_matiere-75018ktgelbgold","15":"pa_motif-buchstaben","16":"sales-flash-overlay","17":"woocommerce-text-align-center","18":"woocommerce-image-align-center","19":"do-quantity-buttons","21":"first","22":"instock","23":"taxable","24":"shipping-taxable","25":"purchasable","26":"product-type-simple"},"acf":[],"_links":{"self":[{"href":"https:\/\/dev.lediamant.ch\/de\/wp-json\/wp\/v2\/product\/134797","targetHints":{"allow":["GET"]}}],"collection":[{"href":"https:\/\/dev.lediamant.ch\/de\/wp-json\/wp\/v2\/product"}],"about":[{"href":"https:\/\/dev.lediamant.ch\/de\/wp-json\/wp\/v2\/types\/product"}],"wp:featuredmedia":[{"embeddable":true,"href":"https:\/\/dev.lediamant.ch\/de\/wp-json\/wp\/v2\/media\/134795"}],"wp:attachment":[{"href":"https:\/\/dev.lediamant.ch\/de\/wp-json\/wp\/v2\/media?parent=134797"}],"wp:term":[{"taxonomy":"brand","embeddable":true,"href":"https:\/\/dev.lediamant.ch\/de\/wp-json\/wp\/v2\/brand?post=134797"},{"taxonomy":"product_brand","embeddable":true,"href":"https:\/\/dev.lediamant.ch\/de\/wp-json\/wp\/v2\/product_brand?post=134797"},{"taxonomy":"product_cat","embeddable":true,"href":"https:\/\/dev.lediamant.ch\/de\/wp-json\/wp\/v2\/product_cat?post=134797"},{"taxonomy":"product_tag","embeddable":true,"href":"https:\/\/dev.lediamant.ch\/de\/wp-json\/wp\/v2\/product_tag?post=134797"}],"curies":[{"name":"wp","href":"https:\/\/api.w.org\/{rel}","templated":true}]}}