{"id":134965,"date":"2020-03-17T07:45:44","date_gmt":"2020-03-17T06:45:44","guid":{"rendered":"https:\/\/dev.lediamant.ch\/produit\/schmuck-de\/anhanger-de\/anhaenger-buchstabe-de\/anhaenger-buchstabe-h-weissgold-75018-kt\/"},"modified":"2025-05-21T14:19:47","modified_gmt":"2025-05-21T12:19:47","slug":"anhaenger-buchstabe-h-weissgold-750-18-kt","status":"publish","type":"product","link":"https:\/\/dev.lediamant.ch\/de\/schmuck\/134965-anhaenger-buchstabe-h-weissgold-750-18-kt-125608526\/0080\/","title":{"rendered":"Anh\u00e4nger Buchstabe H Wei\u00dfgold 750\/18 kt."},"content":{"rendered":"<p>Dieser Anh\u00e4nger mit dem Buchstaben &#8218;H&#8216; ist ein Schmuckst\u00fcck von schlichter und zeitloser Eleganz. Er wurde aus 750\/18 kt Wei\u00dfgold gefertigt und ist sowohl langlebig als auch attraktiv. Der Buchstabe &#8218;H&#8216; ist wundersch\u00f6n geformt und verleiht Ihrer Schmuckkollektion eine pers\u00f6nliche Note. Dieser Anh\u00e4nger ist das perfekte Geschenk f\u00fcr einen geliebten Menschen oder eine wertvolle Erg\u00e4nzung Ihrer eigenen Sammlung. Sein klares Design macht ihn zum perfekten Begleiter im Alltag oder zu besonderen Anl\u00e4ssen.<\/p>\n","protected":false},"excerpt":{"rendered":"<p>Dieser Anh\u00e4nger mit dem Buchstaben &#8218;H&#8216; ist ein Schmuckst\u00fcck von schlichter und zeitloser Eleganz. Er wurde aus 750\/18 kt Wei\u00dfgold gefertigt und ist sowohl langlebig als auch attraktiv. Der Buchstabe &#8218;H&#8216; ist wundersch\u00f6n geformt und verleiht Ihrer Schmuckkollektion eine pers\u00f6nliche Note. Dieser Anh\u00e4nger ist das perfekte Geschenk f\u00fcr einen geliebten Menschen oder eine wertvolle Erg\u00e4nzung &#8230; <a title=\"Anh\u00e4nger Buchstabe H Wei\u00dfgold 750\/18 kt.\" class=\"read-more\" href=\"https:\/\/dev.lediamant.ch\/de\/schmuck\/134965-anhaenger-buchstabe-h-weissgold-750-18-kt-125608526\/0080\/\" aria-label=\"Mehr Informationen \u00fcber Anh\u00e4nger Buchstabe H Wei\u00dfgold 750\/18 kt.\">Weiterlesen &#8230;<\/a><\/p>\n","protected":false},"featured_media":134963,"template":"","meta":{"_acf_changed":false,"_seopress_robots_primary_cat":"27343","_seopress_titles_title":"","_seopress_titles_desc":"Entdecken Sie die Eleganz des Anh\u00e4ngers mit dem Buchstaben 'H' aus 750\/18 kt Wei\u00dfgold. Perfekt f\u00fcr ein besonderes Geschenk oder um Ihren Stil zu vervollst\u00e4ndigen.","_seopress_robots_index":""},"brand":[27089],"product_brand":[],"product_cat":[27121,27343],"product_tag":[],"class_list":{"0":"post-134965","1":"product","2":"type-product","3":"status-publish","4":"has-post-thumbnail","6":"brand-gold-jewellery-de","7":"product_cat-schmuck","8":"product_cat-buchstaben-anhanger","9":"pa_dimensions-6-x-6-mm-de","10":"pa_garantie-12monate","11":"pa_genre-mann","12":"pa_genre-frau","13":"pa_genre-kind","14":"pa_matiere-75018ktweissgold","15":"pa_motif-buchstaben","16":"sales-flash-overlay","17":"woocommerce-text-align-center","18":"woocommerce-image-align-center","19":"do-quantity-buttons","21":"first","22":"instock","23":"taxable","24":"shipping-taxable","25":"purchasable","26":"product-type-simple"},"acf":[],"_links":{"self":[{"href":"https:\/\/dev.lediamant.ch\/de\/wp-json\/wp\/v2\/product\/134965","targetHints":{"allow":["GET"]}}],"collection":[{"href":"https:\/\/dev.lediamant.ch\/de\/wp-json\/wp\/v2\/product"}],"about":[{"href":"https:\/\/dev.lediamant.ch\/de\/wp-json\/wp\/v2\/types\/product"}],"wp:featuredmedia":[{"embeddable":true,"href":"https:\/\/dev.lediamant.ch\/de\/wp-json\/wp\/v2\/media\/134963"}],"wp:attachment":[{"href":"https:\/\/dev.lediamant.ch\/de\/wp-json\/wp\/v2\/media?parent=134965"}],"wp:term":[{"taxonomy":"brand","embeddable":true,"href":"https:\/\/dev.lediamant.ch\/de\/wp-json\/wp\/v2\/brand?post=134965"},{"taxonomy":"product_brand","embeddable":true,"href":"https:\/\/dev.lediamant.ch\/de\/wp-json\/wp\/v2\/product_brand?post=134965"},{"taxonomy":"product_cat","embeddable":true,"href":"https:\/\/dev.lediamant.ch\/de\/wp-json\/wp\/v2\/product_cat?post=134965"},{"taxonomy":"product_tag","embeddable":true,"href":"https:\/\/dev.lediamant.ch\/de\/wp-json\/wp\/v2\/product_tag?post=134965"}],"curies":[{"name":"wp","href":"https:\/\/api.w.org\/{rel}","templated":true}]}}