{"id":135005,"date":"2020-03-17T07:46:02","date_gmt":"2020-03-17T06:46:02","guid":{"rendered":"https:\/\/dev.lediamant.ch\/produit\/schmuck-de\/anhanger-de\/anhaenger-buchstabe-de\/anhaenger-buchstabe-s-weissgold-75018-kt\/"},"modified":"2025-05-08T15:52:47","modified_gmt":"2025-05-08T13:52:47","slug":"pendentif-lettre-s-or-blanc-75018-ct","status":"publish","type":"product","link":"https:\/\/dev.lediamant.ch\/de\/schmuck\/135005-anhaenger-buchstabe-s-weissgold-75018-kt\/","title":{"rendered":"Anh\u00e4nger Buchstabe S Wei\u00dfgold 750\/18 ct."},"content":{"rendered":"<p>Entdecken Sie unseren eleganten Anh\u00e4nger in Form des Buchstabens &#8222;S&#8220;, der fein aus 750\/18 ct Wei\u00dfgold gefertigt ist. Dieses feine und raffinierte Schmuckst\u00fcck ist das perfekte Geschenk f\u00fcr einen geliebten Menschen oder eine wertvolle Erg\u00e4nzung Ihrer eigenen Kollektion. Es symbolisiert nicht nur einen Anfangsbuchstaben, sondern auch die Einzigartigkeit und Individualit\u00e4t des Tr\u00e4gers. Durch sein schlichtes, aber elegantes Design passt er zu jedem Stil. Tragen Sie ihn allein f\u00fcr einen minimalistischen Look oder kombinieren Sie ihn mit anderen Anh\u00e4ngern f\u00fcr einen gewagteren Effekt.<\/p>\n","protected":false},"excerpt":{"rendered":"<p>Entdecken Sie unseren eleganten Anh\u00e4nger in Form des Buchstabens &#8222;S&#8220;, der fein aus 750\/18 ct Wei\u00dfgold gefertigt ist. Dieses feine und raffinierte Schmuckst\u00fcck ist das perfekte Geschenk f\u00fcr einen geliebten Menschen oder eine wertvolle Erg\u00e4nzung Ihrer eigenen Kollektion. Es symbolisiert nicht nur einen Anfangsbuchstaben, sondern auch die Einzigartigkeit und Individualit\u00e4t des Tr\u00e4gers. Durch sein schlichtes, &#8230; <a title=\"Anh\u00e4nger Buchstabe S Wei\u00dfgold 750\/18 ct.\" class=\"read-more\" href=\"https:\/\/dev.lediamant.ch\/de\/schmuck\/135005-anhaenger-buchstabe-s-weissgold-75018-kt\/\" aria-label=\"Mehr Informationen \u00fcber Anh\u00e4nger Buchstabe S Wei\u00dfgold 750\/18 ct.\">Weiterlesen &#8230;<\/a><\/p>\n","protected":false},"featured_media":135003,"template":"","meta":{"_acf_changed":false,"_seopress_robots_primary_cat":"27343","_seopress_titles_title":"","_seopress_titles_desc":"Entdecken Sie unser exquisites Schmuckst\u00fcck: der 'S'-Anh\u00e4nger aus 18ct Wei\u00dfgold - perfekt als Geschenk oder f\u00fcr Ihre Sammlung.","_seopress_robots_index":""},"brand":[27089],"product_brand":[],"product_cat":[27121,27155,27343],"product_tag":[],"class_list":{"0":"post-135005","1":"product","2":"type-product","3":"status-publish","4":"has-post-thumbnail","6":"brand-gold-jewellery-de","7":"product_cat-schmuck","8":"product_cat-anhanger","9":"product_cat-buchstaben-anhanger","10":"pa_dimensions-6-x-5-mm","11":"pa_garantie-12monate","12":"pa_matiere-75018ktweissgold","13":"pa_motif-buchstaben","14":"sales-flash-overlay","15":"woocommerce-text-align-center","16":"woocommerce-image-align-center","17":"do-quantity-buttons","19":"first","20":"instock","21":"taxable","22":"shipping-taxable","23":"purchasable","24":"product-type-simple"},"acf":[],"_links":{"self":[{"href":"https:\/\/dev.lediamant.ch\/de\/wp-json\/wp\/v2\/product\/135005","targetHints":{"allow":["GET"]}}],"collection":[{"href":"https:\/\/dev.lediamant.ch\/de\/wp-json\/wp\/v2\/product"}],"about":[{"href":"https:\/\/dev.lediamant.ch\/de\/wp-json\/wp\/v2\/types\/product"}],"wp:featuredmedia":[{"embeddable":true,"href":"https:\/\/dev.lediamant.ch\/de\/wp-json\/wp\/v2\/media\/135003"}],"wp:attachment":[{"href":"https:\/\/dev.lediamant.ch\/de\/wp-json\/wp\/v2\/media?parent=135005"}],"wp:term":[{"taxonomy":"brand","embeddable":true,"href":"https:\/\/dev.lediamant.ch\/de\/wp-json\/wp\/v2\/brand?post=135005"},{"taxonomy":"product_brand","embeddable":true,"href":"https:\/\/dev.lediamant.ch\/de\/wp-json\/wp\/v2\/product_brand?post=135005"},{"taxonomy":"product_cat","embeddable":true,"href":"https:\/\/dev.lediamant.ch\/de\/wp-json\/wp\/v2\/product_cat?post=135005"},{"taxonomy":"product_tag","embeddable":true,"href":"https:\/\/dev.lediamant.ch\/de\/wp-json\/wp\/v2\/product_tag?post=135005"}],"curies":[{"name":"wp","href":"https:\/\/api.w.org\/{rel}","templated":true}]}}