{"id":135069,"date":"2020-03-17T07:46:31","date_gmt":"2020-03-17T06:46:31","guid":{"rendered":"https:\/\/dev.lediamant.ch\/produit\/schmuck-de\/anhanger-de\/anhaenger-buchstabe-de\/anhaenger-buchstabe-j-gelbgold-75018-kt-2\/"},"modified":"2026-01-28T17:54:06","modified_gmt":"2026-01-28T16:54:06","slug":"pendentif-lettre-j-or-jaune-75018-ct-3","status":"publish","type":"product","link":"https:\/\/dev.lediamant.ch\/de\/schmuck\/135069-anhaenger-buchstabe-j-gelbgold-750-18-kt-115607577\/0100\/","title":{"rendered":"Anh\u00e4nger Buchstabe J aus Gelbgold 750\/18 ct."},"content":{"rendered":"<p>Dieser elegante Anh\u00e4nger in Form des Buchstabens &#8222;J&#8220; ist aus feinstem 750\/18 ct Gelbgold gefertigt und bietet einen dauerhaften Glanz und ein anspruchsvolles Aussehen. Er ist das perfekte Geschenk f\u00fcr einen geliebten Menschen, dessen Vorname mit &#8222;J&#8220; beginnt, oder f\u00fcr jeden, der einen bedeutenden Buchstaben in der N\u00e4he seines Herzens tragen m\u00f6chte. Sein feines Design und die glatte Oberfl\u00e4che machen es zu einer idealen Wahl f\u00fcr den t\u00e4glichen Stil oder f\u00fcr besondere Anl\u00e4sse. Sie k\u00f6nnen ihn allein f\u00fcr einen minimalistischen Look oder in Kombination mit anderen Anh\u00e4ngern f\u00fcr einen gewagteren Stil tragen.   <\/p>\n","protected":false},"excerpt":{"rendered":"<p>Dieser elegante Anh\u00e4nger in Form des Buchstabens &#8222;J&#8220; ist aus feinstem 750\/18 ct Gelbgold gefertigt und bietet einen dauerhaften Glanz und ein anspruchsvolles Aussehen. Er ist das perfekte Geschenk f\u00fcr einen geliebten Menschen, dessen Vorname mit &#8222;J&#8220; beginnt, oder f\u00fcr jeden, der einen bedeutenden Buchstaben in der N\u00e4he seines Herzens tragen m\u00f6chte. Sein feines Design &#8230; <a title=\"Anh\u00e4nger Buchstabe J aus Gelbgold 750\/18 ct.\" class=\"read-more\" href=\"https:\/\/dev.lediamant.ch\/de\/schmuck\/135069-anhaenger-buchstabe-j-gelbgold-750-18-kt-115607577\/0100\/\" aria-label=\"Mehr Informationen \u00fcber Anh\u00e4nger Buchstabe J aus Gelbgold 750\/18 ct.\">Weiterlesen &#8230;<\/a><\/p>\n","protected":false},"featured_media":135067,"template":"","meta":{"_acf_changed":false,"_seopress_robots_primary_cat":"27342","_seopress_titles_title":"","_seopress_titles_desc":"Entdecken Sie unseren Anh\u00e4nger 'J' aus 750er Gelbgold, das ideale Geschenk f\u00fcr einen eleganten und pers\u00f6nlichen Stil. Perfekt f\u00fcr den t\u00e4glichen oder besonderen Look. ","_seopress_robots_index":""},"brand":[27089],"product_brand":[],"product_cat":[27121,27155,27343],"product_tag":[],"class_list":{"0":"post-135069","1":"product","2":"type-product","3":"status-publish","4":"has-post-thumbnail","6":"brand-gold-jewellery-de","7":"product_cat-schmuck","8":"product_cat-anhanger","9":"product_cat-buchstaben-anhanger","10":"pa_dimensions-7-x-13-mm","11":"pa_garantie-12monate","12":"pa_genre-mann","13":"pa_genre-frau","14":"pa_genre-kind","15":"pa_matiere-75018ktgelbgold","16":"pa_motif-buchstaben","17":"sales-flash-overlay","18":"woocommerce-text-align-center","19":"woocommerce-image-align-center","20":"do-quantity-buttons","22":"first","23":"instock","24":"taxable","25":"shipping-taxable","26":"purchasable","27":"product-type-simple"},"acf":[],"_links":{"self":[{"href":"https:\/\/dev.lediamant.ch\/de\/wp-json\/wp\/v2\/product\/135069","targetHints":{"allow":["GET"]}}],"collection":[{"href":"https:\/\/dev.lediamant.ch\/de\/wp-json\/wp\/v2\/product"}],"about":[{"href":"https:\/\/dev.lediamant.ch\/de\/wp-json\/wp\/v2\/types\/product"}],"wp:featuredmedia":[{"embeddable":true,"href":"https:\/\/dev.lediamant.ch\/de\/wp-json\/wp\/v2\/media\/135067"}],"wp:attachment":[{"href":"https:\/\/dev.lediamant.ch\/de\/wp-json\/wp\/v2\/media?parent=135069"}],"wp:term":[{"taxonomy":"brand","embeddable":true,"href":"https:\/\/dev.lediamant.ch\/de\/wp-json\/wp\/v2\/brand?post=135069"},{"taxonomy":"product_brand","embeddable":true,"href":"https:\/\/dev.lediamant.ch\/de\/wp-json\/wp\/v2\/product_brand?post=135069"},{"taxonomy":"product_cat","embeddable":true,"href":"https:\/\/dev.lediamant.ch\/de\/wp-json\/wp\/v2\/product_cat?post=135069"},{"taxonomy":"product_tag","embeddable":true,"href":"https:\/\/dev.lediamant.ch\/de\/wp-json\/wp\/v2\/product_tag?post=135069"}],"curies":[{"name":"wp","href":"https:\/\/api.w.org\/{rel}","templated":true}]}}