{"id":135081,"date":"2020-03-17T07:46:40","date_gmt":"2020-03-17T06:46:40","guid":{"rendered":"https:\/\/dev.lediamant.ch\/produit\/schmuck-de\/anhanger-de\/anhaenger-buchstabe-de\/anhanger-buchstabe-m-gold-750\/"},"modified":"2026-01-28T17:52:14","modified_gmt":"2026-01-28T16:52:14","slug":"anhaenger-brief-m-gold-750","status":"publish","type":"product","link":"https:\/\/dev.lediamant.ch\/de\/schmuck\/135081-anhaenger-buchstabe-m-gelbgold-750-18-kt-115607577\/0130\/","title":{"rendered":"Anh\u00e4nger Buchstabe M Gelbgold 750\/18 ct."},"content":{"rendered":"<p>Entdecken Sie unseren Anh\u00e4nger Buchstabe M aus 750\/18 ct. Gelbgold, ein zartes und anspruchsvolles Schmuckst\u00fcck. Dieser Anh\u00e4nger wurde entworfen, um den Buchstaben &#8222;M&#8220; darzustellen, was ihn perfekt f\u00fcr ein pers\u00f6nliches Geschenk macht. Sein minimalistisches und elegantes Design macht ihn zu einer idealen Wahl f\u00fcr den t\u00e4glichen Gebrauch und verleiht jedem Outfit einen Hauch von Raffinesse. Der Anh\u00e4nger ist auch eine hervorragende M\u00f6glichkeit, etwas Bedeutsames in der N\u00e4he Ihres Herzens zu tragen. Er ist mehr als nur ein Schmuckst\u00fcck, er ist ein stilvolles Statement, das so einzigartig ist wie Sie.<\/p>\n","protected":false},"excerpt":{"rendered":"<p>Entdecken Sie unseren Anh\u00e4nger Buchstabe M aus 750\/18 ct. Gelbgold, ein zartes und anspruchsvolles Schmuckst\u00fcck. Dieser Anh\u00e4nger wurde entworfen, um den Buchstaben &#8222;M&#8220; darzustellen, was ihn perfekt f\u00fcr ein pers\u00f6nliches Geschenk macht. Sein minimalistisches und elegantes Design macht ihn zu einer idealen Wahl f\u00fcr den t\u00e4glichen Gebrauch und verleiht jedem Outfit einen Hauch von Raffinesse. &#8230; <a title=\"Anh\u00e4nger Buchstabe M Gelbgold 750\/18 ct.\" class=\"read-more\" href=\"https:\/\/dev.lediamant.ch\/de\/schmuck\/135081-anhaenger-buchstabe-m-gelbgold-750-18-kt-115607577\/0130\/\" aria-label=\"Mehr Informationen \u00fcber Anh\u00e4nger Buchstabe M Gelbgold 750\/18 ct.\">Weiterlesen &#8230;<\/a><\/p>\n","protected":false},"featured_media":135079,"template":"","meta":{"_acf_changed":false,"_seopress_robots_primary_cat":"27342","_seopress_titles_title":"","_seopress_titles_desc":"Entdecken Sie den eleganten Anh\u00e4nger Buchstabe M \u2013 ein perfektes, pers\u00f6nliches Geschenk und ein stilvolles Accessoire f\u00fcr jeden Tag.","_seopress_robots_index":""},"brand":[27089],"product_brand":[],"product_cat":[27121,27343],"product_tag":[],"class_list":{"0":"post-135081","1":"product","2":"type-product","3":"status-publish","4":"has-post-thumbnail","6":"brand-gold-jewellery-de","7":"product_cat-schmuck","8":"product_cat-buchstaben-anhanger","9":"pa_dimensions-14-x-13-mm","10":"pa_garantie-12monate","11":"pa_genre-mann","12":"pa_genre-frau","13":"pa_genre-kind","14":"pa_matiere-75018ktgelbgold","15":"pa_motif-buchstaben","16":"sales-flash-overlay","17":"woocommerce-text-align-center","18":"woocommerce-image-align-center","19":"do-quantity-buttons","21":"first","22":"instock","23":"taxable","24":"shipping-taxable","25":"purchasable","26":"product-type-simple"},"acf":[],"_links":{"self":[{"href":"https:\/\/dev.lediamant.ch\/de\/wp-json\/wp\/v2\/product\/135081","targetHints":{"allow":["GET"]}}],"collection":[{"href":"https:\/\/dev.lediamant.ch\/de\/wp-json\/wp\/v2\/product"}],"about":[{"href":"https:\/\/dev.lediamant.ch\/de\/wp-json\/wp\/v2\/types\/product"}],"wp:featuredmedia":[{"embeddable":true,"href":"https:\/\/dev.lediamant.ch\/de\/wp-json\/wp\/v2\/media\/135079"}],"wp:attachment":[{"href":"https:\/\/dev.lediamant.ch\/de\/wp-json\/wp\/v2\/media?parent=135081"}],"wp:term":[{"taxonomy":"brand","embeddable":true,"href":"https:\/\/dev.lediamant.ch\/de\/wp-json\/wp\/v2\/brand?post=135081"},{"taxonomy":"product_brand","embeddable":true,"href":"https:\/\/dev.lediamant.ch\/de\/wp-json\/wp\/v2\/product_brand?post=135081"},{"taxonomy":"product_cat","embeddable":true,"href":"https:\/\/dev.lediamant.ch\/de\/wp-json\/wp\/v2\/product_cat?post=135081"},{"taxonomy":"product_tag","embeddable":true,"href":"https:\/\/dev.lediamant.ch\/de\/wp-json\/wp\/v2\/product_tag?post=135081"}],"curies":[{"name":"wp","href":"https:\/\/api.w.org\/{rel}","templated":true}]}}