{"id":135197,"date":"2020-03-17T07:47:42","date_gmt":"2020-03-17T06:47:42","guid":{"rendered":"https:\/\/dev.lediamant.ch\/produit\/schmuck-de\/anhanger-de\/anhaenger-buchstabe-de\/anhaenger-buchstabe-r-75018-kt-gelbgold-2\/"},"modified":"2026-01-28T17:42:05","modified_gmt":"2026-01-28T16:42:05","slug":"anhaenger-buchstabe-r-gelbgold-750-18-kt-2","status":"publish","type":"product","link":"https:\/\/dev.lediamant.ch\/de\/schmuck\/135197-anhaenger-buchstabe-r-gelbgold-750-18-kt-155607877\/0180\/","title":{"rendered":"Anh\u00e4nger Buchstabe R Gelbgold 750\/18 kt."},"content":{"rendered":"<p>Dieser elegante und zarte Anh\u00e4nger ist eine Darstellung des Buchstabens &#8222;R&#8220; und wurde aus 750\/18 kt Gelbgold hergestellt. Sein minimalistisches und doch anspruchsvolles Design macht ihn zu einer perfekten Wahl f\u00fcr den t\u00e4glichen Gebrauch oder f\u00fcr besondere Anl\u00e4sse. Es ist eine gro\u00dfartige M\u00f6glichkeit, Ihre Individualit\u00e4t auszudr\u00fccken oder etwas zu tragen, das f\u00fcr Sie von Bedeutung ist. Ob Sie Ihre eigene Initiale oder die eines geliebten Menschen darstellen m\u00f6chten, dieser Anh\u00e4nger aus Gelbgold ist ein zeitloses Schmuckst\u00fcck, das Ihrer Sammlung eine pers\u00f6nliche Note verleiht.   <\/p>\n","protected":false},"excerpt":{"rendered":"<p>Dieser elegante und zarte Anh\u00e4nger ist eine Darstellung des Buchstabens &#8222;R&#8220; und wurde aus 750\/18 kt Gelbgold hergestellt. Sein minimalistisches und doch anspruchsvolles Design macht ihn zu einer perfekten Wahl f\u00fcr den t\u00e4glichen Gebrauch oder f\u00fcr besondere Anl\u00e4sse. Es ist eine gro\u00dfartige M\u00f6glichkeit, Ihre Individualit\u00e4t auszudr\u00fccken oder etwas zu tragen, das f\u00fcr Sie von Bedeutung &#8230; <a title=\"Anh\u00e4nger Buchstabe R Gelbgold 750\/18 kt.\" class=\"read-more\" href=\"https:\/\/dev.lediamant.ch\/de\/schmuck\/135197-anhaenger-buchstabe-r-gelbgold-750-18-kt-155607877\/0180\/\" aria-label=\"Mehr Informationen \u00fcber Anh\u00e4nger Buchstabe R Gelbgold 750\/18 kt.\">Weiterlesen &#8230;<\/a><\/p>\n","protected":false},"featured_media":135195,"template":"","meta":{"_acf_changed":false,"_seopress_robots_primary_cat":"27342","_seopress_titles_title":"","_seopress_titles_desc":"Entdecken Sie den Charme des 18 kt Gelbgold-Anh\u00e4ngers 'R', perfekt f\u00fcr jeden Anlass. Ein zeitloses Symbol Ihrer Einzigartigkeit.","_seopress_robots_index":""},"brand":[27089],"product_brand":[],"product_cat":[27121,27343],"product_tag":[],"class_list":{"0":"post-135197","1":"product","2":"type-product","3":"status-publish","4":"has-post-thumbnail","6":"brand-gold-jewellery-de","7":"product_cat-schmuck","8":"product_cat-buchstaben-anhanger","9":"pa_detail-de-s-pierres-s-1-diamant-001-ct-h","10":"pa_dimensions-10-x-13-mm","11":"pa_garantie-12monate","12":"pa_genre-mann","13":"pa_genre-frau","14":"pa_genre-kind","15":"pa_matiere-75018ktbicolorgold","16":"pa_motif-buchstaben","17":"sales-flash-overlay","18":"woocommerce-text-align-center","19":"woocommerce-image-align-center","20":"do-quantity-buttons","22":"first","23":"instock","24":"taxable","25":"shipping-taxable","26":"purchasable","27":"product-type-simple"},"acf":[],"_links":{"self":[{"href":"https:\/\/dev.lediamant.ch\/de\/wp-json\/wp\/v2\/product\/135197","targetHints":{"allow":["GET"]}}],"collection":[{"href":"https:\/\/dev.lediamant.ch\/de\/wp-json\/wp\/v2\/product"}],"about":[{"href":"https:\/\/dev.lediamant.ch\/de\/wp-json\/wp\/v2\/types\/product"}],"wp:featuredmedia":[{"embeddable":true,"href":"https:\/\/dev.lediamant.ch\/de\/wp-json\/wp\/v2\/media\/135195"}],"wp:attachment":[{"href":"https:\/\/dev.lediamant.ch\/de\/wp-json\/wp\/v2\/media?parent=135197"}],"wp:term":[{"taxonomy":"brand","embeddable":true,"href":"https:\/\/dev.lediamant.ch\/de\/wp-json\/wp\/v2\/brand?post=135197"},{"taxonomy":"product_brand","embeddable":true,"href":"https:\/\/dev.lediamant.ch\/de\/wp-json\/wp\/v2\/product_brand?post=135197"},{"taxonomy":"product_cat","embeddable":true,"href":"https:\/\/dev.lediamant.ch\/de\/wp-json\/wp\/v2\/product_cat?post=135197"},{"taxonomy":"product_tag","embeddable":true,"href":"https:\/\/dev.lediamant.ch\/de\/wp-json\/wp\/v2\/product_tag?post=135197"}],"curies":[{"name":"wp","href":"https:\/\/api.w.org\/{rel}","templated":true}]}}