{"id":135537,"date":"2020-03-17T07:50:46","date_gmt":"2020-03-17T06:50:46","guid":{"rendered":"https:\/\/dev.lediamant.ch\/produit\/schmuck-de\/anhanger-de\/kreuz-de\/750-gold-kreuz-anhanger-38\/"},"modified":"2026-03-07T16:01:18","modified_gmt":"2026-03-07T15:01:18","slug":"pendentif-croix-or-750-40","status":"publish","type":"product","link":"https:\/\/dev.lediamant.ch\/de\/schmuck\/135537-kreuz-weissgold-750-18-kt-1258030820001\/","title":{"rendered":"Kreuz aus Wei\u00dfgold 750\/18 ct."},"content":{"rendered":"<p>Dieses Kreuz ist aus 750\/18 Karat Wei\u00dfgold gefertigt und bietet einen dauerhaften Glanz und eine hohe Qualit\u00e4t. Das schlichte und klare Design macht es zu einer vielseitigen Wahl, perfekt f\u00fcr den t\u00e4glichen Gebrauch oder f\u00fcr besondere Anl\u00e4sse. Das Kreuz ist ein Symbol des Glaubens und der Hoffnung, was es zu einem bedeutungsvollen Geschenk f\u00fcr Sie selbst oder einen geliebten Menschen macht. Mit seiner sch\u00f6nen Verarbeitung und seinem zeitlosen Aussehen&#8230;   <\/p>\n","protected":false},"excerpt":{"rendered":"<p>Dieses Kreuz ist aus 750\/18 Karat Wei\u00dfgold gefertigt und bietet einen dauerhaften Glanz und eine hohe Qualit\u00e4t. Das schlichte und klare Design macht es zu einer vielseitigen Wahl, perfekt f\u00fcr den t\u00e4glichen Gebrauch oder f\u00fcr besondere Anl\u00e4sse. Das Kreuz ist ein Symbol des Glaubens und der Hoffnung, was es zu einem bedeutungsvollen Geschenk f\u00fcr Sie &#8230; <a title=\"Kreuz aus Wei\u00dfgold 750\/18 ct.\" class=\"read-more\" href=\"https:\/\/dev.lediamant.ch\/de\/schmuck\/135537-kreuz-weissgold-750-18-kt-1258030820001\/\" aria-label=\"Mehr Informationen \u00fcber Kreuz aus Wei\u00dfgold 750\/18 ct.\">Weiterlesen &#8230;<\/a><\/p>\n","protected":false},"featured_media":135535,"template":"","meta":{"_acf_changed":false,"_seopress_robots_primary_cat":"27372","_seopress_titles_title":"","_seopress_titles_desc":"","_seopress_robots_index":""},"brand":[27089],"product_brand":[],"product_cat":[27121,27155,27363,27373],"product_tag":[],"class_list":{"0":"post-135537","1":"product","2":"type-product","3":"status-publish","4":"has-post-thumbnail","6":"brand-gold-jewellery-de","7":"product_cat-schmuck","8":"product_cat-anhanger","9":"product_cat-kreuz","10":"product_cat-religiose-anhanger","11":"pa_dimensions-grose-21-x-14-x-3-mm","12":"pa_garantie-12monate","13":"pa_genre-mann","14":"pa_genre-frau","15":"pa_genre-kind","16":"pa_matiere-75018ktweissgold","17":"pa_motif-religion-de","18":"sales-flash-overlay","19":"woocommerce-text-align-center","20":"woocommerce-image-align-center","21":"do-quantity-buttons","23":"first","24":"instock","25":"taxable","26":"shipping-taxable","27":"purchasable","28":"product-type-simple"},"acf":[],"_links":{"self":[{"href":"https:\/\/dev.lediamant.ch\/de\/wp-json\/wp\/v2\/product\/135537","targetHints":{"allow":["GET"]}}],"collection":[{"href":"https:\/\/dev.lediamant.ch\/de\/wp-json\/wp\/v2\/product"}],"about":[{"href":"https:\/\/dev.lediamant.ch\/de\/wp-json\/wp\/v2\/types\/product"}],"wp:featuredmedia":[{"embeddable":true,"href":"https:\/\/dev.lediamant.ch\/de\/wp-json\/wp\/v2\/media\/135535"}],"wp:attachment":[{"href":"https:\/\/dev.lediamant.ch\/de\/wp-json\/wp\/v2\/media?parent=135537"}],"wp:term":[{"taxonomy":"brand","embeddable":true,"href":"https:\/\/dev.lediamant.ch\/de\/wp-json\/wp\/v2\/brand?post=135537"},{"taxonomy":"product_brand","embeddable":true,"href":"https:\/\/dev.lediamant.ch\/de\/wp-json\/wp\/v2\/product_brand?post=135537"},{"taxonomy":"product_cat","embeddable":true,"href":"https:\/\/dev.lediamant.ch\/de\/wp-json\/wp\/v2\/product_cat?post=135537"},{"taxonomy":"product_tag","embeddable":true,"href":"https:\/\/dev.lediamant.ch\/de\/wp-json\/wp\/v2\/product_tag?post=135537"}],"curies":[{"name":"wp","href":"https:\/\/api.w.org\/{rel}","templated":true}]}}