{"id":135741,"date":"2020-03-17T07:52:39","date_gmt":"2020-03-17T06:52:39","guid":{"rendered":"https:\/\/dev.lediamant.ch\/produit\/schmuck-de\/anhanger-de\/religioese-anhaenger-de\/anhanger-fur-glauben-hoffnung-und-nachstenliebe-375-gold\/"},"modified":"2025-03-19T15:42:47","modified_gmt":"2025-03-19T14:42:47","slug":"anhaenger-drei-gruen-gold-375","status":"publish","type":"product","link":"https:\/\/dev.lediamant.ch\/de\/schmuck\/135741-anhanger-fur-glauben-hoffnung-und-nachstenliebe-375-gold\/","title":{"rendered":"Anh\u00e4nger aus Gelbgold 375\/9 ct. Glaube, Liebe und Hoffnung"},"content":{"rendered":"<p>Dieser elegante Anh\u00e4nger aus 375\/9 ct Gelbgold ist eine feine Darstellung der drei theologischen Tugenden: Glaube, Liebe und Hoffnung. Er ist mit drei verschiedenen Symbolen verziert: einem Kreuz, einem Herz und einem Anker, die jeweils f\u00fcr Glaube, Liebe und Hoffnung stehen. Dieser Anh\u00e4nger wurde mit Sorgfalt und Pr\u00e4zision hergestellt und ist die perfekte Wahl f\u00fcr alle, die diese tiefen Gef\u00fchle durch ein Schmuckst\u00fcck zum Ausdruck bringen m\u00f6chten.  <\/p>\n","protected":false},"excerpt":{"rendered":"<p>Dieser elegante Anh\u00e4nger aus 375\/9 ct Gelbgold ist eine feine Darstellung der drei theologischen Tugenden: Glaube, Liebe und Hoffnung. Er ist mit drei verschiedenen Symbolen verziert: einem Kreuz, einem Herz und einem Anker, die jeweils f\u00fcr Glaube, Liebe und Hoffnung stehen. Dieser Anh\u00e4nger wurde mit Sorgfalt und Pr\u00e4zision hergestellt und ist die perfekte Wahl f\u00fcr &#8230; <a title=\"Anh\u00e4nger aus Gelbgold 375\/9 ct. Glaube, Liebe und Hoffnung\" class=\"read-more\" href=\"https:\/\/dev.lediamant.ch\/de\/schmuck\/135741-anhanger-fur-glauben-hoffnung-und-nachstenliebe-375-gold\/\" aria-label=\"Mehr Informationen \u00fcber Anh\u00e4nger aus Gelbgold 375\/9 ct. Glaube, Liebe und Hoffnung\">Weiterlesen &#8230;<\/a><\/p>\n","protected":false},"featured_media":135739,"template":"","meta":{"_acf_changed":false,"_seopress_robots_primary_cat":"27372","_seopress_titles_title":"","_seopress_titles_desc":"Entdecken Sie diesen Goldanh\u00e4nger mit Kreuz, Herz und Anker, die Glauben, Liebe und Hoffnung symbolisieren. Ein zartes Schmuckst\u00fcck, das perfekt ist, um Ihre Gef\u00fchle auszudr\u00fccken. ","_seopress_robots_index":""},"brand":[27089],"product_brand":[],"product_cat":[27121,27155,27373],"product_tag":[],"class_list":{"0":"post-135741","1":"product","2":"type-product","3":"status-publish","4":"has-post-thumbnail","6":"brand-gold-jewellery-de","7":"product_cat-schmuck","8":"product_cat-anhanger","9":"product_cat-religiose-anhanger","10":"pa_garantie-12monate","11":"pa_genre-mann","12":"pa_genre-frau","13":"pa_genre-kind","14":"pa_matiere-3759ktgelbgold","15":"pa_motif-religion-de","16":"sales-flash-overlay","17":"woocommerce-text-align-center","18":"woocommerce-image-align-center","19":"do-quantity-buttons","21":"first","22":"instock","23":"taxable","24":"shipping-taxable","25":"purchasable","26":"product-type-simple"},"acf":[],"_links":{"self":[{"href":"https:\/\/dev.lediamant.ch\/de\/wp-json\/wp\/v2\/product\/135741","targetHints":{"allow":["GET"]}}],"collection":[{"href":"https:\/\/dev.lediamant.ch\/de\/wp-json\/wp\/v2\/product"}],"about":[{"href":"https:\/\/dev.lediamant.ch\/de\/wp-json\/wp\/v2\/types\/product"}],"wp:featuredmedia":[{"embeddable":true,"href":"https:\/\/dev.lediamant.ch\/de\/wp-json\/wp\/v2\/media\/135739"}],"wp:attachment":[{"href":"https:\/\/dev.lediamant.ch\/de\/wp-json\/wp\/v2\/media?parent=135741"}],"wp:term":[{"taxonomy":"brand","embeddable":true,"href":"https:\/\/dev.lediamant.ch\/de\/wp-json\/wp\/v2\/brand?post=135741"},{"taxonomy":"product_brand","embeddable":true,"href":"https:\/\/dev.lediamant.ch\/de\/wp-json\/wp\/v2\/product_brand?post=135741"},{"taxonomy":"product_cat","embeddable":true,"href":"https:\/\/dev.lediamant.ch\/de\/wp-json\/wp\/v2\/product_cat?post=135741"},{"taxonomy":"product_tag","embeddable":true,"href":"https:\/\/dev.lediamant.ch\/de\/wp-json\/wp\/v2\/product_tag?post=135741"}],"curies":[{"name":"wp","href":"https:\/\/api.w.org\/{rel}","templated":true}]}}