{"id":135951,"date":"2020-03-17T07:54:28","date_gmt":"2020-03-17T06:54:28","guid":{"rendered":"https:\/\/dev.lediamant.ch\/produit\/schmuck-de\/anhanger-de\/sternzeichen-anhaenger-de\/gemini-750-gold-anhanger\/"},"modified":"2026-03-07T12:24:39","modified_gmt":"2026-03-07T11:24:39","slug":"anhaenger-gemeaux-gold-750","status":"publish","type":"product","link":"https:\/\/dev.lediamant.ch\/de\/schmuck\/135951-gemini-750-gold-anhanger\/","title":{"rendered":"Anh\u00e4nger aus Gelbgold 750\/18 ct. Sternzeichen Zwillinge"},"content":{"rendered":"<p>Entdecken Sie unseren Anh\u00e4nger aus 750\/18 ct Gelbgold, der das Tierkreiszeichen Zwillinge darstellt. Dieses mit akribischer Pr\u00e4zision gefertigte Schmuckst\u00fcck ist eine elegante Hommage an alle, die zwischen dem 21. Mai und dem 20. Juni geboren wurden. Es zeichnet sich durch sein zartes Design und seine gl\u00e4nzende Oberfl\u00e4che aus, die jedem Outfit einen Hauch von Glanz verleiht. Es ist das perfekte Geschenk f\u00fcr eine Geburtstagsfeier oder einfach nur, um jemandem zu zeigen, wie gut Sie ihn kennen und lieben.   <\/p>\n","protected":false},"excerpt":{"rendered":"<p>Entdecken Sie unseren Anh\u00e4nger aus 750\/18 ct Gelbgold, der das Tierkreiszeichen Zwillinge darstellt. Dieses mit akribischer Pr\u00e4zision gefertigte Schmuckst\u00fcck ist eine elegante Hommage an alle, die zwischen dem 21. Mai und dem 20. Juni geboren wurden. Es zeichnet sich durch sein zartes Design und seine gl\u00e4nzende Oberfl\u00e4che aus, die jedem Outfit einen Hauch von Glanz &#8230; <a title=\"Anh\u00e4nger aus Gelbgold 750\/18 ct. Sternzeichen Zwillinge\" class=\"read-more\" href=\"https:\/\/dev.lediamant.ch\/de\/schmuck\/135951-gemini-750-gold-anhanger\/\" aria-label=\"Mehr Informationen \u00fcber Anh\u00e4nger aus Gelbgold 750\/18 ct. Sternzeichen Zwillinge\">Weiterlesen &#8230;<\/a><\/p>\n","protected":false},"featured_media":135949,"template":"","meta":{"_acf_changed":false,"_seopress_robots_primary_cat":"27258","_seopress_titles_title":"%%post_title%%","_seopress_titles_desc":"Entdecken Sie unseren Zwillinge-Anh\u00e4nger aus 750\/18 ct Gold, ein raffiniertes Geschenk f\u00fcr alle, die zwischen 21. Mai und 20. Juni geboren wurden. Elegantes Design und helles Finish. ","_seopress_robots_index":""},"brand":[27089],"product_brand":[],"product_cat":[27121,27155,27259,27169,27135,27145],"product_tag":[],"class_list":{"0":"post-135951","1":"product","2":"type-product","3":"status-publish","4":"has-post-thumbnail","6":"brand-gold-jewellery-de","7":"product_cat-schmuck","8":"product_cat-anhanger","9":"product_cat-sternzeichen-anhanger","10":"product_cat-sternzeichen","11":"product_cat-zum-gravieren","12":"product_cat-text-hinten","13":"pa_dimensions-13-x-13-mm","14":"pa_garantie-12monate","15":"pa_genre-mann","16":"pa_genre-frau","17":"pa_genre-kind","18":"pa_matiere-75018ktgelbgold","19":"pa_motif-sternzeichen","20":"sales-flash-overlay","21":"woocommerce-text-align-center","22":"woocommerce-image-align-center","23":"do-quantity-buttons","25":"first","26":"instock","27":"taxable","28":"shipping-taxable","29":"purchasable","30":"product-type-simple"},"acf":[],"_links":{"self":[{"href":"https:\/\/dev.lediamant.ch\/de\/wp-json\/wp\/v2\/product\/135951","targetHints":{"allow":["GET"]}}],"collection":[{"href":"https:\/\/dev.lediamant.ch\/de\/wp-json\/wp\/v2\/product"}],"about":[{"href":"https:\/\/dev.lediamant.ch\/de\/wp-json\/wp\/v2\/types\/product"}],"wp:featuredmedia":[{"embeddable":true,"href":"https:\/\/dev.lediamant.ch\/de\/wp-json\/wp\/v2\/media\/135949"}],"wp:attachment":[{"href":"https:\/\/dev.lediamant.ch\/de\/wp-json\/wp\/v2\/media?parent=135951"}],"wp:term":[{"taxonomy":"brand","embeddable":true,"href":"https:\/\/dev.lediamant.ch\/de\/wp-json\/wp\/v2\/brand?post=135951"},{"taxonomy":"product_brand","embeddable":true,"href":"https:\/\/dev.lediamant.ch\/de\/wp-json\/wp\/v2\/product_brand?post=135951"},{"taxonomy":"product_cat","embeddable":true,"href":"https:\/\/dev.lediamant.ch\/de\/wp-json\/wp\/v2\/product_cat?post=135951"},{"taxonomy":"product_tag","embeddable":true,"href":"https:\/\/dev.lediamant.ch\/de\/wp-json\/wp\/v2\/product_tag?post=135951"}],"curies":[{"name":"wp","href":"https:\/\/api.w.org\/{rel}","templated":true}]}}