{"id":135963,"date":"2020-03-17T07:54:28","date_gmt":"2020-03-17T06:54:28","guid":{"rendered":"https:\/\/dev.lediamant.ch\/produit\/schmuck-de\/anhanger-de\/sternzeichen-anhaenger-de\/anhanger-virgin-gold-750-7\/"},"modified":"2026-03-07T12:24:44","modified_gmt":"2026-03-07T11:24:44","slug":"pendentif-vierge-or-750-7","status":"publish","type":"product","link":"https:\/\/dev.lediamant.ch\/de\/schmuck\/135963-anhaenger-gelbgold-750-18-kt-sternzeichen-jungfrau-1154060420900\/","title":{"rendered":"Anh\u00e4nger aus Gelbgold 750\/18 ct. Sternzeichen Jungfrau"},"content":{"rendered":"<p>Dieser elegante Anh\u00e4nger stellt das Tierkreiszeichen Jungfrau dar und wurde aus 750\/18 ct Gelbgold f\u00fcr einen unvergleichlichen Glanz hergestellt. Sein zartes und detailliertes Design hebt das Symbol des Sternzeichens Jungfrau hervor und macht ihn ideal f\u00fcr diejenigen, die zwischen dem 23. August und dem 22. September geboren wurden. Dieser Anh\u00e4nger ist ein perfektes Geschenk, um Ihre Zuneigung auszudr\u00fccken oder Ihre Individualit\u00e4t zu feiern. Tragen Sie ihn, um Ihrem Stil eine pers\u00f6nliche Note zu verleihen oder um mit Ihrem Sternzeichen verbunden zu bleiben.   <\/p>\n","protected":false},"excerpt":{"rendered":"<p>Dieser elegante Anh\u00e4nger stellt das Tierkreiszeichen Jungfrau dar und wurde aus 750\/18 ct Gelbgold f\u00fcr einen unvergleichlichen Glanz hergestellt. Sein zartes und detailliertes Design hebt das Symbol des Sternzeichens Jungfrau hervor und macht ihn ideal f\u00fcr diejenigen, die zwischen dem 23. August und dem 22. September geboren wurden. Dieser Anh\u00e4nger ist ein perfektes Geschenk, um &#8230; <a title=\"Anh\u00e4nger aus Gelbgold 750\/18 ct. Sternzeichen Jungfrau\" class=\"read-more\" href=\"https:\/\/dev.lediamant.ch\/de\/schmuck\/135963-anhaenger-gelbgold-750-18-kt-sternzeichen-jungfrau-1154060420900\/\" aria-label=\"Mehr Informationen \u00fcber Anh\u00e4nger aus Gelbgold 750\/18 ct. Sternzeichen Jungfrau\">Weiterlesen &#8230;<\/a><\/p>\n","protected":false},"featured_media":135961,"template":"","meta":{"_acf_changed":false,"_seopress_robots_primary_cat":"27258","_seopress_titles_title":"%%post_title%%","_seopress_titles_desc":"Entdecken Sie unseren Jungfrau-Anh\u00e4nger aus 18 Karat Gelbgold, das ideale Geschenk f\u00fcr alle, die zwischen dem 23. August und dem 22. September geboren wurden. Eleganz und Symbolik in einem Schmuckst\u00fcck. ","_seopress_robots_index":""},"brand":[27089],"product_brand":[],"product_cat":[27121,27155,27259,27169,27135,27145],"product_tag":[],"class_list":{"0":"post-135963","1":"product","2":"type-product","3":"status-publish","4":"has-post-thumbnail","6":"brand-gold-jewellery-de","7":"product_cat-schmuck","8":"product_cat-anhanger","9":"product_cat-sternzeichen-anhanger","10":"product_cat-sternzeichen","11":"product_cat-zum-gravieren","12":"product_cat-text-hinten","13":"pa_dimensions-13-x-13-mm","14":"pa_garantie-12monate","15":"pa_genre-mann","16":"pa_genre-frau","17":"pa_genre-kind","18":"pa_matiere-75018ktgelbgold","19":"pa_motif-sternzeichen","20":"sales-flash-overlay","21":"woocommerce-text-align-center","22":"woocommerce-image-align-center","23":"do-quantity-buttons","25":"first","26":"instock","27":"taxable","28":"shipping-taxable","29":"purchasable","30":"product-type-simple"},"acf":[],"_links":{"self":[{"href":"https:\/\/dev.lediamant.ch\/de\/wp-json\/wp\/v2\/product\/135963","targetHints":{"allow":["GET"]}}],"collection":[{"href":"https:\/\/dev.lediamant.ch\/de\/wp-json\/wp\/v2\/product"}],"about":[{"href":"https:\/\/dev.lediamant.ch\/de\/wp-json\/wp\/v2\/types\/product"}],"wp:featuredmedia":[{"embeddable":true,"href":"https:\/\/dev.lediamant.ch\/de\/wp-json\/wp\/v2\/media\/135961"}],"wp:attachment":[{"href":"https:\/\/dev.lediamant.ch\/de\/wp-json\/wp\/v2\/media?parent=135963"}],"wp:term":[{"taxonomy":"brand","embeddable":true,"href":"https:\/\/dev.lediamant.ch\/de\/wp-json\/wp\/v2\/brand?post=135963"},{"taxonomy":"product_brand","embeddable":true,"href":"https:\/\/dev.lediamant.ch\/de\/wp-json\/wp\/v2\/product_brand?post=135963"},{"taxonomy":"product_cat","embeddable":true,"href":"https:\/\/dev.lediamant.ch\/de\/wp-json\/wp\/v2\/product_cat?post=135963"},{"taxonomy":"product_tag","embeddable":true,"href":"https:\/\/dev.lediamant.ch\/de\/wp-json\/wp\/v2\/product_tag?post=135963"}],"curies":[{"name":"wp","href":"https:\/\/api.w.org\/{rel}","templated":true}]}}