{"id":135967,"date":"2020-03-17T07:54:40","date_gmt":"2020-03-17T06:54:40","guid":{"rendered":"https:\/\/dev.lediamant.ch\/produit\/schmuck-de\/anhanger-de\/sternzeichen-anhaenger-de\/750-gold-balance-anhanger\/"},"modified":"2026-03-07T12:25:35","modified_gmt":"2026-03-07T11:25:35","slug":"anhaenger-balance-gold-750","status":"publish","type":"product","link":"https:\/\/dev.lediamant.ch\/de\/schmuck\/135967-anhaenger-gelbgold-750-18-kt-sternzeichen-waage-1154060421000\/","title":{"rendered":"Anh\u00e4nger aus Gelbgold 750\/18 ct. Sternzeichen Waage"},"content":{"rendered":"<p>Entdecken Sie unseren Anh\u00e4nger aus 18 Karat Gelbgold, der das Sternzeichen Waage darstellt. Dieses zarte Schmuckst\u00fcck wurde mit Pr\u00e4zision und Sorgfalt gefertigt und ist eine elegante M\u00f6glichkeit, Ihre Individualit\u00e4t zum Ausdruck zu bringen. Ob Sie nun unter diesem Sternzeichen geboren sind oder einfach nur ein Symbol f\u00fcr Gleichgewicht und Harmonie tragen m\u00f6chten, dieser Anh\u00e4nger ist die perfekte Wahl. Sein zeitloses Design und sein subtiler Glanz machen ihn zu einer wertvollen Erg\u00e4nzung f\u00fcr jede Schmuckkollektion. Tragen Sie ihn allein f\u00fcr einen klaren Look oder kombinieren Sie ihn mit anderen St\u00fccken f\u00fcr einen gewagteren Ansatz.    <\/p>\n","protected":false},"excerpt":{"rendered":"<p>Entdecken Sie unseren Anh\u00e4nger aus 18 Karat Gelbgold, der das Sternzeichen Waage darstellt. Dieses zarte Schmuckst\u00fcck wurde mit Pr\u00e4zision und Sorgfalt gefertigt und ist eine elegante M\u00f6glichkeit, Ihre Individualit\u00e4t zum Ausdruck zu bringen. Ob Sie nun unter diesem Sternzeichen geboren sind oder einfach nur ein Symbol f\u00fcr Gleichgewicht und Harmonie tragen m\u00f6chten, dieser Anh\u00e4nger ist &#8230; <a title=\"Anh\u00e4nger aus Gelbgold 750\/18 ct. Sternzeichen Waage\" class=\"read-more\" href=\"https:\/\/dev.lediamant.ch\/de\/schmuck\/135967-anhaenger-gelbgold-750-18-kt-sternzeichen-waage-1154060421000\/\" aria-label=\"Mehr Informationen \u00fcber Anh\u00e4nger aus Gelbgold 750\/18 ct. Sternzeichen Waage\">Weiterlesen &#8230;<\/a><\/p>\n","protected":false},"featured_media":135965,"template":"","meta":{"_acf_changed":false,"_seopress_robots_primary_cat":"27258","_seopress_titles_title":"%%post_title%%","_seopress_titles_desc":"Entdecken Sie unseren Anh\u00e4nger aus 18 Karat Gelbgold, Sternzeichen Waage, der sich perfekt f\u00fcr ein einzigartiges und pers\u00f6nliches Geschenk eignet.","_seopress_robots_index":""},"brand":[27089],"product_brand":[],"product_cat":[27121,27155,27259,27169,27135,27145],"product_tag":[],"class_list":{"0":"post-135967","1":"product","2":"type-product","3":"status-publish","4":"has-post-thumbnail","6":"brand-gold-jewellery-de","7":"product_cat-schmuck","8":"product_cat-anhanger","9":"product_cat-sternzeichen-anhanger","10":"product_cat-sternzeichen","11":"product_cat-zum-gravieren","12":"product_cat-text-hinten","13":"pa_dimensions-13-x-13-mm","14":"pa_garantie-12monate","15":"pa_genre-mann","16":"pa_genre-frau","17":"pa_genre-kind","18":"pa_matiere-75018ktgelbgold","19":"pa_motif-sternzeichen","20":"sales-flash-overlay","21":"woocommerce-text-align-center","22":"woocommerce-image-align-center","23":"do-quantity-buttons","25":"first","26":"instock","27":"taxable","28":"shipping-taxable","29":"purchasable","30":"product-type-simple"},"acf":[],"_links":{"self":[{"href":"https:\/\/dev.lediamant.ch\/de\/wp-json\/wp\/v2\/product\/135967","targetHints":{"allow":["GET"]}}],"collection":[{"href":"https:\/\/dev.lediamant.ch\/de\/wp-json\/wp\/v2\/product"}],"about":[{"href":"https:\/\/dev.lediamant.ch\/de\/wp-json\/wp\/v2\/types\/product"}],"wp:featuredmedia":[{"embeddable":true,"href":"https:\/\/dev.lediamant.ch\/de\/wp-json\/wp\/v2\/media\/135965"}],"wp:attachment":[{"href":"https:\/\/dev.lediamant.ch\/de\/wp-json\/wp\/v2\/media?parent=135967"}],"wp:term":[{"taxonomy":"brand","embeddable":true,"href":"https:\/\/dev.lediamant.ch\/de\/wp-json\/wp\/v2\/brand?post=135967"},{"taxonomy":"product_brand","embeddable":true,"href":"https:\/\/dev.lediamant.ch\/de\/wp-json\/wp\/v2\/product_brand?post=135967"},{"taxonomy":"product_cat","embeddable":true,"href":"https:\/\/dev.lediamant.ch\/de\/wp-json\/wp\/v2\/product_cat?post=135967"},{"taxonomy":"product_tag","embeddable":true,"href":"https:\/\/dev.lediamant.ch\/de\/wp-json\/wp\/v2\/product_tag?post=135967"}],"curies":[{"name":"wp","href":"https:\/\/api.w.org\/{rel}","templated":true}]}}