{"id":137823,"date":"2020-03-17T08:13:53","date_gmt":"2020-03-17T07:13:53","guid":{"rendered":"https:\/\/dev.lediamant.ch\/produit\/schmuck-de\/ohrringe-de\/ohrstecker-de\/ohrstecker-suesswasserperlen-6-65-mm-weissgold-750-18-kt\/"},"modified":"2025-02-07T09:18:11","modified_gmt":"2025-02-07T08:18:11","slug":"clous-d-oreilles-perles-eau-douce-6-65-mm-or-blanc-750-18-ct","status":"publish","type":"product","link":"https:\/\/dev.lediamant.ch\/de\/schmuck\/137823-ohrstecker-suesswasserperlen-6-65-mm-weissgold-750-18-kt\/","title":{"rendered":"Ohrstecker, S\u00fc\u00dfwasserperlen, 6- 6,5 mm, Wei\u00dfgold 750\/ 18 ct."},"content":{"rendered":"","protected":false},"excerpt":{"rendered":"","protected":false},"featured_media":137819,"template":"","meta":{"_acf_changed":false,"_seopress_robots_primary_cat":"27192","_seopress_titles_title":"","_seopress_titles_desc":"","_seopress_robots_index":""},"brand":[27089],"product_brand":[],"product_cat":[27121,27171,27193],"product_tag":[],"class_list":{"0":"post-137823","1":"product","2":"type-product","3":"status-publish","4":"has-post-thumbnail","6":"brand-gold-jewellery-de","7":"product_cat-schmuck","8":"product_cat-ohrringe","9":"product_cat-ohrstecker","10":"pa_garantie-12monate","11":"pa_genre-frau","12":"pa_matiere-75018ktweissgold","13":"pa_perles-suesswasser","14":"sales-flash-overlay","15":"woocommerce-text-align-center","16":"woocommerce-image-align-center","17":"do-quantity-buttons","19":"first","20":"instock","21":"taxable","22":"shipping-taxable","23":"purchasable","24":"product-type-simple"},"acf":[],"_links":{"self":[{"href":"https:\/\/dev.lediamant.ch\/de\/wp-json\/wp\/v2\/product\/137823","targetHints":{"allow":["GET"]}}],"collection":[{"href":"https:\/\/dev.lediamant.ch\/de\/wp-json\/wp\/v2\/product"}],"about":[{"href":"https:\/\/dev.lediamant.ch\/de\/wp-json\/wp\/v2\/types\/product"}],"wp:featuredmedia":[{"embeddable":true,"href":"https:\/\/dev.lediamant.ch\/de\/wp-json\/wp\/v2\/media\/137819"}],"wp:attachment":[{"href":"https:\/\/dev.lediamant.ch\/de\/wp-json\/wp\/v2\/media?parent=137823"}],"wp:term":[{"taxonomy":"brand","embeddable":true,"href":"https:\/\/dev.lediamant.ch\/de\/wp-json\/wp\/v2\/brand?post=137823"},{"taxonomy":"product_brand","embeddable":true,"href":"https:\/\/dev.lediamant.ch\/de\/wp-json\/wp\/v2\/product_brand?post=137823"},{"taxonomy":"product_cat","embeddable":true,"href":"https:\/\/dev.lediamant.ch\/de\/wp-json\/wp\/v2\/product_cat?post=137823"},{"taxonomy":"product_tag","embeddable":true,"href":"https:\/\/dev.lediamant.ch\/de\/wp-json\/wp\/v2\/product_tag?post=137823"}],"curies":[{"name":"wp","href":"https:\/\/api.w.org\/{rel}","templated":true}]}}