{"id":138365,"date":"2020-03-17T08:18:36","date_gmt":"2020-03-17T07:18:36","guid":{"rendered":"https:\/\/dev.lediamant.ch\/produit\/schmuck-de\/ketten-de\/figaro-de\/figaro-gold-375-kette\/"},"modified":"2026-01-14T17:07:50","modified_gmt":"2026-01-14T16:07:50","slug":"figaro-or-375","status":"publish","type":"product","link":"https:\/\/dev.lediamant.ch\/de\/schmuck\/138365-collier-figaro-gelbgold-375\/9-kt-29-mm-414309322-3800\/","title":{"rendered":"Figaro-Halskette aus Gelbgold 375\/9 ct, 2,9 mm"},"content":{"rendered":"<p>Diese elegante Figaro-Halskette aus 375\/ 9 ct. Gold ist die perfekte Wahl, um jedem Outfit einen Hauch von Raffinesse zu verleihen. Mit einer Breite von 2,9 mm ist diese Halskette robust genug, um jeden Tag getragen zu werden. Das klassische Figaro-Kettendesign ist zeitlos und vielseitig, was es zu einer wertvollen Erg\u00e4nzung jeder Schmuckkollektion macht. Ob Sie sie f\u00fcr sich selbst oder als Geschenk f\u00fcr einen geliebten Menschen kaufen, diese goldene Figaro-Halskette wird Ihnen garantiert gefallen.    <\/p>\n","protected":false},"excerpt":{"rendered":"<p>Diese elegante Figaro-Halskette aus 375\/ 9 ct. Gold ist die perfekte Wahl, um jedem Outfit einen Hauch von Raffinesse zu verleihen. Mit einer Breite von 2,9 mm ist diese Halskette robust genug, um jeden Tag getragen zu werden. Das klassische Figaro-Kettendesign ist zeitlos und vielseitig, was es zu einer wertvollen Erg\u00e4nzung jeder Schmuckkollektion macht. Ob &#8230; <a title=\"Figaro-Halskette aus Gelbgold 375\/9 ct, 2,9 mm\" class=\"read-more\" href=\"https:\/\/dev.lediamant.ch\/de\/schmuck\/138365-collier-figaro-gelbgold-375\/9-kt-29-mm-414309322-3800\/\" aria-label=\"Mehr Informationen \u00fcber Figaro-Halskette aus Gelbgold 375\/9 ct, 2,9 mm\">Weiterlesen &#8230;<\/a><\/p>\n","protected":false},"featured_media":138359,"template":"","meta":{"_acf_changed":false,"_seopress_robots_primary_cat":"27226","_seopress_titles_title":"%%post_title%% %%sep%% %%sitetitle%%","_seopress_titles_desc":"Entdecken Sie unsere Figaro-Halskette aus 375\/9 ct Gelbgold, ein wundersch\u00f6nes Schmuckst\u00fcck f\u00fcr jeden Geschmack. G\u00f6nnen Sie sich einen Hauch von Luxus mit LeDiamant.ch. Qualit\u00e4t garantiert.","_seopress_robots_index":""},"brand":[27089],"product_brand":[],"product_cat":[27121,27179,27227,27183,27355],"product_tag":[],"class_list":{"0":"post-138365","1":"product","2":"type-product","3":"status-publish","4":"has-post-thumbnail","6":"brand-gold-jewellery-de","7":"product_cat-schmuck","8":"product_cat-colliers-de","9":"product_cat-halsketten-gold","10":"product_cat-goldketten","11":"product_cat-figaro","12":"pa_garantie-12monate","13":"pa_genre-mann","14":"pa_genre-kind","15":"pa_longueurdechaine-40cm-de","16":"pa_longueurdechaine-42cm-de","17":"pa_longueurdechaine-45cm-de","18":"pa_longueurdechaine-50cm-de","19":"pa_matiere-3759ktgelbgold","20":"sales-flash-overlay","21":"woocommerce-text-align-center","22":"woocommerce-image-align-center","23":"do-quantity-buttons","25":"first","26":"instock","27":"taxable","28":"shipping-taxable","29":"purchasable","30":"product-type-variable","31":"has-default-attributes"},"acf":[],"_links":{"self":[{"href":"https:\/\/dev.lediamant.ch\/de\/wp-json\/wp\/v2\/product\/138365","targetHints":{"allow":["GET"]}}],"collection":[{"href":"https:\/\/dev.lediamant.ch\/de\/wp-json\/wp\/v2\/product"}],"about":[{"href":"https:\/\/dev.lediamant.ch\/de\/wp-json\/wp\/v2\/types\/product"}],"wp:featuredmedia":[{"embeddable":true,"href":"https:\/\/dev.lediamant.ch\/de\/wp-json\/wp\/v2\/media\/138359"}],"wp:attachment":[{"href":"https:\/\/dev.lediamant.ch\/de\/wp-json\/wp\/v2\/media?parent=138365"}],"wp:term":[{"taxonomy":"brand","embeddable":true,"href":"https:\/\/dev.lediamant.ch\/de\/wp-json\/wp\/v2\/brand?post=138365"},{"taxonomy":"product_brand","embeddable":true,"href":"https:\/\/dev.lediamant.ch\/de\/wp-json\/wp\/v2\/product_brand?post=138365"},{"taxonomy":"product_cat","embeddable":true,"href":"https:\/\/dev.lediamant.ch\/de\/wp-json\/wp\/v2\/product_cat?post=138365"},{"taxonomy":"product_tag","embeddable":true,"href":"https:\/\/dev.lediamant.ch\/de\/wp-json\/wp\/v2\/product_tag?post=138365"}],"curies":[{"name":"wp","href":"https:\/\/api.w.org\/{rel}","templated":true}]}}