{"id":142929,"date":"2020-05-12T12:05:41","date_gmt":"2020-05-12T10:05:41","guid":{"rendered":"https:\/\/dev.lediamant.ch\/produit\/uhren-de\/tissot-de\/tissot-t-classic-de\/tissot-gentleman-automatik-de\/tissot-gentleman-powermatic-80-silicon-5\/"},"modified":"2020-05-12T12:05:41","modified_gmt":"2020-05-12T10:05:41","slug":"tissot-gentleman-powermatic-80-silicon-5","status":"publish","type":"product","link":"https:\/\/dev.lediamant.ch\/de\/uhren\/142929-tissot-gentleman-powermatic-80-silicon-5\/","title":{"rendered":"Tissot Gentleman Powermatic 80 Silicium"},"content":{"rendered":"<p>Die Tissot Gentleman ist das perfekte Accessoire f\u00fcr den Alltag und setzt gleichzeitig ein stilvolles Statement. Die klassisch elegante Uhr kommt mit einem Geh\u00e4usedurchmesser von 40 mm und passt perfekt zu jeder Art von Stil. Die satinierten und polierten Zeiger sowie Indizes runden das elegante Aussehen der Tissot Gentleman ab. Dieses Modell der Tissot Gentleman Powermatic 80 Silizium Kollektion ist mit einem Swiss Made Powermatic 80 Werk mit Silizium-Spirale, kratzfestem sowie entspiegeltem Saphirglas und einem 316L - Edelstahlgeh\u00e4use ausgestattet. Die Uhr besitzt ein braunes Lederarmband mit Butterflyfaltschlie\u00dfe mit Dr\u00fcckern und ein silberfarbenes Zifferblatt mit Datumsanzeige.<\/p>\n","protected":false},"excerpt":{"rendered":"<p>Die Tissot Gentleman ist das perfekte Accessoire f\u00fcr den Alltag und setzt gleichzeitig ein stilvolles Statement. Die klassisch elegante Uhr kommt mit einem Geh\u00e4usedurchmesser von 40 mm und passt perfekt zu jeder Art von Stil. Die satinierten und polierten Zeiger sowie Indizes runden das elegante Aussehen der Tissot Gentleman ab. Dieses Modell der Tissot Gentleman &#8230; <a title=\"Tissot Gentleman Powermatic 80 Silicium\" class=\"read-more\" href=\"https:\/\/dev.lediamant.ch\/de\/uhren\/142929-tissot-gentleman-powermatic-80-silicon-5\/\" aria-label=\"Mehr Informationen \u00fcber Tissot Gentleman Powermatic 80 Silicium\">Weiterlesen &#8230;<\/a><\/p>\n","protected":false},"featured_media":142918,"template":"","meta":{"_acf_changed":false,"_seopress_robots_primary_cat":"","_seopress_titles_title":"","_seopress_titles_desc":"","_seopress_robots_index":""},"brand":[27087],"product_brand":[],"product_cat":[27123,27159,27245,27445],"product_tag":[],"class_list":{"0":"post-142929","1":"product","2":"type-product","3":"status-publish","4":"has-post-thumbnail","6":"brand-tissot-de","7":"product_cat-uhren","8":"product_cat-tissot-de","9":"product_cat-tissot-classic","10":"product_cat-tissot-gentleman","11":"pa_couleurduboitier-grau-de","12":"pa_couleurdubracelet-braun-de","13":"pa_couleurducadran-silber","14":"pa_dimensions-o-40-mm","15":"pa_etancheite-100m-de","16":"pa_forme-runden","17":"pa_garantie-24monate","18":"pa_genre-mann","19":"pa_matiere-stahl","20":"pa_matierebraceletmontre-leder","21":"pa_mouvement-automatik-de","22":"pa_swissmade-ja-de","23":"sales-flash-overlay","24":"woocommerce-text-align-center","25":"woocommerce-image-align-center","26":"do-quantity-buttons","28":"first","29":"instock","30":"taxable","31":"shipping-taxable","32":"purchasable","33":"product-type-simple"},"acf":[],"_links":{"self":[{"href":"https:\/\/dev.lediamant.ch\/de\/wp-json\/wp\/v2\/product\/142929","targetHints":{"allow":["GET"]}}],"collection":[{"href":"https:\/\/dev.lediamant.ch\/de\/wp-json\/wp\/v2\/product"}],"about":[{"href":"https:\/\/dev.lediamant.ch\/de\/wp-json\/wp\/v2\/types\/product"}],"wp:featuredmedia":[{"embeddable":true,"href":"https:\/\/dev.lediamant.ch\/de\/wp-json\/wp\/v2\/media\/142918"}],"wp:attachment":[{"href":"https:\/\/dev.lediamant.ch\/de\/wp-json\/wp\/v2\/media?parent=142929"}],"wp:term":[{"taxonomy":"brand","embeddable":true,"href":"https:\/\/dev.lediamant.ch\/de\/wp-json\/wp\/v2\/brand?post=142929"},{"taxonomy":"product_brand","embeddable":true,"href":"https:\/\/dev.lediamant.ch\/de\/wp-json\/wp\/v2\/product_brand?post=142929"},{"taxonomy":"product_cat","embeddable":true,"href":"https:\/\/dev.lediamant.ch\/de\/wp-json\/wp\/v2\/product_cat?post=142929"},{"taxonomy":"product_tag","embeddable":true,"href":"https:\/\/dev.lediamant.ch\/de\/wp-json\/wp\/v2\/product_tag?post=142929"}],"curies":[{"name":"wp","href":"https:\/\/api.w.org\/{rel}","templated":true}]}}