{"id":143179,"date":"2020-06-05T17:24:37","date_gmt":"2020-06-05T15:24:37","guid":{"rendered":"https:\/\/dev.lediamant.ch\/produit\/uhren-de\/aerowatch-de\/a1942-de\/aerowatch-1942-lady-automatic-skeleton-leder-pink\/"},"modified":"2025-08-20T15:50:42","modified_gmt":"2025-08-20T13:50:42","slug":"aerowatch-1942-lady-automatic-skeleton-leder-pink","status":"publish","type":"product","link":"https:\/\/dev.lediamant.ch\/de\/uhren\/143179-aerowatch-1942-lady-automatic-skeleton-rosa-leder-a-60960-aa18\/","title":{"rendered":"Aerowatch 1942 Lady Automatic Skeleton Rosa Leder"},"content":{"rendered":"<p class=\"h5 text-uppercase\">Geh\u00e4use<\/p>\n<p>Edelstahlgeh\u00e4use, Saphirglas, Sichtboden<\/p>\n<p class=\"h5 text-uppercase\">Zifferblatt<\/p>\n<p>Wei\u00df-silber, guillochierter Ring, 3 Diamanten und Indexe<\/p>\n<p class=\"h5 text-uppercase\">Uhrwerk<\/p>\n<p>Automatik, 11\u00bd&#8220;&#8216; SELLITA SW200, 26 Rubine, Skelett, Stunden, Minuten und Sekunden<\/p>\n<p class=\"h5 text-uppercase\">Armband<\/p>\n<p>Hellrosa Leder, 17.00 mm, Faltschlie\u00dfe<\/p>\n","protected":false},"excerpt":{"rendered":"<p>Geh\u00e4use Edelstahlgeh\u00e4use, Saphirglas, Sichtboden Zifferblatt Wei\u00df-silber, guillochierter Ring, 3 Diamanten und Indexe Uhrwerk Automatik, 11\u00bd&#8220;&#8216; SELLITA SW200, 26 Rubine, Skelett, Stunden, Minuten und Sekunden Armband Hellrosa Leder, 17.00 mm, Faltschlie\u00dfe<\/p>\n","protected":false},"featured_media":219461,"template":"","meta":{"_acf_changed":false,"_seopress_robots_primary_cat":"27167","_seopress_titles_title":"%%post_title%%","_seopress_titles_desc":"Exquisite Uhr mit Saphirglas und 3 Diamanten, Automatikwerk und hellrosa Lederarmband. Entdecken Sie Eleganz und Pr\u00e4zision in einem.","_seopress_robots_index":""},"brand":[27081],"product_brand":[],"product_cat":[27123,27167,27241],"product_tag":[],"class_list":{"0":"post-143179","1":"product","2":"type-product","3":"status-publish","4":"has-post-thumbnail","6":"brand-aerowatch-de","7":"product_cat-uhren","8":"product_cat-aerowatch-de","9":"product_cat-1942-de","10":"pa_garantie-24monate","11":"pa_verre-saphir-de","12":"sales-flash-overlay","13":"woocommerce-text-align-center","14":"woocommerce-image-align-center","15":"do-quantity-buttons","17":"first","18":"instock","19":"taxable","20":"shipping-taxable","21":"purchasable","22":"product-type-simple"},"acf":[],"_links":{"self":[{"href":"https:\/\/dev.lediamant.ch\/de\/wp-json\/wp\/v2\/product\/143179","targetHints":{"allow":["GET"]}}],"collection":[{"href":"https:\/\/dev.lediamant.ch\/de\/wp-json\/wp\/v2\/product"}],"about":[{"href":"https:\/\/dev.lediamant.ch\/de\/wp-json\/wp\/v2\/types\/product"}],"wp:featuredmedia":[{"embeddable":true,"href":"https:\/\/dev.lediamant.ch\/de\/wp-json\/wp\/v2\/media\/219461"}],"wp:attachment":[{"href":"https:\/\/dev.lediamant.ch\/de\/wp-json\/wp\/v2\/media?parent=143179"}],"wp:term":[{"taxonomy":"brand","embeddable":true,"href":"https:\/\/dev.lediamant.ch\/de\/wp-json\/wp\/v2\/brand?post=143179"},{"taxonomy":"product_brand","embeddable":true,"href":"https:\/\/dev.lediamant.ch\/de\/wp-json\/wp\/v2\/product_brand?post=143179"},{"taxonomy":"product_cat","embeddable":true,"href":"https:\/\/dev.lediamant.ch\/de\/wp-json\/wp\/v2\/product_cat?post=143179"},{"taxonomy":"product_tag","embeddable":true,"href":"https:\/\/dev.lediamant.ch\/de\/wp-json\/wp\/v2\/product_tag?post=143179"}],"curies":[{"name":"wp","href":"https:\/\/api.w.org\/{rel}","templated":true}]}}