{"id":143719,"date":"2020-09-14T01:14:25","date_gmt":"2020-09-13T23:14:25","guid":{"rendered":"https:\/\/dev.lediamant.ch\/produit\/uhren-de\/tissot-de\/tissot-t-sport-de\/tissot-supersport-de\/tissot-supersport-chrono-8\/"},"modified":"2020-09-14T01:14:25","modified_gmt":"2020-09-13T23:14:25","slug":"tissot-supersport-chrono-8","status":"publish","type":"product","link":"https:\/\/dev.lediamant.ch\/de\/uhren\/143719-tissot-supersport-chrono-8\/","title":{"rendered":"Tissot Supersport Chrono"},"content":{"rendered":"<p>Die Tissot Supersport Chrono Kollektion ist perfekt f\u00fcr den modernen Gentleman, der seine Uhr im Alltag, B\u00fcro sowie bei sportlichen Ereignissen tragen m\u00f6chte. Die geraden Linien und scharfen Kanten in Kombination mit dem 45,5 mm Geh\u00e4use verleihen der Tissot Supersport Chrono eine starke Pers\u00f6nlichkeit. Die massiven Indizes mit SuperLuminova\u00ae Beschichtung sowie die asymmetrischen Applikationen auf dem Zifferblatt sorgen f\u00fcr einen kraftvollen 3D-Effekt, ein dynamisches Erscheinungsbild und erm\u00f6glichen eine beeindruckende Lesbarkeit bei Dunkelheit. Alle Modelle des Tissot Chrono Supersport haben ein massives 316L- Edelstahlgeh\u00e4use, kratzfestes Saphirglas und besitzen eine Wasserdichtigkeit bis zu einem Druck von 10 bar (100 Metern\/330 Fu\u00df). Diese Ausf\u00fchrung der Tissot Supersport Chrono besitzt ein Swiss-Made Quartzwerk sowie ein 316L-Edelstahlgeh\u00e4use mit schwarzer PVD-Beschichtung. Das schwarze Zifferblatt mit Indizes und Datumsanzeige ist farblich abgest<\/p>\n","protected":false},"excerpt":{"rendered":"<p>Die Tissot Supersport Chrono Kollektion ist perfekt f\u00fcr den modernen Gentleman, der seine Uhr im Alltag, B\u00fcro sowie bei sportlichen Ereignissen tragen m\u00f6chte. Die geraden Linien und scharfen Kanten in Kombination mit dem 45,5 mm Geh\u00e4use verleihen der Tissot Supersport Chrono eine starke Pers\u00f6nlichkeit. Die massiven Indizes mit SuperLuminova\u00ae Beschichtung sowie die asymmetrischen Applikationen auf &#8230; <a title=\"Tissot Supersport Chrono\" class=\"read-more\" href=\"https:\/\/dev.lediamant.ch\/de\/uhren\/143719-tissot-supersport-chrono-8\/\" aria-label=\"Mehr Informationen \u00fcber Tissot Supersport Chrono\">Weiterlesen &#8230;<\/a><\/p>\n","protected":false},"featured_media":143711,"template":"","meta":{"_acf_changed":false,"_seopress_robots_primary_cat":"","_seopress_titles_title":"","_seopress_titles_desc":"","_seopress_robots_index":""},"brand":[27087],"product_brand":[],"product_cat":[27123,27159,27203,27381],"product_tag":[],"class_list":{"0":"post-143719","1":"product","2":"type-product","3":"status-publish","4":"has-post-thumbnail","6":"brand-tissot-de","7":"product_cat-uhren","8":"product_cat-tissot-de","9":"product_cat-tissot-sport","10":"product_cat-tissot-supersport-chrono","11":"pa_couleurduboitier-schwarz-de","12":"pa_couleurdubracelet-schwarz-de","13":"pa_couleurducadran-schwarz","14":"pa_dimensions-o-45-5-mm","15":"pa_etancheite-100m-de","16":"pa_forme-runden","17":"pa_garantie-24monate","18":"pa_genre-mann","19":"pa_matiere-schwarzespvd","20":"pa_matierebraceletmontre-edelstahl","21":"pa_mouvement-quarzbatterie-de","22":"pa_swissmade-ja-de","23":"pa_typedemontre-chronograph-de","24":"sales-flash-overlay","25":"woocommerce-text-align-center","26":"woocommerce-image-align-center","27":"do-quantity-buttons","29":"first","30":"instock","31":"taxable","32":"shipping-taxable","33":"purchasable","34":"product-type-simple"},"acf":[],"_links":{"self":[{"href":"https:\/\/dev.lediamant.ch\/de\/wp-json\/wp\/v2\/product\/143719","targetHints":{"allow":["GET"]}}],"collection":[{"href":"https:\/\/dev.lediamant.ch\/de\/wp-json\/wp\/v2\/product"}],"about":[{"href":"https:\/\/dev.lediamant.ch\/de\/wp-json\/wp\/v2\/types\/product"}],"wp:featuredmedia":[{"embeddable":true,"href":"https:\/\/dev.lediamant.ch\/de\/wp-json\/wp\/v2\/media\/143711"}],"wp:attachment":[{"href":"https:\/\/dev.lediamant.ch\/de\/wp-json\/wp\/v2\/media?parent=143719"}],"wp:term":[{"taxonomy":"brand","embeddable":true,"href":"https:\/\/dev.lediamant.ch\/de\/wp-json\/wp\/v2\/brand?post=143719"},{"taxonomy":"product_brand","embeddable":true,"href":"https:\/\/dev.lediamant.ch\/de\/wp-json\/wp\/v2\/product_brand?post=143719"},{"taxonomy":"product_cat","embeddable":true,"href":"https:\/\/dev.lediamant.ch\/de\/wp-json\/wp\/v2\/product_cat?post=143719"},{"taxonomy":"product_tag","embeddable":true,"href":"https:\/\/dev.lediamant.ch\/de\/wp-json\/wp\/v2\/product_tag?post=143719"}],"curies":[{"name":"wp","href":"https:\/\/api.w.org\/{rel}","templated":true}]}}