{"id":144193,"date":"2020-09-17T12:07:30","date_gmt":"2020-09-17T10:07:30","guid":{"rendered":"https:\/\/dev.lediamant.ch\/produit\/uhren-de\/hamilton-de\/jazzmaster-de\/hamilton-jazzmaster-open-heart-lady-auto-automatik-36mm-3\/"},"modified":"2020-09-17T12:07:30","modified_gmt":"2020-09-17T10:07:30","slug":"hamilton-jazzmaster-open-heart-lady-auto-automatik-36mm-3","status":"publish","type":"product","link":"https:\/\/dev.lediamant.ch\/de\/uhren\/144193-hamilton-jazzmaster-open-heart-lady-auto-automatik-36mm-3\/","title":{"rendered":"Hamilton Jazzmaster Open Heart Lady Auto Automatik | 36mm"},"content":{"rendered":"<p><span style=\"color:#1c1c1c;font-family:Montserrat, sans-serif;font-size:14px;background-color:#ffffff;\">Die Jazzmaster Open Heart 36mm kombiniert in perfekter Balance zeitgen\u00f6ssische Raffinesse und raffinierte Handwerkskunst. Die pr\u00e4zise Skelettierung enth\u00fcllt die Mechanik unseres \u201eSwiss made\u201c Automatikwerks, das die Zeit aller sch\u00f6nen Momente des Lebens einf\u00e4ngt. Eine Vielzahl von Zifferblatt- und Armbandkombinationen aus hochwertigen Materialien bietet der modernen Frau von heute verschiedene M\u00f6glichkeiten.<\/span><\/p>\n","protected":false},"excerpt":{"rendered":"<p>Die Jazzmaster Open Heart 36mm kombiniert in perfekter Balance zeitgen\u00f6ssische Raffinesse und raffinierte Handwerkskunst. Die pr\u00e4zise Skelettierung enth\u00fcllt die Mechanik unseres \u201eSwiss made\u201c Automatikwerks, das die Zeit aller sch\u00f6nen Momente des Lebens einf\u00e4ngt. Eine Vielzahl von Zifferblatt- und Armbandkombinationen aus hochwertigen Materialien bietet der modernen Frau von heute verschiedene M\u00f6glichkeiten.<\/p>\n","protected":false},"featured_media":144184,"template":"","meta":{"_acf_changed":false,"_seopress_robots_primary_cat":"","_seopress_titles_title":"","_seopress_titles_desc":"","_seopress_robots_index":""},"brand":[27085],"product_brand":[],"product_cat":[27123,27181,27243,27137],"product_tag":[],"class_list":{"0":"post-144193","1":"product","2":"type-product","3":"status-publish","4":"has-post-thumbnail","6":"brand-hamilton-de","7":"product_cat-uhren","8":"product_cat-hamilton-de","9":"product_cat-jazzmaster-de","10":"product_cat-bracelet-ajustable-de","11":"pa_couleurduboitier-grau-de","12":"pa_couleurducadran-blau","13":"pa_dimensions-oe-36","14":"pa_etancheite-50m-de","15":"pa_forme-runden","16":"pa_garantie-24monate","17":"pa_genre-frau","18":"pa_matiere-stahl","19":"pa_matierebraceletmontre-edelstahl","20":"pa_mouvement-automatik-de","21":"pa_swissmade-ja-de","22":"pa_typedemontre-skelettuhren","23":"sales-flash-overlay","24":"woocommerce-text-align-center","25":"woocommerce-image-align-center","26":"do-quantity-buttons","28":"first","29":"instock","30":"taxable","31":"shipping-taxable","32":"purchasable","33":"product-type-simple"},"acf":[],"_links":{"self":[{"href":"https:\/\/dev.lediamant.ch\/de\/wp-json\/wp\/v2\/product\/144193","targetHints":{"allow":["GET"]}}],"collection":[{"href":"https:\/\/dev.lediamant.ch\/de\/wp-json\/wp\/v2\/product"}],"about":[{"href":"https:\/\/dev.lediamant.ch\/de\/wp-json\/wp\/v2\/types\/product"}],"wp:featuredmedia":[{"embeddable":true,"href":"https:\/\/dev.lediamant.ch\/de\/wp-json\/wp\/v2\/media\/144184"}],"wp:attachment":[{"href":"https:\/\/dev.lediamant.ch\/de\/wp-json\/wp\/v2\/media?parent=144193"}],"wp:term":[{"taxonomy":"brand","embeddable":true,"href":"https:\/\/dev.lediamant.ch\/de\/wp-json\/wp\/v2\/brand?post=144193"},{"taxonomy":"product_brand","embeddable":true,"href":"https:\/\/dev.lediamant.ch\/de\/wp-json\/wp\/v2\/product_brand?post=144193"},{"taxonomy":"product_cat","embeddable":true,"href":"https:\/\/dev.lediamant.ch\/de\/wp-json\/wp\/v2\/product_cat?post=144193"},{"taxonomy":"product_tag","embeddable":true,"href":"https:\/\/dev.lediamant.ch\/de\/wp-json\/wp\/v2\/product_tag?post=144193"}],"curies":[{"name":"wp","href":"https:\/\/api.w.org\/{rel}","templated":true}]}}