{"id":144481,"date":"2020-09-17T12:17:22","date_gmt":"2020-09-17T10:17:22","guid":{"rendered":"https:\/\/dev.lediamant.ch\/produit\/uhren-de\/hamilton-de\/american-classic-de\/hamilton-american-classic-psr-digital-quartz-408mm-x-347mm\/"},"modified":"2025-02-14T13:09:27","modified_gmt":"2025-02-14T12:09:27","slug":"hamilton-american-classic-psr-digital-quartz-408mm-x-347mm","status":"publish","type":"product","link":"https:\/\/dev.lediamant.ch\/de\/uhren\/144481-hamilton-american-classic-psr-digital-quartz-h52414130\/","title":{"rendered":"Hamilton American Classic PSR Digital Quarz 40,8mm x 34,7mm"},"content":{"rendered":"<p>1970 stellte die Marke mit der Einf\u00fchrung der Hamilton Pulsar die Codes der Uhrmacherei auf den Kopf. F\u00fcnfzig Jahre sp\u00e4ter ist die Hamilton PSR eine Hommage an diese erste Digitaluhr. Mit seiner Hybridanzeige und seinem Edelstahlgeh\u00e4use ist dieses emblematische Modell wieder auf dem Vormarsch.<\/p>\n","protected":false},"excerpt":{"rendered":"<p>1970 stellte die Marke mit der Einf\u00fchrung der Hamilton Pulsar die Codes der Uhrmacherei auf den Kopf. F\u00fcnfzig Jahre sp\u00e4ter ist die Hamilton PSR eine Hommage an diese erste Digitaluhr. Mit seiner Hybridanzeige und seinem Edelstahlgeh\u00e4use ist dieses emblematische Modell wieder auf dem Vormarsch.<\/p>\n","protected":false},"featured_media":144467,"template":"","meta":{"_acf_changed":false,"_seopress_robots_primary_cat":"27181","_seopress_titles_title":"","_seopress_titles_desc":"Entdecken Sie die Hamilton PSR, eine moderne Hommage an die erste Digitaluhr, die Pulsar aus dem Jahr 1970. Hybrid-Design, Geh\u00e4use aus Stahl. Ein Klassiker in neuem Gewand.","_seopress_robots_index":""},"brand":[27085],"product_brand":[],"product_cat":[27123,27181,27201,27137],"product_tag":[],"class_list":{"0":"post-144481","1":"product","2":"type-product","3":"status-publish","4":"has-post-thumbnail","6":"brand-hamilton-de","7":"product_cat-uhren","8":"product_cat-hamilton-de","9":"product_cat-american-classic","10":"product_cat-bracelet-ajustable-de","11":"pa_couleurduboitier-grau-de","12":"pa_couleurdubracelet-grau-de","13":"pa_couleurducadran-rot","14":"pa_dimensions-408-x-347-mm","15":"pa_etancheite-100m-de","16":"pa_forme-rechteckig-de","17":"pa_garantie-24monate","18":"pa_genre-mann","19":"pa_matiere-stahl","20":"pa_matierebraceletmontre-edelstahl","21":"pa_mouvement-quarzbatterie-de","22":"pa_swissmade-ja-de","23":"pa_typedemontre-digitaluhren","24":"pa_verre-saphir-de","25":"sales-flash-overlay","26":"woocommerce-text-align-center","27":"woocommerce-image-align-center","28":"do-quantity-buttons","30":"first","31":"instock","32":"taxable","33":"shipping-taxable","34":"purchasable","35":"product-type-simple"},"acf":[],"_links":{"self":[{"href":"https:\/\/dev.lediamant.ch\/de\/wp-json\/wp\/v2\/product\/144481","targetHints":{"allow":["GET"]}}],"collection":[{"href":"https:\/\/dev.lediamant.ch\/de\/wp-json\/wp\/v2\/product"}],"about":[{"href":"https:\/\/dev.lediamant.ch\/de\/wp-json\/wp\/v2\/types\/product"}],"wp:featuredmedia":[{"embeddable":true,"href":"https:\/\/dev.lediamant.ch\/de\/wp-json\/wp\/v2\/media\/144467"}],"wp:attachment":[{"href":"https:\/\/dev.lediamant.ch\/de\/wp-json\/wp\/v2\/media?parent=144481"}],"wp:term":[{"taxonomy":"brand","embeddable":true,"href":"https:\/\/dev.lediamant.ch\/de\/wp-json\/wp\/v2\/brand?post=144481"},{"taxonomy":"product_brand","embeddable":true,"href":"https:\/\/dev.lediamant.ch\/de\/wp-json\/wp\/v2\/product_brand?post=144481"},{"taxonomy":"product_cat","embeddable":true,"href":"https:\/\/dev.lediamant.ch\/de\/wp-json\/wp\/v2\/product_cat?post=144481"},{"taxonomy":"product_tag","embeddable":true,"href":"https:\/\/dev.lediamant.ch\/de\/wp-json\/wp\/v2\/product_tag?post=144481"}],"curies":[{"name":"wp","href":"https:\/\/api.w.org\/{rel}","templated":true}]}}