{"id":144543,"date":"2020-09-17T12:19:35","date_gmt":"2020-09-17T10:19:35","guid":{"rendered":"https:\/\/dev.lediamant.ch\/produit\/uhren-de\/hamilton-de\/khaki-field-de\/hamilton-khaki-field-titanium-auto-automatik-42mm-2\/"},"modified":"2020-09-17T12:19:35","modified_gmt":"2020-09-17T10:19:35","slug":"hamilton-khaki-field-titanium-auto-automatik-42mm-2","status":"publish","type":"product","link":"https:\/\/dev.lediamant.ch\/de\/uhren\/144543-hamilton-khaki-field-titanium-auto-automatik-42mm-2\/","title":{"rendered":"Hamilton Khaki Field Titanium Auto Automatik | 42mm"},"content":{"rendered":"<p><span style=\"color:#1c1c1c;font-family:Montserrat, sans-serif;font-size:14px;background-color:#ffffff;\">\u00dcber 100 Jahre lang lieferte Hamilton Tausende von Uhren an das Milit\u00e4r. Heute nutzen wir diese Erfahrung, um Khaki Field Uhren f\u00fcr das moderne Leben zu kreieren. Mit einer Kombination aus leichtem Gewicht, Funktionalit\u00e4t und milit\u00e4rischem Stil ist die neue Khaki Field Titanium Auto jederzeit einsatzbereit.<\/span><\/p>\n","protected":false},"excerpt":{"rendered":"<p>\u00dcber 100 Jahre lang lieferte Hamilton Tausende von Uhren an das Milit\u00e4r. Heute nutzen wir diese Erfahrung, um Khaki Field Uhren f\u00fcr das moderne Leben zu kreieren. Mit einer Kombination aus leichtem Gewicht, Funktionalit\u00e4t und milit\u00e4rischem Stil ist die neue Khaki Field Titanium Auto jederzeit einsatzbereit.<\/p>\n","protected":false},"featured_media":144532,"template":"","meta":{"_acf_changed":false,"_seopress_robots_primary_cat":"","_seopress_titles_title":"","_seopress_titles_desc":"","_seopress_robots_index":""},"brand":[27085],"product_brand":[],"product_cat":[27123,27181,27291],"product_tag":[],"class_list":{"0":"post-144543","1":"product","2":"type-product","3":"status-publish","4":"has-post-thumbnail","6":"brand-hamilton-de","7":"product_cat-uhren","8":"product_cat-hamilton-de","9":"product_cat-khaki-field-de","10":"pa_couleurdubracelet-braun-de","11":"pa_couleurducadran-schwarz","12":"pa_etancheite-100m-de","13":"pa_forme-runden","14":"pa_garantie-24monate","15":"pa_genre-mann","16":"pa_matiere-titan","17":"pa_matierebraceletmontre-leder","18":"pa_mouvement-automatik-de","19":"pa_swissmade-ja-de","20":"sales-flash-overlay","21":"woocommerce-text-align-center","22":"woocommerce-image-align-center","23":"do-quantity-buttons","25":"first","26":"instock","27":"taxable","28":"shipping-taxable","29":"purchasable","30":"product-type-simple"},"acf":[],"_links":{"self":[{"href":"https:\/\/dev.lediamant.ch\/de\/wp-json\/wp\/v2\/product\/144543","targetHints":{"allow":["GET"]}}],"collection":[{"href":"https:\/\/dev.lediamant.ch\/de\/wp-json\/wp\/v2\/product"}],"about":[{"href":"https:\/\/dev.lediamant.ch\/de\/wp-json\/wp\/v2\/types\/product"}],"wp:featuredmedia":[{"embeddable":true,"href":"https:\/\/dev.lediamant.ch\/de\/wp-json\/wp\/v2\/media\/144532"}],"wp:attachment":[{"href":"https:\/\/dev.lediamant.ch\/de\/wp-json\/wp\/v2\/media?parent=144543"}],"wp:term":[{"taxonomy":"brand","embeddable":true,"href":"https:\/\/dev.lediamant.ch\/de\/wp-json\/wp\/v2\/brand?post=144543"},{"taxonomy":"product_brand","embeddable":true,"href":"https:\/\/dev.lediamant.ch\/de\/wp-json\/wp\/v2\/product_brand?post=144543"},{"taxonomy":"product_cat","embeddable":true,"href":"https:\/\/dev.lediamant.ch\/de\/wp-json\/wp\/v2\/product_cat?post=144543"},{"taxonomy":"product_tag","embeddable":true,"href":"https:\/\/dev.lediamant.ch\/de\/wp-json\/wp\/v2\/product_tag?post=144543"}],"curies":[{"name":"wp","href":"https:\/\/api.w.org\/{rel}","templated":true}]}}