{"id":144627,"date":"2020-09-17T12:22:37","date_gmt":"2020-09-17T10:22:37","guid":{"rendered":"https:\/\/dev.lediamant.ch\/produit\/uhren-de\/hamilton-de\/khaki-aviation-de\/hamilton-khaki-aviation-converter-auto-gmt-automatik-44mm\/"},"modified":"2020-09-17T12:22:37","modified_gmt":"2020-09-17T10:22:37","slug":"hamilton-khaki-aviation-converter-auto-gmt-automatik-44mm","status":"publish","type":"product","link":"https:\/\/dev.lediamant.ch\/de\/uhren\/144627-hamilton-khaki-aviation-converter-auto-gmt-automatik-44mm\/","title":{"rendered":"Hamilton Khaki Aviation Converter Auto GMT Automatik | 44mm"},"content":{"rendered":"<p><span style=\"color:#1c1c1c;font-family:Montserrat, sans-serif;font-size:14px;background-color:#ffffff;\">Die Khaki Aviation Converter GMT gestaltet Ihnen das Bereisen der Welt einfach. Eine beidseitig drehbare Rechenschieber-L\u00fcnette kalkuliert Umrechnungen zwischen Ma\u00dfeinheiten und W\u00e4hrungen, und eine GMT-Funktion stellt sicher, dass Sie in keiner Zeitzone zu sp\u00e4t kommen. Mit 80 Stunden Gangreserve bringt Sie diese edle Fliegeruhr mit 44mm Durchmesser garantiert stilvoll vom Cockpit in den Konferenzraum.<\/span><\/p>\n","protected":false},"excerpt":{"rendered":"<p>Die Khaki Aviation Converter GMT gestaltet Ihnen das Bereisen der Welt einfach. Eine beidseitig drehbare Rechenschieber-L\u00fcnette kalkuliert Umrechnungen zwischen Ma\u00dfeinheiten und W\u00e4hrungen, und eine GMT-Funktion stellt sicher, dass Sie in keiner Zeitzone zu sp\u00e4t kommen. Mit 80 Stunden Gangreserve bringt Sie diese edle Fliegeruhr mit 44mm Durchmesser garantiert stilvoll vom Cockpit in den Konferenzraum.<\/p>\n","protected":false},"featured_media":144616,"template":"","meta":{"_acf_changed":false,"_seopress_robots_primary_cat":"","_seopress_titles_title":"","_seopress_titles_desc":"","_seopress_robots_index":""},"brand":[27085],"product_brand":[],"product_cat":[27125,27153,27213,27123,27181,27269,27137],"product_tag":[],"class_list":{"0":"post-144627","1":"product","2":"type-product","3":"status-publish","4":"has-post-thumbnail","6":"brand-hamilton-de","7":"product_cat-geschenkideen","8":"product_cat-valentinstag-de","9":"product_cat-auswahl-fuer-ihn-de","10":"product_cat-uhren","11":"product_cat-hamilton-de","12":"product_cat-khaki-aviation-de","13":"product_cat-bracelet-ajustable-de","14":"pa_couleurduboitier-grau-de","15":"pa_couleurducadran-blau","16":"pa_etancheite-100m-de","17":"pa_forme-runden","18":"pa_garantie-24monate","19":"pa_genre-mann","20":"pa_matiere-stahl","21":"pa_matierebraceletmontre-edelstahl","22":"pa_mouvement-automatik-de","23":"pa_swissmade-ja-de","24":"pa_typedemontre-fliegeruhren","25":"pa_typedemontre-gmt-de","26":"sales-flash-overlay","27":"woocommerce-text-align-center","28":"woocommerce-image-align-center","29":"do-quantity-buttons","31":"first","32":"instock","33":"taxable","34":"shipping-taxable","35":"purchasable","36":"product-type-simple"},"acf":[],"_links":{"self":[{"href":"https:\/\/dev.lediamant.ch\/de\/wp-json\/wp\/v2\/product\/144627","targetHints":{"allow":["GET"]}}],"collection":[{"href":"https:\/\/dev.lediamant.ch\/de\/wp-json\/wp\/v2\/product"}],"about":[{"href":"https:\/\/dev.lediamant.ch\/de\/wp-json\/wp\/v2\/types\/product"}],"wp:featuredmedia":[{"embeddable":true,"href":"https:\/\/dev.lediamant.ch\/de\/wp-json\/wp\/v2\/media\/144616"}],"wp:attachment":[{"href":"https:\/\/dev.lediamant.ch\/de\/wp-json\/wp\/v2\/media?parent=144627"}],"wp:term":[{"taxonomy":"brand","embeddable":true,"href":"https:\/\/dev.lediamant.ch\/de\/wp-json\/wp\/v2\/brand?post=144627"},{"taxonomy":"product_brand","embeddable":true,"href":"https:\/\/dev.lediamant.ch\/de\/wp-json\/wp\/v2\/product_brand?post=144627"},{"taxonomy":"product_cat","embeddable":true,"href":"https:\/\/dev.lediamant.ch\/de\/wp-json\/wp\/v2\/product_cat?post=144627"},{"taxonomy":"product_tag","embeddable":true,"href":"https:\/\/dev.lediamant.ch\/de\/wp-json\/wp\/v2\/product_tag?post=144627"}],"curies":[{"name":"wp","href":"https:\/\/api.w.org\/{rel}","templated":true}]}}