{"id":145974,"date":"2020-10-07T16:08:39","date_gmt":"2020-10-07T14:08:39","guid":{"rendered":"https:\/\/dev.lediamant.ch\/produit\/schmuck-de\/ringe-de\/solitaer-ringe-de\/solitaerring-platin-950-mit-diamant-6-griff-025-ct-h-si-2\/"},"modified":"2026-03-13T16:16:42","modified_gmt":"2026-03-13T15:16:42","slug":"bague-solitaire-platine-950-avec-diamant-6-griffes-025-ct-h-si","status":"publish","type":"product","link":"https:\/\/dev.lediamant.ch\/de\/schmuck\/145974-solitaerring-platin-950-mit-diamant-6-griff-025-ct-h-si-2\/","title":{"rendered":"0,25 ct. Diamant Solit\u00e4rring Platin 950"},"content":{"rendered":"<p>Entdecken Sie unseren eleganten Solit\u00e4rring, der aus 950er Platin gefertigt wurde, um einen au\u00dfergew\u00f6hnlichen Glanz und eine unvergleichliche Robustheit zu gew\u00e4hrleisten. Das Schmuckst\u00fcck ist mit einem wundersch\u00f6nen Diamanten von 0,25 ct verziert, der sorgf\u00e4ltig mit sechs Krappen gefasst wurde, um eine optimale Sicherheit zu gew\u00e4hrleisten. Der Diamant der Qualit\u00e4t H SI verleiht diesem Ring einen Hauch von Luxus und Glanz. Er ist die perfekte Wahl f\u00fcr einen Heiratsantrag, einen Jahrestag oder einfach als unvergesslicher Ausdruck Ihrer Liebe.<\/p>\n","protected":false},"excerpt":{"rendered":"<p>Entdecken Sie unseren eleganten Solit\u00e4rring, der aus 950er Platin gefertigt wurde, um einen au\u00dfergew\u00f6hnlichen Glanz und eine unvergleichliche Robustheit zu gew\u00e4hrleisten. Das Schmuckst\u00fcck ist mit einem wundersch\u00f6nen Diamanten von 0,25 ct verziert, der sorgf\u00e4ltig mit sechs Krappen gefasst wurde, um eine optimale Sicherheit zu gew\u00e4hrleisten. Der Diamant der Qualit\u00e4t H SI verleiht diesem Ring einen &#8230; <a title=\"0,25 ct. Diamant Solit\u00e4rring Platin 950\" class=\"read-more\" href=\"https:\/\/dev.lediamant.ch\/de\/schmuck\/145974-solitaerring-platin-950-mit-diamant-6-griff-025-ct-h-si-2\/\" aria-label=\"Mehr Informationen \u00fcber 0,25 ct. Diamant Solit\u00e4rring Platin 950\">Weiterlesen &#8230;<\/a><\/p>\n","protected":false},"featured_media":226578,"template":"","meta":{"_acf_changed":false,"_seopress_robots_primary_cat":"27237","_seopress_titles_title":"","_seopress_titles_desc":"","_seopress_robots_index":""},"brand":[41911],"product_brand":[],"product_cat":[42439,27121,27139,27237,27127],"product_tag":[],"class_list":{"0":"post-145974","1":"product","2":"type-product","3":"status-publish","4":"has-post-thumbnail","6":"brand-diamonds-jewellery-de","7":"product_cat-6-griff","8":"product_cat-schmuck","9":"product_cat-ringe","10":"product_cat-solitar-ringe","11":"product_cat-verlobungsringe","12":"pa_garantie-12monate","13":"pa_genre-frau","14":"pa_matiere-platin950","15":"pa_pierres-diamant-de","16":"pa_tailledebague-48-de","17":"pa_tailledebague-50-de","18":"pa_tailledebague-52-de","19":"pa_tailledebague-54-de","20":"pa_tailledebague-56-de","21":"pa_typedesertissage-6_grifffassung-de","22":"sales-flash-overlay","23":"woocommerce-text-align-center","24":"woocommerce-image-align-center","25":"do-quantity-buttons","27":"first","28":"instock","29":"taxable","30":"shipping-taxable","31":"purchasable","32":"product-type-variable","33":"has-default-attributes"},"acf":[],"_links":{"self":[{"href":"https:\/\/dev.lediamant.ch\/de\/wp-json\/wp\/v2\/product\/145974","targetHints":{"allow":["GET"]}}],"collection":[{"href":"https:\/\/dev.lediamant.ch\/de\/wp-json\/wp\/v2\/product"}],"about":[{"href":"https:\/\/dev.lediamant.ch\/de\/wp-json\/wp\/v2\/types\/product"}],"wp:featuredmedia":[{"embeddable":true,"href":"https:\/\/dev.lediamant.ch\/de\/wp-json\/wp\/v2\/media\/226578"}],"wp:attachment":[{"href":"https:\/\/dev.lediamant.ch\/de\/wp-json\/wp\/v2\/media?parent=145974"}],"wp:term":[{"taxonomy":"brand","embeddable":true,"href":"https:\/\/dev.lediamant.ch\/de\/wp-json\/wp\/v2\/brand?post=145974"},{"taxonomy":"product_brand","embeddable":true,"href":"https:\/\/dev.lediamant.ch\/de\/wp-json\/wp\/v2\/product_brand?post=145974"},{"taxonomy":"product_cat","embeddable":true,"href":"https:\/\/dev.lediamant.ch\/de\/wp-json\/wp\/v2\/product_cat?post=145974"},{"taxonomy":"product_tag","embeddable":true,"href":"https:\/\/dev.lediamant.ch\/de\/wp-json\/wp\/v2\/product_tag?post=145974"}],"curies":[{"name":"wp","href":"https:\/\/api.w.org\/{rel}","templated":true}]}}