{"id":146335,"date":"2020-11-09T01:01:43","date_gmt":"2020-11-09T00:01:43","guid":{"rendered":"https:\/\/dev.lediamant.ch\/produit\/uhren-de\/tissot-de\/tissot-t-classic-de\/tissot-classic-dream-de\/tissot-classic-dream-3\/"},"modified":"2020-11-09T01:01:43","modified_gmt":"2020-11-09T00:01:43","slug":"tissot-classic-dream-3","status":"publish","type":"product","link":"https:\/\/dev.lediamant.ch\/de\/uhren\/146335-tissot-classic-dream-3\/","title":{"rendered":"TISSOT CLASSIC DREAM"},"content":{"rendered":"<p>Die beliebte Tissot Classic Dream Kollektion wurde \u00fcberarbeitet und mit einem neuen Design ausgestattet. An dem urspr\u00fcnglichen Ziel als klassische und elegante Uhr f\u00fcr jeden Tag zu dienen hat sich allerdings nichts ge\u00e4ndert. Der zeitlose Stil macht die Uhr zu einem immerw\u00e4hrenden Klassiker. Die Classic Dream verf\u00fcgt \u00fcber ein Swiss-Made Quartzwerk. Das Zifferblatt mit Datumsanzeige und r\u00f6mischen Ziffern geben der Uhr einen klassischen Schliff. Dieses Modell verf\u00fcgt \u00fcber ein 316L-Edelstahlgeh\u00e4use und ein wei\u00dfes Zifferblatt, welches von einem kratzfestem Saphirglas gesch\u00fctzt wird. Das braune Lederarmband besitzt eine Standardschlie\u00dfe.<\/p>\n","protected":false},"excerpt":{"rendered":"<p>Die beliebte Tissot Classic Dream Kollektion wurde \u00fcberarbeitet und mit einem neuen Design ausgestattet. An dem urspr\u00fcnglichen Ziel als klassische und elegante Uhr f\u00fcr jeden Tag zu dienen hat sich allerdings nichts ge\u00e4ndert. Der zeitlose Stil macht die Uhr zu einem immerw\u00e4hrenden Klassiker. Die Classic Dream verf\u00fcgt \u00fcber ein Swiss-Made Quartzwerk. Das Zifferblatt mit Datumsanzeige &#8230; <a title=\"TISSOT CLASSIC DREAM\" class=\"read-more\" href=\"https:\/\/dev.lediamant.ch\/de\/uhren\/146335-tissot-classic-dream-3\/\" aria-label=\"Mehr Informationen \u00fcber TISSOT CLASSIC DREAM\">Weiterlesen &#8230;<\/a><\/p>\n","protected":false},"featured_media":146322,"template":"","meta":{"_acf_changed":false,"_seopress_robots_primary_cat":"","_seopress_titles_title":"","_seopress_titles_desc":"","_seopress_robots_index":""},"brand":[27087],"product_brand":[],"product_cat":[27123,27159,27245,27495],"product_tag":[],"class_list":{"0":"post-146335","1":"product","2":"type-product","3":"status-publish","4":"has-post-thumbnail","6":"brand-tissot-de","7":"product_cat-uhren","8":"product_cat-tissot-de","9":"product_cat-tissot-classic","10":"product_cat-tissot-classic-dream","11":"pa_couleurduboitier-grau-de","12":"pa_couleurdubracelet-braun-de","13":"pa_couleurducadran-weiss","14":"pa_dimensions-o-42-mm","15":"pa_etancheite-50m-de","16":"pa_forme-runden","17":"pa_garantie-24monate","18":"pa_genre-mann","19":"pa_matiere-stahl","20":"pa_matierebraceletmontre-leder","21":"pa_mouvement-quarzbatterie-de","22":"pa_swissmade-ja-de","23":"sales-flash-overlay","24":"woocommerce-text-align-center","25":"woocommerce-image-align-center","26":"do-quantity-buttons","28":"first","29":"instock","30":"taxable","31":"shipping-taxable","32":"purchasable","33":"product-type-simple"},"acf":[],"_links":{"self":[{"href":"https:\/\/dev.lediamant.ch\/de\/wp-json\/wp\/v2\/product\/146335","targetHints":{"allow":["GET"]}}],"collection":[{"href":"https:\/\/dev.lediamant.ch\/de\/wp-json\/wp\/v2\/product"}],"about":[{"href":"https:\/\/dev.lediamant.ch\/de\/wp-json\/wp\/v2\/types\/product"}],"wp:featuredmedia":[{"embeddable":true,"href":"https:\/\/dev.lediamant.ch\/de\/wp-json\/wp\/v2\/media\/146322"}],"wp:attachment":[{"href":"https:\/\/dev.lediamant.ch\/de\/wp-json\/wp\/v2\/media?parent=146335"}],"wp:term":[{"taxonomy":"brand","embeddable":true,"href":"https:\/\/dev.lediamant.ch\/de\/wp-json\/wp\/v2\/brand?post=146335"},{"taxonomy":"product_brand","embeddable":true,"href":"https:\/\/dev.lediamant.ch\/de\/wp-json\/wp\/v2\/product_brand?post=146335"},{"taxonomy":"product_cat","embeddable":true,"href":"https:\/\/dev.lediamant.ch\/de\/wp-json\/wp\/v2\/product_cat?post=146335"},{"taxonomy":"product_tag","embeddable":true,"href":"https:\/\/dev.lediamant.ch\/de\/wp-json\/wp\/v2\/product_tag?post=146335"}],"curies":[{"name":"wp","href":"https:\/\/api.w.org\/{rel}","templated":true}]}}