{"id":147465,"date":"2021-03-12T14:16:22","date_gmt":"2021-03-12T13:16:22","guid":{"rendered":"https:\/\/dev.lediamant.ch\/produit\/uhren-de\/hamilton-de\/american-classic-de\/hamilton-american-classic-intra-matic-chronograph-handaufzug-40mm\/"},"modified":"2021-03-12T14:16:22","modified_gmt":"2021-03-12T13:16:22","slug":"hamilton-american-classic-intra-matic-chronograph-handaufzug-40mm","status":"publish","type":"product","link":"https:\/\/dev.lediamant.ch\/de\/uhren\/147465-hamilton-american-classic-intra-matic-chronograph-handaufzug-40mm\/","title":{"rendered":"Hamilton American Classic Intra-Matic Chronograph Handaufzug | 40mm"},"content":{"rendered":"<p><span style=\"color:#1c1c1c;font-family:Montserrat, sans-serif;font-size:14px;background-color:#ffffff;\">Sp\u00fcren Sie die Emotionen der Uhrmacherkunst jedes Mal, wenn Sie Ihren Intra-Matic Chronograph H aufziehen. Angetrieben von unserem neuen exklusiven Handaufzugs-Chronographenwerk H-51, ist dies ein Zeitmesser mit Seele. Ein beidseitig entspiegeltes, gew\u00f6lbtes Saphirglas sch\u00fctzt unser unverwechselbares Panda-Zifferblatt und verleiht dieser mechanischen Ausf\u00fchrung des beliebten Vintage-Modells noch mehr Authentizit\u00e4t.<\/span><\/p>\n","protected":false},"excerpt":{"rendered":"<p>Sp\u00fcren Sie die Emotionen der Uhrmacherkunst jedes Mal, wenn Sie Ihren Intra-Matic Chronograph H aufziehen. Angetrieben von unserem neuen exklusiven Handaufzugs-Chronographenwerk H-51, ist dies ein Zeitmesser mit Seele. Ein beidseitig entspiegeltes, gew\u00f6lbtes Saphirglas sch\u00fctzt unser unverwechselbares Panda-Zifferblatt und verleiht dieser mechanischen Ausf\u00fchrung des beliebten Vintage-Modells noch mehr Authentizit\u00e4t.<\/p>\n","protected":false},"featured_media":147452,"template":"","meta":{"_acf_changed":false,"_seopress_robots_primary_cat":"","_seopress_titles_title":"","_seopress_titles_desc":"","_seopress_robots_index":""},"brand":[27085],"product_brand":[],"product_cat":[27123,27181,27201],"product_tag":[],"class_list":{"0":"post-147465","1":"product","2":"type-product","3":"status-publish","4":"has-post-thumbnail","6":"brand-hamilton-de","7":"product_cat-uhren","8":"product_cat-hamilton-de","9":"product_cat-american-classic","10":"pa_couleurduboitier-grau-de","11":"pa_couleurdubracelet-schwarz-de","12":"pa_couleurducadran-schwarz","13":"pa_etancheite-100m-de","14":"pa_forme-runden","15":"pa_garantie-24monate","16":"pa_genre-mann","17":"pa_matiere-stahl","18":"pa_matierebraceletmontre-leder","19":"pa_mouvement-mechanik","20":"pa_swissmade-ja-de","21":"pa_typedemontre-chronograph-de","22":"pa_typedemontre-uhrenmithandaufzug","23":"sales-flash-overlay","24":"woocommerce-text-align-center","25":"woocommerce-image-align-center","26":"do-quantity-buttons","28":"first","29":"instock","30":"taxable","31":"shipping-taxable","32":"purchasable","33":"product-type-simple"},"acf":[],"_links":{"self":[{"href":"https:\/\/dev.lediamant.ch\/de\/wp-json\/wp\/v2\/product\/147465","targetHints":{"allow":["GET"]}}],"collection":[{"href":"https:\/\/dev.lediamant.ch\/de\/wp-json\/wp\/v2\/product"}],"about":[{"href":"https:\/\/dev.lediamant.ch\/de\/wp-json\/wp\/v2\/types\/product"}],"wp:featuredmedia":[{"embeddable":true,"href":"https:\/\/dev.lediamant.ch\/de\/wp-json\/wp\/v2\/media\/147452"}],"wp:attachment":[{"href":"https:\/\/dev.lediamant.ch\/de\/wp-json\/wp\/v2\/media?parent=147465"}],"wp:term":[{"taxonomy":"brand","embeddable":true,"href":"https:\/\/dev.lediamant.ch\/de\/wp-json\/wp\/v2\/brand?post=147465"},{"taxonomy":"product_brand","embeddable":true,"href":"https:\/\/dev.lediamant.ch\/de\/wp-json\/wp\/v2\/product_brand?post=147465"},{"taxonomy":"product_cat","embeddable":true,"href":"https:\/\/dev.lediamant.ch\/de\/wp-json\/wp\/v2\/product_cat?post=147465"},{"taxonomy":"product_tag","embeddable":true,"href":"https:\/\/dev.lediamant.ch\/de\/wp-json\/wp\/v2\/product_tag?post=147465"}],"curies":[{"name":"wp","href":"https:\/\/api.w.org\/{rel}","templated":true}]}}