{"id":147846,"date":"2021-03-29T14:23:53","date_gmt":"2021-03-29T12:23:53","guid":{"rendered":"https:\/\/dev.lediamant.ch\/produit\/trauringe-de\/trauringe-eheringe-weissgold-750-18-kt\/"},"modified":"2021-03-29T14:23:53","modified_gmt":"2021-03-29T12:23:53","slug":"trauringe-eheringe-weissgold-750-18-kt","status":"publish","type":"product","link":"https:\/\/dev.lediamant.ch\/de\/trauringe\/147846-trauringe-eheringe-weissgold-750-18-kt\/","title":{"rendered":"Trauringe \/ Eheringe Wei\u00dfgold 750 \/ 18 kt"},"content":{"rendered":"<p>Paar Trauringe in Wei\u00dfgold 750 \/ 18k. Die Breite des Ringes betr\u00e4gt 4,5 mm mit 1 Diamanten 0,04 Karat auf weibliches Modell.<\/p>\n<p>Um den gl\u00fccklichsten Tag Ihres Lebens zu begleiten, Trauringe in luxuri\u00f6sem Fall werden mit einer Bescheinigung \u00fcber die authencitit\u00e9. Personalisierte Gravur zur Verf\u00fcgung.<\/p>\n<p>Die Allianz ist das Juwel des Lebens. Z\u00f6gern Sie nicht, unser Team zu kontaktieren pers\u00f6nliche Beratung zu bekommen. F\u00fcr Ihre Armaturen, freuen wir uns, Sie in unserem Gesch\u00e4ft in La Chaux-de-Fonds zu begr\u00fc\u00dfen und begleiten Sie in dieser denkw\u00fcrdige Phase der Vorbereitungen f\u00fcr Ihre Hochzeit.<\/p>\n","protected":false},"excerpt":{"rendered":"<p><\/p>\n","protected":false},"featured_media":147840,"template":"","meta":{"_acf_changed":false,"_seopress_robots_primary_cat":"","_seopress_titles_title":"Trauringe Wei\u00dfgold 750 | Ringbreite 4.5 mm | Le Diamant","_seopress_titles_desc":"Paar Trauringe aus Wei\u00dfgold mit Diamant | Goldringe 750 \/ 18 kt | Kostenlose Gravur | Bijouterie Le Diamant online und in La Chaux-de-Fonds","_seopress_robots_index":""},"brand":[27089],"product_brand":[],"product_cat":[27129],"product_tag":[],"class_list":{"0":"post-147846","1":"product","2":"type-product","3":"status-publish","4":"has-post-thumbnail","6":"brand-gold-jewellery-de","7":"product_cat-trauringe","8":"pa_choixdesalliances-paar","9":"pa_choixdesalliances-damen","10":"pa_choixdesalliances-herren","11":"pa_garantie-12monate","12":"pa_largeur-4-5-mm","13":"pa_matiere-weissgold","14":"pa_pierresmodeledame-diamant-de","15":"sales-flash-overlay","16":"woocommerce-text-align-center","17":"woocommerce-image-align-center","18":"do-quantity-buttons","20":"first","21":"instock","22":"taxable","23":"shipping-taxable","24":"purchasable","25":"product-type-variable","26":"has-default-attributes"},"acf":[],"_links":{"self":[{"href":"https:\/\/dev.lediamant.ch\/de\/wp-json\/wp\/v2\/product\/147846","targetHints":{"allow":["GET"]}}],"collection":[{"href":"https:\/\/dev.lediamant.ch\/de\/wp-json\/wp\/v2\/product"}],"about":[{"href":"https:\/\/dev.lediamant.ch\/de\/wp-json\/wp\/v2\/types\/product"}],"wp:featuredmedia":[{"embeddable":true,"href":"https:\/\/dev.lediamant.ch\/de\/wp-json\/wp\/v2\/media\/147840"}],"wp:attachment":[{"href":"https:\/\/dev.lediamant.ch\/de\/wp-json\/wp\/v2\/media?parent=147846"}],"wp:term":[{"taxonomy":"brand","embeddable":true,"href":"https:\/\/dev.lediamant.ch\/de\/wp-json\/wp\/v2\/brand?post=147846"},{"taxonomy":"product_brand","embeddable":true,"href":"https:\/\/dev.lediamant.ch\/de\/wp-json\/wp\/v2\/product_brand?post=147846"},{"taxonomy":"product_cat","embeddable":true,"href":"https:\/\/dev.lediamant.ch\/de\/wp-json\/wp\/v2\/product_cat?post=147846"},{"taxonomy":"product_tag","embeddable":true,"href":"https:\/\/dev.lediamant.ch\/de\/wp-json\/wp\/v2\/product_tag?post=147846"}],"curies":[{"name":"wp","href":"https:\/\/api.w.org\/{rel}","templated":true}]}}